{"id":3314,"date":"2023-09-24T09:13:02","date_gmt":"2023-09-24T12:13:02","guid":{"rendered":"http:\/\/retalhos.net\/dice\/?page_id=3314"},"modified":"2024-02-19T18:10:04","modified_gmt":"2024-02-19T21:10:04","slug":"jazigo-perpetuo","status":"publish","type":"page","link":"https:\/\/retalhos.net\/dice\/jazigo-perpetuo\/","title":{"rendered":"Jazigo Perp\u00e9tuo"},"content":{"rendered":"<blockquote>\n<h5><span style=\"color: #003300;\">Luiza<\/span><\/h5>\n<h5><span style=\"color: #003300;\">Seguem os passos para transferir para teu nome 50% do Carneiro solo 68 carneiro 53 pertencentes a teu pai Jo\u00e3o Freire Diogo<\/span><\/h5>\n<h5><span style=\"color: #003300;\">Informa\u00e7\u00f5es do funcion\u00e1rio Guido em 22\/11\/2023<\/span><\/h5>\n<\/blockquote>\n<h5><span style=\"color: #003300;\">1. Solicitar Certid\u00e3o de Valor Venal.<\/span><\/h5>\n<h5><span style=\"color: #003300;\">Cemit\u00e9rio Filosofia fica sediado no endere\u00e7o Praca Rui Lugo Vina no bairro Sabo\u00f3 na cidade de Santos, CEP 11085-030.<\/span><\/h5>\n<h5><span style=\"color: #003300;\">Na Administra\u00e7\u00e3o do Cemit\u00e9rio da Filosofia solicitar a certid\u00e3o do Valor Venal atual (expedido de 60 a 70 dias)<\/span><\/h5>\n<h5><span style=\"color: #003300;\">O advogado dever\u00e1 comparecer munido da procura\u00e7\u00e3o, identidade e comprovante de resid\u00eancia.<\/span><\/h5>\n<h5><span style=\"color: #003300;\">Solicitar tamb\u00e9m a Certid\u00e3o 95\/2004 emitida em 01\/4\/2004 que deve ser fornecida no ato (esta certid\u00e3o dever\u00e1<\/span><\/h5>\n<h5><span style=\"color: #003300;\">ser apresentada ao Juiz para requerer alvar\u00e1.<\/span><\/h5>\n<h5><span style=\"color: #003300;\">2. Enquanto n\u00e3o \u00e9 expedida a nova certid\u00e3o, o advogado, em qualquer foro\/vara requerer ao Juiz<\/span><\/h5>\n<h5><span style=\"color: #003300;\">o ALVAR\u00c1 DE TRANSMISS\u00c3O DE 50% DOS DIREITOS PARA MARIA LUIZA<\/span><\/h5>\n<h5><span style=\"color: #003300;\">Documentos: certid\u00e3o de \u00f3bito do titular; identidade, certid\u00e3o nascimento Maria Luiza; e da certid\u00e3o do Cemit\u00e9rio de Filosofia<\/span><\/h5>\n<h5><span style=\"color: #003300;\">3. Cumpridos os itens 1 (certid\u00e3o) e 21 (Alvar\u00e1) voltar ao Cemit\u00e9rio Filosofia.<\/span><\/h5>\n<h5><span style=\"color: #003300;\">Documentos: Alvar\u00e1 transmitindo 50% para Maria Luiza, documentos e Certid\u00e3o de Obito do titular<\/span><\/h5>\n<h5><span style=\"color: #003300;\">Pagar taxa de R$ 872,00<\/span><\/h5>\n<p><span style=\"color: #000080;\"><a style=\"color: #000080;\" href=\"https:\/\/drive.google.com\/file\/d\/1JikXLQXWoRPDrDB2LKGlT0FJPzPmQB1A\/view?usp=drive_link\" target=\"_blank\" rel=\"noopener\"><strong><span style=\"color: #0000ff;\">CERTID\u00c3O DE \u00d3BITO DO TITULAR<\/span><\/strong><\/a><\/span><\/p>\n<p><a href=\"https:\/\/drive.google.com\/file\/d\/12jHcg4uSIg6_ZQPQ3G8QDwgiG4aPMHUa\/view?usp=drive_link\" target=\"_blank\" rel=\"noopener\"><strong><span style=\"color: #0000ff;\">IDENTIDADE DA MARIA LUIZA<\/span><\/strong><\/a><\/p>\n<hr \/>\n<h4><span style=\"color: #003300;\">Juiza Thatyana indeferiu a expedi\u00e7\u00e3o de alvar\u00e1 para aliena\u00e7\u00e3o posto que n\u00e3o houve perpetua\u00e7\u00e3o em nome da &#8220;de cujos&#8221;<\/span><\/h4>\n\n\t\t<div id=\"wppdfemb-frame-container-0\" style=\"-webkit-overflow-scrolling:auto;\">\n\t\t\t<iframe src=\"https:\/\/retalhos.net\/dice\/?url=http:\/\/retalhos.net\/dice\/wp-content\/uploads\/2020\/01\/2016.05.04-Indefere-Alvara.pdf&#038;title=2016.05.04%20Indefere%20Alvara&#038;index=1&#038;pdfID=0\"\n\t\t\t\tid=\"wppdf-emb-iframe-0\"\n\t\t\t\tdata-pdf-index=\"1\"\n\t\t\t\tclass=\"pdfembed-iframe nonfullscreen\"\n\t\t\t\tstyle=\"border:none;width:100%;max-width:100%;min-height:1000px\"\n\t\t\t\tscrolling=\"yes\">\n\t\t\t<\/iframe>\n\t\t<\/div>\n\n\t\t\n<hr \/>\n<div class=\"igd igd-shortcode-wrap igd-shortcode-embed\"><div class=\"igd-embed-wrap\"><\/div><\/div>\n","protected":false},"excerpt":{"rendered":"<p>Luiza Seguem os passos para transferir para teu nome 50% do Carneiro solo 68 carneiro 53 pertencentes a teu pai Jo\u00e3o Freire Diogo Informa\u00e7\u00f5es do funcion\u00e1rio Guido em 22\/11\/2023 1. &#8230;<\/p>\n","protected":false},"author":1,"featured_media":0,"parent":0,"menu_order":0,"comment_status":"open","ping_status":"closed","template":"","meta":{"footnotes":""},"categories":[309,313,337],"tags":[],"class_list":["post-3314","page","type-page","status-publish","hentry","category-bens-espolio","category-certidoes-escrituras","category-jazigo"],"_links":{"self":[{"href":"https:\/\/retalhos.net\/dice\/wp-json\/wp\/v2\/pages\/3314","targetHints":{"allow":["GET"]}}],"collection":[{"href":"https:\/\/retalhos.net\/dice\/wp-json\/wp\/v2\/pages"}],"about":[{"href":"https:\/\/retalhos.net\/dice\/wp-json\/wp\/v2\/types\/page"}],"author":[{"embeddable":true,"href":"https:\/\/retalhos.net\/dice\/wp-json\/wp\/v2\/users\/1"}],"replies":[{"embeddable":true,"href":"https:\/\/retalhos.net\/dice\/wp-json\/wp\/v2\/comments?post=3314"}],"version-history":[{"count":14,"href":"https:\/\/retalhos.net\/dice\/wp-json\/wp\/v2\/pages\/3314\/revisions"}],"predecessor-version":[{"id":6078,"href":"https:\/\/retalhos.net\/dice\/wp-json\/wp\/v2\/pages\/3314\/revisions\/6078"}],"wp:attachment":[{"href":"https:\/\/retalhos.net\/dice\/wp-json\/wp\/v2\/media?parent=3314"}],"wp:term":[{"taxonomy":"category","embeddable":true,"href":"https:\/\/retalhos.net\/dice\/wp-json\/wp\/v2\/categories?post=3314"},{"taxonomy":"post_tag","embeddable":true,"href":"https:\/\/retalhos.net\/dice\/wp-json\/wp\/v2\/tags?post=3314"}],"curies":[{"name":"wp","href":"https:\/\/api.w.org\/{rel}","templated":true}]}}