{"id":3350,"date":"2023-09-24T19:48:07","date_gmt":"2023-09-24T22:48:07","guid":{"rendered":"http:\/\/retalhos.net\/dice\/?page_id=3350"},"modified":"2023-10-11T18:34:35","modified_gmt":"2023-10-11T21:34:35","slug":"acordaos","status":"publish","type":"page","link":"https:\/\/retalhos.net\/dice\/acordaos\/","title":{"rendered":"Acord\u00e3os"},"content":{"rendered":"<hr \/>\n<div class=\"igd igd-shortcode-wrap igd-shortcode-embed\"><div class=\"igd-embed-wrap\"><h4 class=\"igd-embed-name\">Acordao 2020 STJ Presta\u00e7\u00e3o de Contas.pdf<\/h4><iframe loading=\"lazy\" class=\"igd-embed\" src=\"https:\/\/drive.google.com\/file\/d\/1HEuy8BSdsReDqxW6AToMuWxOtP6Y-gMM\/preview?rm=minimal\" frameborder=\"0\" width=\"100%\" height=\"480\" referrerpolicy=\"no-referrer\" allow=\"autoplay\" allowfullscreen sandbox=\"allow-same-origin allow-scripts allow-popups allow-forms\"><\/iframe><h4 class=\"igd-embed-name\">Juiz Nelson Ricardo Casalleiro Tabo\u00e3o da Serra.pdf<\/h4><iframe loading=\"lazy\" class=\"igd-embed\" src=\"https:\/\/drive.google.com\/file\/d\/1O87WQXiRGooib19knjKGXLbRfGmHlHaH\/preview?rm=minimal\" frameborder=\"0\" width=\"100%\" height=\"480\" referrerpolicy=\"no-referrer\" allow=\"autoplay\" allowfullscreen sandbox=\"allow-same-origin allow-scripts allow-popups allow-forms\"><\/iframe><h4 class=\"igd-embed-name\">Acordao-Antecipa\u00e7\u00e3o Partilha sem prest contas.pdf<\/h4><iframe loading=\"lazy\" class=\"igd-embed\" src=\"https:\/\/drive.google.com\/file\/d\/1fAlWnR9jfPyIbr96xi7OV5jAnAhI3Vnn\/preview?rm=minimal\" frameborder=\"0\" width=\"100%\" height=\"480\" referrerpolicy=\"no-referrer\" allow=\"autoplay\" allowfullscreen sandbox=\"allow-same-origin allow-scripts allow-popups allow-forms\"><\/iframe><h4 class=\"igd-embed-name\">Acordao Art 1.791.pdf<\/h4><iframe loading=\"lazy\" class=\"igd-embed\" src=\"https:\/\/drive.google.com\/file\/d\/1Ae-N0ncHmHJnLE7T5qkncWHaPFvoeb3E\/preview?rm=minimal\" frameborder=\"0\" width=\"100%\" height=\"480\" referrerpolicy=\"no-referrer\" allow=\"autoplay\" allowfullscreen sandbox=\"allow-same-origin allow-scripts allow-popups allow-forms\"><\/iframe><h4 class=\"igd-embed-name\">Acordao Agravo Oficio Banco.pdf<\/h4><iframe loading=\"lazy\" class=\"igd-embed\" src=\"https:\/\/drive.google.com\/file\/d\/1U_X4sEue0voGN4Z1WWmhM3EXK1fy6pLb\/preview?rm=minimal\" frameborder=\"0\" width=\"100%\" height=\"480\" referrerpolicy=\"no-referrer\" allow=\"autoplay\" allowfullscreen sandbox=\"allow-same-origin allow-scripts allow-popups allow-forms\"><\/iframe><h4 class=\"igd-embed-name\">Acordao Ementa Prest Contas.pdf<\/h4><iframe loading=\"lazy\" class=\"igd-embed\" src=\"https:\/\/drive.google.com\/file\/d\/1gbWcuthlySjiTZKgOPFqzhiNrdYHpPqs\/preview?rm=minimal\" frameborder=\"0\" width=\"100%\" height=\"480\" referrerpolicy=\"no-referrer\" allow=\"autoplay\" allowfullscreen sandbox=\"allow-same-origin allow-scripts allow-popups allow-forms\"><\/iframe><h4 class=\"igd-embed-name\">Acordao Jurisprud\u00eancia_STJ.pdf<\/h4><iframe loading=\"lazy\" class=\"igd-embed\" src=\"https:\/\/drive.google.com\/file\/d\/1emrPe6VAgoOFM91hjU7meZc0x4_WmGJc\/preview?rm=minimal\" frameborder=\"0\" width=\"100%\" height=\"480\" referrerpolicy=\"no-referrer\" allow=\"autoplay\" allowfullscreen sandbox=\"allow-same-origin allow-scripts allow-popups allow-forms\"><\/iframe><h4 class=\"igd-embed-name\">Acordao Marcia Dalla D\u00e9a Barone  2019.0000004779.pdf<\/h4><iframe loading=\"lazy\" class=\"igd-embed\" src=\"https:\/\/drive.google.com\/file\/d\/1BIEV36pIE27Mh1uQrKd0JdLVVEYq63Zr\/preview?rm=minimal\" frameborder=\"0\" width=\"100%\" height=\"480\" referrerpolicy=\"no-referrer\" allow=\"autoplay\" allowfullscreen sandbox=\"allow-same-origin allow-scripts allow-popups allow-forms\"><\/iframe><h4 class=\"igd-embed-name\">Acordao Remo\u00e7\u00e3o inventariante.pdf<\/h4><iframe loading=\"lazy\" class=\"igd-embed\" src=\"https:\/\/drive.google.com\/file\/d\/1tg0vQzTnelJeiDzQ2DiWLr-OWTIPdYj5\/preview?rm=minimal\" frameborder=\"0\" width=\"100%\" height=\"480\" referrerpolicy=\"no-referrer\" allow=\"autoplay\" allowfullscreen sandbox=\"allow-same-origin allow-scripts allow-popups allow-forms\"><\/iframe><h4 class=\"igd-embed-name\">Acord\u00e3o Decis\u00e3o Juiz Nelson Ricardo Casalleiro Tabo\u00e3o da Serra.pdf<\/h4><iframe loading=\"lazy\" class=\"igd-embed\" src=\"https:\/\/drive.google.com\/file\/d\/19dT2sXyapKuZurVoEb2QZwbhWhWTXoJl\/preview?rm=minimal\" frameborder=\"0\" width=\"100%\" height=\"480\" referrerpolicy=\"no-referrer\" allow=\"autoplay\" allowfullscreen sandbox=\"allow-same-origin allow-scripts allow-popups allow-forms\"><\/iframe><h4 class=\"igd-embed-name\">Sonegados acordao-2008_1006160.pdf<\/h4><iframe loading=\"lazy\" class=\"igd-embed\" src=\"https:\/\/drive.google.com\/file\/d\/1y5CCwamia9e52-qyzpJ0ntx0wNVfSYhv\/preview?rm=minimal\" frameborder=\"0\" width=\"100%\" height=\"480\" referrerpolicy=\"no-referrer\" allow=\"autoplay\" allowfullscreen sandbox=\"allow-same-origin allow-scripts allow-popups allow-forms\"><\/iframe><\/div><\/div>\n","protected":false},"excerpt":{"rendered":"","protected":false},"author":1,"featured_media":0,"parent":0,"menu_order":0,"comment_status":"open","ping_status":"closed","template":"","meta":{"footnotes":""},"categories":[301],"tags":[],"class_list":["post-3350","page","type-page","status-publish","hentry","category-acordao"],"_links":{"self":[{"href":"https:\/\/retalhos.net\/dice\/wp-json\/wp\/v2\/pages\/3350","targetHints":{"allow":["GET"]}}],"collection":[{"href":"https:\/\/retalhos.net\/dice\/wp-json\/wp\/v2\/pages"}],"about":[{"href":"https:\/\/retalhos.net\/dice\/wp-json\/wp\/v2\/types\/page"}],"author":[{"embeddable":true,"href":"https:\/\/retalhos.net\/dice\/wp-json\/wp\/v2\/users\/1"}],"replies":[{"embeddable":true,"href":"https:\/\/retalhos.net\/dice\/wp-json\/wp\/v2\/comments?post=3350"}],"version-history":[{"count":2,"href":"https:\/\/retalhos.net\/dice\/wp-json\/wp\/v2\/pages\/3350\/revisions"}],"predecessor-version":[{"id":4301,"href":"https:\/\/retalhos.net\/dice\/wp-json\/wp\/v2\/pages\/3350\/revisions\/4301"}],"wp:attachment":[{"href":"https:\/\/retalhos.net\/dice\/wp-json\/wp\/v2\/media?parent=3350"}],"wp:term":[{"taxonomy":"category","embeddable":true,"href":"https:\/\/retalhos.net\/dice\/wp-json\/wp\/v2\/categories?post=3350"},{"taxonomy":"post_tag","embeddable":true,"href":"https:\/\/retalhos.net\/dice\/wp-json\/wp\/v2\/tags?post=3350"}],"curies":[{"name":"wp","href":"https:\/\/api.w.org\/{rel}","templated":true}]}}