{"id":3387,"date":"2023-09-25T08:50:04","date_gmt":"2023-09-25T11:50:04","guid":{"rendered":"http:\/\/retalhos.net\/dice\/?page_id=3387"},"modified":"2023-10-22T17:03:18","modified_gmt":"2023-10-22T20:03:18","slug":"analise-geral-contas","status":"publish","type":"page","link":"https:\/\/retalhos.net\/dice\/analise-geral-contas\/","title":{"rendered":"An\u00e1lise das Contas"},"content":{"rendered":"<hr \/>\n                <div class=\"igd igd-shortcode-wrap igd-shortcode-gallery\"\n                     data-shortcode-data=\"eyJpZCI6MTUyLCJzdGF0dXMiOiJvbiIsInRpdGxlIjoiUFIgQ05UIEFuYWxpc2UgaW1nIiwidHlwZSI6ImdhbGxlcnkiLCJhbGxGb2xkZXJzIjpmYWxzZSwiZm9sZGVycyI6W3siaWQiOiIxZEZueC1oUWNhZlhzN3BielBZd1dtMEo3aVl0Nndtb0ciLCJuYW1lIjoiRXh0cmF0byBJdGF1IDAyMTMgMDAyNjEtMSAxOTk4LnBuZyIsInR5cGUiOiJpbWFnZVwvcG5nIiwic2l6ZSI6IjQyNzM2IiwiaWNvbkxpbmsiOiJodHRwczpcL1wvZHJpdmUtdGhpcmRwYXJ0eS5nb29nbGV1c2VyY29udGVudC5jb21cLzE2XC90eXBlXC9pbWFnZVwvcG5nIiwidGh1bWJuYWlsTGluayI6Imh0dHBzOlwvXC9saDMuZ29vZ2xldXNlcmNvbnRlbnQuY29tXC9kcml2ZS1zdG9yYWdlXC9BS0hqNkU3dDdUeDJJX2JWSkhrMVB5Z1psWkYxS1NQMHo0dkJmX2V6Ukl1Y3ZnTXR0aWRzcHpsQjdrdnUtR1NxMEY2Q2I3OVV3aGtvMjdDZXBya2hJN3FjSHJLNmVOenhBSzhyLWZTN2tLaXFDdz1zMjIwIiwid2ViVmlld0xpbmsiOiJodHRwczpcL1wvZHJpdmUuZ29vZ2xlLmNvbVwvZmlsZVwvZFwvMWRGbngtaFFjYWZYczdwYnpQWXdXbTBKN2lZdDZ3bW9HXC92aWV3P3VzcD1kcml2ZXNkayIsIndlYkNvbnRlbnRMaW5rIjoiaHR0cHM6XC9cL2RyaXZlLmdvb2dsZS5jb21cL3VjP2lkPTFkRm54LWhRY2FmWHM3cGJ6UFl3V20wSjdpWXQ2d21vRyZleHBvcnQ9ZG93bmxvYWQiLCJjcmVhdGVkIjoiMjAyMy0xMC0wOVQxNDozNToxMy4zODBaIiwidXBkYXRlZCI6IjIwMjMtMDktMjVUMDc6NDg6MTguMDAwWiIsImRlc2NyaXB0aW9uIjpudWxsLCJwYXJlbnRzIjpbIjE4dmdjVVBjTGdDNXBfVlphUG54bG1fdnJwdEdYXzhSOCJdLCJzaGFyZWQiOnRydWUsInNoYXJlZFdpdGhNZVRpbWUiOm51bGwsImV4dGVuc2lvbiI6InBuZyIsInJlc291cmNlS2V5IjpudWxsLCJjb3B5UmVxdWlyZXNXcml0ZXJQZXJtaXNzaW9uIjpmYWxzZSwic3RhcnJlZCI6bnVsbCwiZXhwb3J0TGlua3MiOm51bGwsImFjY291bnRJZCI6IjExMDI4NzE0Nzc0OTg3MzcyMTA2IiwicGVybWlzc2lvbnMiOnsiY2FuUHJldmlldyI6dHJ1ZSwiY2FuRG93bmxvYWQiOnRydWUsImNhbkVkaXQiOmZhbHNlLCJjYW5EZWxldGUiOnRydWUsImNhblRyYXNoIjp0cnVlLCJjYW5Nb3ZlIjp0cnVlLCJjYW5SZW5hbWUiOnRydWUsImNhblNoYXJlIjp0cnVlLCJjb3B5UmVxdWlyZXNXcml0ZXJQZXJtaXNzaW9uIjpmYWxzZSwiY2FuQ2hhbmdlQ29weVJlcXVpcmVzV3JpdGVyUGVybWlzc2lvbiI6bnVsbCwidXNlcnMiOnsiYW55b25lV2l0aExpbmsiOnsidHlwZSI6ImFueW9uZSIsInJvbGUiOiJyZWFkZXIiLCJkb21haW4iOm51bGx9LCIxMTAyODcxNDc3NDk4NzM3MjEwNiI6eyJ0eXBlIjoidXNlciIsInJvbGUiOiJvd25lciIsImRvbWFpbiI6bnVsbH19fSwiZXhwb3J0QXMiOltdLCJtZXRhRGF0YSI6eyJ3aWR0aCI6NTU0LCJoZWlnaHQiOjEwMzN9LCJpc0ZvbGRlciI6ZmFsc2V9LHsiaWQiOiIxZ3dzRVg2ZGJzUUl2R0toNjlPeXZsMkYyYm5aZWQ4UFoiLCJuYW1lIjoiMjAwNCBlIDIwMDYgUmVwYXNzZXMgLSBJbnZlbnQgbmFvIHByZXN0b3UgY250IDIwMDUuanBnIiwidHlwZSI6ImltYWdlXC9qcGVnIiwic2l6ZSI6IjkxMzQ4IiwiaWNvbkxpbmsiOiJodHRwczpcL1wvZHJpdmUtdGhpcmRwYXJ0eS5nb29nbGV1c2VyY29udGVudC5jb21cLzE2XC90eXBlXC9pbWFnZVwvanBlZyIsInRodW1ibmFpbExpbmsiOiJodHRwczpcL1wvbGgzLmdvb2dsZXVzZXJjb250ZW50LmNvbVwvZHJpdmUtc3RvcmFnZVwvQUtIajZFNDZzY1ZBemk3alNKSWtBOVhEQVM5TnJJaVY0SUJUNU9NbUZSQW5rMnNWWWFlZjRLVWptNGdCTFd4SkUzMGMzLV83eFBfdlhkVWF1U1JXMzlqclptU25pSVF5bkRmYVVnejdfZ2N5SXc9czIyMCIsIndlYlZpZXdMaW5rIjoiaHR0cHM6XC9cL2RyaXZlLmdvb2dsZS5jb21cL2ZpbGVcL2RcLzFnd3NFWDZkYnNRSXZHS2g2OU95dmwyRjJiblplZDhQWlwvdmlldz91c3A9ZHJpdmVzZGsiLCJ3ZWJDb250ZW50TGluayI6Imh0dHBzOlwvXC9kcml2ZS5nb29nbGUuY29tXC91Yz9pZD0xZ3dzRVg2ZGJzUUl2R0toNjlPeXZsMkYyYm5aZWQ4UFomZXhwb3J0PWRvd25sb2FkIiwiY3JlYXRlZCI6IjIwMjMtMTAtMDlUMTQ6MzU6MTQuODA0WiIsInVwZGF0ZWQiOiIyMDIzLTA5LTI1VDA3OjQ4OjA4LjAwMFoiLCJkZXNjcmlwdGlvbiI6bnVsbCwicGFyZW50cyI6WyIxOHZnY1VQY0xnQzVwX1ZaYVBueGxtX3ZycHRHWF84UjgiXSwic2hhcmVkIjp0cnVlLCJzaGFyZWRXaXRoTWVUaW1lIjpudWxsLCJleHRlbnNpb24iOiJqcGciLCJyZXNvdXJjZUtleSI6bnVsbCwiY29weVJlcXVpcmVzV3JpdGVyUGVybWlzc2lvbiI6ZmFsc2UsInN0YXJyZWQiOm51bGwsImV4cG9ydExpbmtzIjpudWxsLCJhY2NvdW50SWQiOiIxMTAyODcxNDc3NDk4NzM3MjEwNiIsInBlcm1pc3Npb25zIjp7ImNhblByZXZpZXciOnRydWUsImNhbkRvd25sb2FkIjp0cnVlLCJjYW5FZGl0IjpmYWxzZSwiY2FuRGVsZXRlIjp0cnVlLCJjYW5UcmFzaCI6dHJ1ZSwiY2FuTW92ZSI6dHJ1ZSwiY2FuUmVuYW1lIjp0cnVlLCJjYW5TaGFyZSI6dHJ1ZSwiY29weVJlcXVpcmVzV3JpdGVyUGVybWlzc2lvbiI6ZmFsc2UsImNhbkNoYW5nZUNvcHlSZXF1aXJlc1dyaXRlclBlcm1pc3Npb24iOm51bGwsInVzZXJzIjp7ImFueW9uZVdpdGhMaW5rIjp7InR5cGUiOiJhbnlvbmUiLCJyb2xlIjoicmVhZGVyIiwiZG9tYWluIjpudWxsfSwiMTEwMjg3MTQ3NzQ5ODczNzIxMDYiOnsidHlwZSI6InVzZXIiLCJyb2xlIjoib3duZXIiLCJkb21haW4iOm51bGx9fX0sImV4cG9ydEFzIjpbXSwibWV0YURhdGEiOnsid2lkdGgiOjY2MiwiaGVpZ2h0Ijo0OTJ9LCJpc0ZvbGRlciI6ZmFsc2V9LHsiaWQiOiIxSU94R3hZUVZKVk10MGNiaWFwaFFrY0huT1lMUVN1T2kiLCJuYW1lIjoiQXNzaW5hdHVyYSBkaWdpdGFsIE5ERFAgZGEgTmlsZGUgc2ltIG91IG5hby5qcGciLCJ0eXBlIjoiaW1hZ2VcL2pwZWciLCJzaXplIjoiMTMzMTE0IiwiaWNvbkxpbmsiOiJodHRwczpcL1wvZHJpdmUtdGhpcmRwYXJ0eS5nb29nbGV1c2VyY29udGVudC5jb21cLzE2XC90eXBlXC9pbWFnZVwvanBlZyIsInRodW1ibmFpbExpbmsiOiJodHRwczpcL1wvbGgzLmdvb2dsZXVzZXJjb250ZW50LmNvbVwvZHJpdmUtc3RvcmFnZVwvQUtIajZFNUs2cFhXNkc2S3JpTTA4NjJGZ01MNGpTYkhPS0I4alpYU3YxdHNyVkFfLWhLZGQ1Q0hQbEc1d1FiU3ZBYWNIa0c5OHNoeDJtTkZsY2QtMm9VOTZsR0dyampSU1pybmVSOExITmtTOUE9czIyMCIsIndlYlZpZXdMaW5rIjoiaHR0cHM6XC9cL2RyaXZlLmdvb2dsZS5jb21cL2ZpbGVcL2RcLzFJT3hHeFlRVkpWTXQwY2JpYXBoUWtjSG5PWUxRU3VPaVwvdmlldz91c3A9ZHJpdmVzZGsiLCJ3ZWJDb250ZW50TGluayI6Imh0dHBzOlwvXC9kcml2ZS5nb29nbGUuY29tXC91Yz9pZD0xSU94R3hZUVZKVk10MGNiaWFwaFFrY0huT1lMUVN1T2kmZXhwb3J0PWRvd25sb2FkIiwiY3JlYXRlZCI6IjIwMjMtMTAtMDlUMTQ6MzU6MTUuMTIxWiIsInVwZGF0ZWQiOiIyMDIzLTA5LTI1VDA3OjQ4OjEwLjAwMFoiLCJkZXNjcmlwdGlvbiI6bnVsbCwicGFyZW50cyI6WyIxOHZnY1VQY0xnQzVwX1ZaYVBueGxtX3ZycHRHWF84UjgiXSwic2hhcmVkIjp0cnVlLCJzaGFyZWRXaXRoTWVUaW1lIjpudWxsLCJleHRlbnNpb24iOiJqcGciLCJyZXNvdXJjZUtleSI6bnVsbCwiY29weVJlcXVpcmVzV3JpdGVyUGVybWlzc2lvbiI6ZmFsc2UsInN0YXJyZWQiOm51bGwsImV4cG9ydExpbmtzIjpudWxsLCJhY2NvdW50SWQiOiIxMTAyODcxNDc3NDk4NzM3MjEwNiIsInBlcm1pc3Npb25zIjp7ImNhblByZXZpZXciOnRydWUsImNhbkRvd25sb2FkIjp0cnVlLCJjYW5FZGl0IjpmYWxzZSwiY2FuRGVsZXRlIjp0cnVlLCJjYW5UcmFzaCI6dHJ1ZSwiY2FuTW92ZSI6dHJ1ZSwiY2FuUmVuYW1lIjp0cnVlLCJjYW5TaGFyZSI6dHJ1ZSwiY29weVJlcXVpcmVzV3JpdGVyUGVybWlzc2lvbiI6ZmFsc2UsImNhbkNoYW5nZUNvcHlSZXF1aXJlc1dyaXRlclBlcm1pc3Npb24iOm51bGwsInVzZXJzIjp7ImFueW9uZVdpdGhMaW5rIjp7InR5cGUiOiJhbnlvbmUiLCJyb2xlIjoicmVhZGVyIiwiZG9tYWluIjpudWxsfSwiMTEwMjg3MTQ3NzQ5ODczNzIxMDYiOnsidHlwZSI6InVzZXIiLCJyb2xlIjoib3duZXIiLCJkb21haW4iOm51bGx9fX0sImV4cG9ydEFzIjpbXSwibWV0YURhdGEiOnsid2lkdGgiOjgwMCwiaGVpZ2h0IjoxMTMyfSwiaXNGb2xkZXIiOmZhbHNlfV0sInByaXZhdGVGb2xkZXJzIjpmYWxzZSwiYWxsb3dFeHRlbnNpb25zIjpudWxsLCJhbGxvd0FsbEV4dGVuc2lvbnMiOmZhbHNlLCJhbGxvd0V4Y2VwdEV4dGVuc2lvbnMiOm51bGwsImFsbG93TmFtZXMiOm51bGwsImFsbG93QWxsTmFtZXMiOmZhbHNlLCJhbGxvd0V4Y2VwdE5hbWVzIjpudWxsLCJuYW1lRmlsdGVyT3B0aW9ucyI6WyJmaWxlcyJdLCJzaG93RmlsZXMiOnRydWUsInNob3dGb2xkZXJzIjp0cnVlLCJmaWxlTnVtYmVycyI6IiIsImVtYmVkV2lkdGgiOiIxMDAlIiwiZW1iZWRIZWlnaHQiOiI0ODBweCIsInNvcnQiOnsic29ydEJ5IjoibmFtZSIsInNvcnREaXJlY3Rpb24iOiJhc2MifSwidmlldyI6Imxpc3QiLCJsYXp5TG9hZCI6dHJ1ZSwibGF6eUxvYWROdW1iZXIiOjEwMCwibWF4RmlsZVNpemUiOiIiLCJtaW5GaWxlU2l6ZSI6IiIsImVuYWJsZUZvbGRlclVwbG9hZCI6ZmFsc2UsIm9wZW5OZXdUYWIiOnRydWUsInNob3dVcGxvYWRMYWJlbCI6dHJ1ZSwidXBsb2FkTGFiZWxUZXh0IjoiVXBsb2FkIEZpbGVzIiwiYWxsb3dFbWJlZFBvcG91dCI6dHJ1ZSwidGh1bWJuYWlsQ2FwdGlvbiI6dHJ1ZSwicHJldmlldyI6dHJ1ZSwiZG93bmxvYWQiOnRydWUsImRpc3BsYXlGb3IiOiJldmVyeW9uZSIsImRpc3BsYXlVc2VycyI6WyJldmVyeW9uZSJdLCJkaXNwbGF5RXZlcnlvbmUiOmZhbHNlLCJkaXNwbGF5RXhjZXB0IjpbXSwibm9uY2UiOiJiOWEyOTI1ZGM1IiwiY2FuRGVsZXRlIjpmYWxzZSwicmVuYW1lIjpmYWxzZSwidXBsb2FkIjpmYWxzZSwibmV3Rm9sZGVyIjpmYWxzZSwibW92ZUNvcHkiOmZhbHNlLCJhbGxvd1NoYXJlIjpmYWxzZSwiYWxsb3dTZWFyY2giOmZhbHNlLCJjcmVhdGVEb2MiOmZhbHNlLCJlZGl0IjpmYWxzZSwiY29weUxpbmsiOmZhbHNlLCJkZXRhaWxzIjpmYWxzZSwiY29tbWVudCI6ZmFsc2UsInBob3RvUHJvb2YiOmZhbHNlLCJmaWx0ZXJzIjp7ImFsbG93RXh0ZW5zaW9ucyI6IiIsImFsbG93QWxsRXh0ZW5zaW9ucyI6ZmFsc2UsImFsbG93RXhjZXB0RXh0ZW5zaW9ucyI6IiIsImFsbG93TmFtZXMiOiIiLCJhbGxvd0FsbE5hbWVzIjpmYWxzZSwiYWxsb3dFeGNlcHROYW1lcyI6IiIsIm5hbWVGaWx0ZXJPcHRpb25zIjpbImZpbGVzIl0sInNob3dGaWxlcyI6dHJ1ZSwic2hvd0ZvbGRlcnMiOnRydWUsImlzR2FsbGVyeSI6dHJ1ZX0sImFjY291bnRzIjp7IjExMDI4NzE0Nzc0OTg3MzcyMTA2Ijp7ImlkIjoiMTEwMjg3MTQ3NzQ5ODczNzIxMDYiLCJuYW1lIjoiIiwiZW1haWwiOiIiLCJwaG90byI6Imh0dHBzOlwvXC9saDMuZ29vZ2xldXNlcmNvbnRlbnQuY29tXC9hXC9BQ2c4b2NJWFF6NzI4b2N1Qm9sM192SHZYLS1tcElOZjVxUjlWNl9qUm8tU3VIYUJqWExQcHc9czY0Iiwic3RvcmFnZSI6eyJ1c2FnZSI6IjEwMjcxMTUzNjU5IiwibGltaXQiOiIxNjEwNjEyNzM2MCJ9LCJsb3N0IjpmYWxzZSwicm9vdF9pZCI6IjBBSnpQd296MkNfTGVVazlQVkEiLCJ1c2VyX2lkIjpbImFkbWluIl19fSwiYWNjb3VudCI6eyJpZCI6IjExMDI4NzE0Nzc0OTg3MzcyMTA2IiwibmFtZSI6Ikx1aXMgR2FycmV0dCIsImVtYWlsIjoiYWRtZ2luaG9waW50b0BnbWFpbC5jb20iLCJwaG90byI6Imh0dHBzOlwvXC9saDMuZ29vZ2xldXNlcmNvbnRlbnQuY29tXC9hXC9BQ2c4b2NJWFF6NzI4b2N1Qm9sM192SHZYLS1tcElOZjVxUjlWNl9qUm8tU3VIYUJqWExQcHc9czY0Iiwic3RvcmFnZSI6eyJ1c2FnZSI6IjEwMjcxMTUzNjU5IiwibGltaXQiOiIxNjEwNjEyNzM2MCJ9LCJsb3N0IjpmYWxzZSwicm9vdF9pZCI6IjBBSnpQd296MkNfTGVVazlQVkEiLCJ1c2VyX2lkIjpbImFkbWluIl19fQ==\"\n                     style=\"--module-width: 100%; --module-height: ;\"\n                ><\/div>\n                \n<hr \/>\n<h6><span style=\"color: #003300;\">Dep\u00f3sitos na conta do esp\u00f3lio de MAI 2018 a OUT 2022<br \/>\n10 im\u00f3veis M\u00e9dia MENSAL por im\u00f3vel <span style=\"color: #ff0000;\">R$ R$ 85,60<\/span><\/span><\/h6>\n<div class=\"igd igd-shortcode-wrap igd-shortcode-embed\"><div class=\"igd-embed-wrap\"><h4 class=\"igd-embed-name\">Repasses Maio 2018 a Out 2022 fonte Genon Imobiliaria.pdf<\/h4><iframe loading=\"lazy\" class=\"igd-embed\" src=\"https:\/\/drive.google.com\/file\/d\/1eL7PlUodZpQoNt6F1Lk-RAbTi7wkjw30\/preview?rm=minimal\" frameborder=\"0\" width=\"100%\" height=\"480\" referrerpolicy=\"no-referrer\" allow=\"autoplay\" allowfullscreen sandbox=\"allow-same-origin allow-scripts allow-popups allow-forms\"><\/iframe><h4 class=\"igd-embed-name\">1998-2004 Analise alugueis.pdf<\/h4><iframe loading=\"lazy\" class=\"igd-embed\" src=\"https:\/\/drive.google.com\/file\/d\/1msfCJANMX6y2S3J0yMugwLPBMm-9jgek\/preview?rm=minimal\" frameborder=\"0\" width=\"100%\" height=\"480\" referrerpolicy=\"no-referrer\" allow=\"autoplay\" allowfullscreen sandbox=\"allow-same-origin allow-scripts allow-popups allow-forms\"><\/iframe><h4 class=\"igd-embed-name\">Contest Prest Contas Resumo.pdf<\/h4><iframe loading=\"lazy\" class=\"igd-embed\" src=\"https:\/\/drive.google.com\/file\/d\/1ZECKNUWSfal5Gm9s8zEalUoGGheu_aSH\/preview?rm=minimal\" frameborder=\"0\" width=\"100%\" height=\"480\" referrerpolicy=\"no-referrer\" allow=\"autoplay\" allowfullscreen sandbox=\"allow-same-origin allow-scripts allow-popups allow-forms\"><\/iframe><h4 class=\"igd-embed-name\">Fraude nos contratos  de aluguel.pdf<\/h4><iframe loading=\"lazy\" class=\"igd-embed\" src=\"https:\/\/drive.google.com\/file\/d\/1O4XL4qyVe4Eh8vZLoltFPWJUtVpZrAM7\/preview?rm=minimal\" frameborder=\"0\" width=\"100%\" height=\"480\" referrerpolicy=\"no-referrer\" allow=\"autoplay\" allowfullscreen sandbox=\"allow-same-origin allow-scripts allow-popups allow-forms\"><\/iframe><h4 class=\"igd-embed-name\">Patrimonio - Redu\u00e7\u00e3o.pdf<\/h4><iframe loading=\"lazy\" class=\"igd-embed\" src=\"https:\/\/drive.google.com\/file\/d\/1rJ16bEc4ay_D4Vk9WEN8PqutU4Vr5FQ8\/preview?rm=minimal\" frameborder=\"0\" width=\"100%\" height=\"480\" referrerpolicy=\"no-referrer\" allow=\"autoplay\" allowfullscreen sandbox=\"allow-same-origin allow-scripts allow-popups allow-forms\"><\/iframe><h4 class=\"igd-embed-name\">Cade a grana.pdf<\/h4><iframe loading=\"lazy\" class=\"igd-embed\" src=\"https:\/\/drive.google.com\/file\/d\/1COcMUVzwJDGU8MdNCJSXr9gD1H-uT33R\/preview?rm=minimal\" frameborder=\"0\" width=\"100%\" height=\"480\" referrerpolicy=\"no-referrer\" allow=\"autoplay\" allowfullscreen sandbox=\"allow-same-origin allow-scripts allow-popups allow-forms\"><\/iframe><h4 class=\"igd-embed-name\">Onde aplicava o dinheiro da m\u00e3e.pdf<\/h4><iframe loading=\"lazy\" class=\"igd-embed\" src=\"https:\/\/drive.google.com\/file\/d\/1T4Crn50bcBA88hifxbdbKmraEv8y3viT\/preview?rm=minimal\" frameborder=\"0\" width=\"100%\" height=\"480\" referrerpolicy=\"no-referrer\" allow=\"autoplay\" allowfullscreen sandbox=\"allow-same-origin allow-scripts allow-popups allow-forms\"><\/iframe><h4 class=\"igd-embed-name\">Partilha Divisao.pdf<\/h4><iframe loading=\"lazy\" class=\"igd-embed\" src=\"https:\/\/drive.google.com\/file\/d\/1mlIq368Ry2FIzoHhCTqbDQTY1VpqSUqX\/preview?rm=minimal\" frameborder=\"0\" width=\"100%\" height=\"480\" referrerpolicy=\"no-referrer\" allow=\"autoplay\" allowfullscreen sandbox=\"allow-same-origin allow-scripts allow-popups allow-forms\"><\/iframe><h4 class=\"igd-embed-name\">Prop de acordo env adv  2007.05.07 .pdf<\/h4><iframe loading=\"lazy\" class=\"igd-embed\" src=\"https:\/\/drive.google.com\/file\/d\/1wYHmHMsNW3g34dF5qKv_f0Ym_B0E0Dm2\/preview?rm=minimal\" frameborder=\"0\" width=\"100%\" height=\"480\" referrerpolicy=\"no-referrer\" allow=\"autoplay\" allowfullscreen sandbox=\"allow-same-origin allow-scripts allow-popups allow-forms\"><\/iframe><h4 class=\"igd-embed-name\">PROLIMP Produtos de Limpesa Ltda - 50.166.248_0001-03 - Consulta CNPJ.pdf<\/h4><iframe loading=\"lazy\" class=\"igd-embed\" src=\"https:\/\/drive.google.com\/file\/d\/1cfvvC98CdjZr6YJprkpgCauZTmVjlNEy\/preview?rm=minimal\" frameborder=\"0\" width=\"100%\" height=\"480\" referrerpolicy=\"no-referrer\" allow=\"autoplay\" allowfullscreen sandbox=\"allow-same-origin allow-scripts allow-popups allow-forms\"><\/iframe><h4 class=\"igd-embed-name\">Transf para esp\u00f3lio 2018 a 2022.pdf<\/h4><iframe loading=\"lazy\" class=\"igd-embed\" src=\"https:\/\/drive.google.com\/file\/d\/1GeZfGeMGiWtPBUqW1sOhyday7FFakCdE\/preview?rm=minimal\" frameborder=\"0\" width=\"100%\" height=\"480\" referrerpolicy=\"no-referrer\" allow=\"autoplay\" allowfullscreen sandbox=\"allow-same-origin allow-scripts allow-popups allow-forms\"><\/iframe><\/div><\/div>\n","protected":false},"excerpt":{"rendered":"<p>Dep\u00f3sitos na conta do esp\u00f3lio de MAI 2018 a OUT 2022 10 im\u00f3veis M\u00e9dia MENSAL por im\u00f3vel R$ R$ 85,60<\/p>\n","protected":false},"author":1,"featured_media":0,"parent":0,"menu_order":0,"comment_status":"open","ping_status":"closed","template":"","meta":{"footnotes":""},"categories":[353],"tags":[],"class_list":["post-3387","page","type-page","status-publish","hentry","category-prestacao-contas"],"_links":{"self":[{"href":"https:\/\/retalhos.net\/dice\/wp-json\/wp\/v2\/pages\/3387","targetHints":{"allow":["GET"]}}],"collection":[{"href":"https:\/\/retalhos.net\/dice\/wp-json\/wp\/v2\/pages"}],"about":[{"href":"https:\/\/retalhos.net\/dice\/wp-json\/wp\/v2\/types\/page"}],"author":[{"embeddable":true,"href":"https:\/\/retalhos.net\/dice\/wp-json\/wp\/v2\/users\/1"}],"replies":[{"embeddable":true,"href":"https:\/\/retalhos.net\/dice\/wp-json\/wp\/v2\/comments?post=3387"}],"version-history":[{"count":13,"href":"https:\/\/retalhos.net\/dice\/wp-json\/wp\/v2\/pages\/3387\/revisions"}],"predecessor-version":[{"id":4206,"href":"https:\/\/retalhos.net\/dice\/wp-json\/wp\/v2\/pages\/3387\/revisions\/4206"}],"wp:attachment":[{"href":"https:\/\/retalhos.net\/dice\/wp-json\/wp\/v2\/media?parent=3387"}],"wp:term":[{"taxonomy":"category","embeddable":true,"href":"https:\/\/retalhos.net\/dice\/wp-json\/wp\/v2\/categories?post=3387"},{"taxonomy":"post_tag","embeddable":true,"href":"https:\/\/retalhos.net\/dice\/wp-json\/wp\/v2\/tags?post=3387"}],"curies":[{"name":"wp","href":"https:\/\/api.w.org\/{rel}","templated":true}]}}