{"id":3416,"date":"2023-09-25T12:07:28","date_gmt":"2023-09-25T15:07:28","guid":{"rendered":"http:\/\/retalhos.net\/dice\/?page_id=3416"},"modified":"2023-10-10T17:19:58","modified_gmt":"2023-10-10T20:19:58","slug":"genon-enviados","status":"publish","type":"page","link":"https:\/\/retalhos.net\/dice\/2022-2023-resumo\/genon-adm\/genon-enviados\/","title":{"rendered":"Enviados a Maria Luiza"},"content":{"rendered":"<hr \/>\n<div class=\"igd igd-shortcode-wrap igd-shortcode-embed\"><div class=\"igd-embed-wrap\"><h4 class=\"igd-embed-name\">15 - Rela\u00e7\u00e3o de Im\u00f3veis do esp\u00f3lio Administrados pela Genon im\u00f3veis.pdf<\/h4><iframe loading=\"lazy\" class=\"igd-embed\" src=\"https:\/\/drive.google.com\/file\/d\/1ZWa-SfsySjQBBOfTohZd2mSax69HquCZ\/preview?rm=minimal\" frameborder=\"0\" width=\"100%\" height=\"480\" referrerpolicy=\"no-referrer\" allow=\"autoplay\" allowfullscreen sandbox=\"allow-same-origin allow-scripts allow-popups allow-forms\"><\/iframe><h4 class=\"igd-embed-name\">12 - \u00daltimo Movimento Esp\u00f3lio - Setembro - 2022.pdf<\/h4><iframe loading=\"lazy\" class=\"igd-embed\" src=\"https:\/\/drive.google.com\/file\/d\/1BvOBw7tbq0cfnKHkNf8mbdg8iDmRA9JC\/preview?rm=minimal\" frameborder=\"0\" width=\"100%\" height=\"480\" referrerpolicy=\"no-referrer\" allow=\"autoplay\" allowfullscreen sandbox=\"allow-same-origin allow-scripts allow-popups allow-forms\"><\/iframe><h4 class=\"igd-embed-name\">10 - Conta Corrente esp\u00f3lio - \u00daltimo Movimento - Setembro - 2022.pdf<\/h4><iframe loading=\"lazy\" class=\"igd-embed\" src=\"https:\/\/drive.google.com\/file\/d\/1DOQfYJaMlJonuAkl0jSmcSrkSuartk9D\/preview?rm=minimal\" frameborder=\"0\" width=\"100%\" height=\"480\" referrerpolicy=\"no-referrer\" allow=\"autoplay\" allowfullscreen sandbox=\"allow-same-origin allow-scripts allow-popups allow-forms\"><\/iframe><h4 class=\"igd-embed-name\">00 - Retorno a proprietaria Maria Luiza.pdf<\/h4><iframe loading=\"lazy\" class=\"igd-embed\" src=\"https:\/\/drive.google.com\/file\/d\/1MevHzuuLaYel9iTZECbQYO1L52YH8xJD\/preview?rm=minimal\" frameborder=\"0\" width=\"100%\" height=\"480\" referrerpolicy=\"no-referrer\" allow=\"autoplay\" allowfullscreen sandbox=\"allow-same-origin allow-scripts allow-popups allow-forms\"><\/iframe><h4 class=\"igd-embed-name\">01 - Boleto Cond. Manoel Freire Diogo - unid 11 - ref SET-2022.pdf<\/h4><iframe loading=\"lazy\" class=\"igd-embed\" src=\"https:\/\/drive.google.com\/file\/d\/1p9Pt1WPboRpIptdW5jEhfi4kq4qHCOWC\/preview?rm=minimal\" frameborder=\"0\" width=\"100%\" height=\"480\" referrerpolicy=\"no-referrer\" allow=\"autoplay\" allowfullscreen sandbox=\"allow-same-origin allow-scripts allow-popups allow-forms\"><\/iframe><h4 class=\"igd-embed-name\">02 - Comprovante - Boleto Cond. Manoel Freire Diogo - unid 11 - ref SET-2022.pdf<\/h4><iframe loading=\"lazy\" class=\"igd-embed\" src=\"https:\/\/drive.google.com\/file\/d\/1HdXTd_5U-dfeFgMx5BbXC7xAYT9yWDJl\/preview?rm=minimal\" frameborder=\"0\" width=\"100%\" height=\"480\" referrerpolicy=\"no-referrer\" allow=\"autoplay\" allowfullscreen sandbox=\"allow-same-origin allow-scripts allow-popups allow-forms\"><\/iframe><h4 class=\"igd-embed-name\">03 - Boleto Cond. Manoel Freire Diogo - unid 11 - ref OUT-2022.pdf<\/h4><iframe loading=\"lazy\" class=\"igd-embed\" src=\"https:\/\/drive.google.com\/file\/d\/1qph72uYbQx8rUWYmF2f2-AA7wR4L-qU1\/preview?rm=minimal\" frameborder=\"0\" width=\"100%\" height=\"480\" referrerpolicy=\"no-referrer\" allow=\"autoplay\" allowfullscreen sandbox=\"allow-same-origin allow-scripts allow-popups allow-forms\"><\/iframe><h4 class=\"igd-embed-name\">04 - Comprovante - Boleto Cond. Manoel Freire Diogo - unid 11 - ref OUT-2022.pdf<\/h4><iframe loading=\"lazy\" class=\"igd-embed\" src=\"https:\/\/drive.google.com\/file\/d\/1jIW46ph6MIZgbeKStNBHHgu1f3NtTh4Y\/preview?rm=minimal\" frameborder=\"0\" width=\"100%\" height=\"480\" referrerpolicy=\"no-referrer\" allow=\"autoplay\" allowfullscreen sandbox=\"allow-same-origin allow-scripts allow-popups allow-forms\"><\/iframe><h4 class=\"igd-embed-name\">05 - Boleto Cond. Manoel Freire Diogo - unid 13 - ref SET-2022.pdf<\/h4><iframe loading=\"lazy\" class=\"igd-embed\" src=\"https:\/\/drive.google.com\/file\/d\/19BGtjEgWDu9yJqPBj3EjV90yCvgMXU16\/preview?rm=minimal\" frameborder=\"0\" width=\"100%\" height=\"480\" referrerpolicy=\"no-referrer\" allow=\"autoplay\" allowfullscreen sandbox=\"allow-same-origin allow-scripts allow-popups allow-forms\"><\/iframe><h4 class=\"igd-embed-name\">06 - Comprovante - Boleto Cond. Manoel Freire Diogo - unid 13 - ref SET-2022.pdf<\/h4><iframe loading=\"lazy\" class=\"igd-embed\" src=\"https:\/\/drive.google.com\/file\/d\/1q6fgqR7aeMGCOINYycr0d8rE0-eebj9C\/preview?rm=minimal\" frameborder=\"0\" width=\"100%\" height=\"480\" referrerpolicy=\"no-referrer\" allow=\"autoplay\" allowfullscreen sandbox=\"allow-same-origin allow-scripts allow-popups allow-forms\"><\/iframe><h4 class=\"igd-embed-name\">07 - Boleto Cond. Manoel Freire Diogo - unid 13 - ref OUT-2022.pdf<\/h4><iframe loading=\"lazy\" class=\"igd-embed\" src=\"https:\/\/drive.google.com\/file\/d\/1OpCkH26G1DUceX6-mRXtDj7GdXg6cRO5\/preview?rm=minimal\" frameborder=\"0\" width=\"100%\" height=\"480\" referrerpolicy=\"no-referrer\" allow=\"autoplay\" allowfullscreen sandbox=\"allow-same-origin allow-scripts allow-popups allow-forms\"><\/iframe><h4 class=\"igd-embed-name\">08 - Comprovante - Boleto Cond. Manoel Freire Diogo - unid 13 - ref OUT-2022.pdf<\/h4><iframe loading=\"lazy\" class=\"igd-embed\" src=\"https:\/\/drive.google.com\/file\/d\/1gkxOnzo-KGgmDyE1KibkIPwwDpZsLHGM\/preview?rm=minimal\" frameborder=\"0\" width=\"100%\" height=\"480\" referrerpolicy=\"no-referrer\" allow=\"autoplay\" allowfullscreen sandbox=\"allow-same-origin allow-scripts allow-popups allow-forms\"><\/iframe><h4 class=\"igd-embed-name\">09 - Planilha de acompanhamento (OUT-NOV-DEZ) - M\u00aa LUIZA - 2022.pdf<\/h4><iframe loading=\"lazy\" class=\"igd-embed\" src=\"https:\/\/drive.google.com\/file\/d\/1k9PipTdb4C_KY6td0P6qRvPjstwhycFL\/preview?rm=minimal\" frameborder=\"0\" width=\"100%\" height=\"480\" referrerpolicy=\"no-referrer\" allow=\"autoplay\" allowfullscreen sandbox=\"allow-same-origin allow-scripts allow-popups allow-forms\"><\/iframe><h4 class=\"igd-embed-name\">11 - Transferencia Total do Valor em conta - T\u00e9rmino Invent\u00e1rio.pdf<\/h4><iframe loading=\"lazy\" class=\"igd-embed\" src=\"https:\/\/drive.google.com\/file\/d\/1B4peaUWyso9V7MkCUOpXcVAfC9wXpv3S\/preview?rm=minimal\" frameborder=\"0\" width=\"100%\" height=\"480\" referrerpolicy=\"no-referrer\" allow=\"autoplay\" allowfullscreen sandbox=\"allow-same-origin allow-scripts allow-popups allow-forms\"><\/iframe><h4 class=\"igd-embed-name\">13 - Contrato de Loca\u00e7\u00e3o - Maria Helena Justiniano.pdf<\/h4><iframe loading=\"lazy\" class=\"igd-embed\" src=\"https:\/\/drive.google.com\/file\/d\/1K_KqKdtUOCsQh8uANodOTk7VY6kDxiEY\/preview?rm=minimal\" frameborder=\"0\" width=\"100%\" height=\"480\" referrerpolicy=\"no-referrer\" allow=\"autoplay\" allowfullscreen sandbox=\"allow-same-origin allow-scripts allow-popups allow-forms\"><\/iframe><h4 class=\"igd-embed-name\">14 - Contrato de Presta\u00e7\u00e3o de Servi\u00e7os com o Esp\u00f3lio.pdf<\/h4><iframe loading=\"lazy\" class=\"igd-embed\" src=\"https:\/\/drive.google.com\/file\/d\/1WlGtJDJtl42AfJSvS9j0bsNlgYPBd5ob\/preview?rm=minimal\" frameborder=\"0\" width=\"100%\" height=\"480\" referrerpolicy=\"no-referrer\" allow=\"autoplay\" allowfullscreen sandbox=\"allow-same-origin allow-scripts allow-popups allow-forms\"><\/iframe><h4 class=\"igd-embed-name\">16 - Email Comunicando homologa\u00e7\u00e3o em Invent\u00e1rio.pdf<\/h4><iframe loading=\"lazy\" class=\"igd-embed\" src=\"https:\/\/drive.google.com\/file\/d\/1yq_Gznr9Yf-FBxYKAJ_MKyCnfs_JcRzZ\/preview?rm=minimal\" frameborder=\"0\" width=\"100%\" height=\"480\" referrerpolicy=\"no-referrer\" allow=\"autoplay\" allowfullscreen sandbox=\"allow-same-origin allow-scripts allow-popups allow-forms\"><\/iframe><h4 class=\"igd-embed-name\">17 - Certid\u00e3o Negativa de D\u00e9bitos im\u00f3veis - IPTU.pdf<\/h4><iframe loading=\"lazy\" class=\"igd-embed\" src=\"https:\/\/drive.google.com\/file\/d\/1wr2fgZ2D9BmMrJQZe4beQgAwDjUN4j4T\/preview?rm=minimal\" frameborder=\"0\" width=\"100%\" height=\"480\" referrerpolicy=\"no-referrer\" allow=\"autoplay\" allowfullscreen sandbox=\"allow-same-origin allow-scripts allow-popups allow-forms\"><\/iframe><h4 class=\"igd-embed-name\">18 - Ficha  de Atz dados Cadastrais.pdf<\/h4><iframe loading=\"lazy\" class=\"igd-embed\" src=\"https:\/\/drive.google.com\/file\/d\/1k8tH6P-eZA0f2QMhYjJ5YHvF8JJUy7Ov\/preview?rm=minimal\" frameborder=\"0\" width=\"100%\" height=\"480\" referrerpolicy=\"no-referrer\" allow=\"autoplay\" allowfullscreen sandbox=\"allow-same-origin allow-scripts allow-popups allow-forms\"><\/iframe><h4 class=\"igd-embed-name\">19-comprov. pagto. IPTU SBC jan-2023.pdf<\/h4><iframe loading=\"lazy\" class=\"igd-embed\" src=\"https:\/\/drive.google.com\/file\/d\/1030dpO9S_46-x3na0zPUWDtDa8vzKzRX\/preview?rm=minimal\" frameborder=\"0\" width=\"100%\" height=\"480\" referrerpolicy=\"no-referrer\" allow=\"autoplay\" allowfullscreen sandbox=\"allow-same-origin allow-scripts allow-popups allow-forms\"><\/iframe><h4 class=\"igd-embed-name\">20-carn\u00ea e comprov. pagto. IPTU - R. S\u00e3o Francisco-jan-2023.pdf<\/h4><iframe loading=\"lazy\" class=\"igd-embed\" src=\"https:\/\/drive.google.com\/file\/d\/1V384EzViJf0fYnV6OYhPvreLZWyAIU13\/preview?rm=minimal\" frameborder=\"0\" width=\"100%\" height=\"480\" referrerpolicy=\"no-referrer\" allow=\"autoplay\" allowfullscreen sandbox=\"allow-same-origin allow-scripts allow-popups allow-forms\"><\/iframe><h4 class=\"igd-embed-name\">21-Processo exec. de t\u00edtulo-cobran\u00e7a de alugu\u00e9is-1034265-08.2022.8.26.0562.pdf<\/h4><iframe loading=\"lazy\" class=\"igd-embed\" src=\"https:\/\/drive.google.com\/file\/d\/1FFmK-7_qCD56xF0bn8v-RzafyeE_mbua\/preview?rm=minimal\" frameborder=\"0\" width=\"100%\" height=\"480\" referrerpolicy=\"no-referrer\" allow=\"autoplay\" allowfullscreen sandbox=\"allow-same-origin allow-scripts allow-popups allow-forms\"><\/iframe><h4 class=\"igd-embed-name\">Documentos enviados SEDEX escritorio Advogado.pdf<\/h4><iframe loading=\"lazy\" class=\"igd-embed\" src=\"https:\/\/drive.google.com\/file\/d\/1iO3OugMpg9B4pirq06zFilesVrf1EXMM\/preview?rm=minimal\" frameborder=\"0\" width=\"100%\" height=\"480\" referrerpolicy=\"no-referrer\" allow=\"autoplay\" allowfullscreen sandbox=\"allow-same-origin allow-scripts allow-popups allow-forms\"><\/iframe><h4 class=\"igd-embed-name\">Transferencias para conta do esp\u00f3lio de 2018 - 2022 .pdf<\/h4><iframe loading=\"lazy\" class=\"igd-embed\" src=\"https:\/\/drive.google.com\/file\/d\/1QT-4ldIwE3JGKBtjx9kinjewGnXji3Km\/preview?rm=minimal\" frameborder=\"0\" width=\"100%\" height=\"480\" referrerpolicy=\"no-referrer\" allow=\"autoplay\" allowfullscreen sandbox=\"allow-same-origin allow-scripts allow-popups allow-forms\"><\/iframe><\/div><\/div>\n","protected":false},"excerpt":{"rendered":"","protected":false},"author":1,"featured_media":0,"parent":3412,"menu_order":0,"comment_status":"open","ping_status":"closed","template":"","meta":{"footnotes":""},"categories":[303],"tags":[],"class_list":["post-3416","page","type-page","status-publish","hentry","category-administradoras"],"_links":{"self":[{"href":"https:\/\/retalhos.net\/dice\/wp-json\/wp\/v2\/pages\/3416","targetHints":{"allow":["GET"]}}],"collection":[{"href":"https:\/\/retalhos.net\/dice\/wp-json\/wp\/v2\/pages"}],"about":[{"href":"https:\/\/retalhos.net\/dice\/wp-json\/wp\/v2\/types\/page"}],"author":[{"embeddable":true,"href":"https:\/\/retalhos.net\/dice\/wp-json\/wp\/v2\/users\/1"}],"replies":[{"embeddable":true,"href":"https:\/\/retalhos.net\/dice\/wp-json\/wp\/v2\/comments?post=3416"}],"version-history":[{"count":6,"href":"https:\/\/retalhos.net\/dice\/wp-json\/wp\/v2\/pages\/3416\/revisions"}],"predecessor-version":[{"id":4257,"href":"https:\/\/retalhos.net\/dice\/wp-json\/wp\/v2\/pages\/3416\/revisions\/4257"}],"up":[{"embeddable":true,"href":"https:\/\/retalhos.net\/dice\/wp-json\/wp\/v2\/pages\/3412"}],"wp:attachment":[{"href":"https:\/\/retalhos.net\/dice\/wp-json\/wp\/v2\/media?parent=3416"}],"wp:term":[{"taxonomy":"category","embeddable":true,"href":"https:\/\/retalhos.net\/dice\/wp-json\/wp\/v2\/categories?post=3416"},{"taxonomy":"post_tag","embeddable":true,"href":"https:\/\/retalhos.net\/dice\/wp-json\/wp\/v2\/tags?post=3416"}],"curies":[{"name":"wp","href":"https:\/\/api.w.org\/{rel}","templated":true}]}}