{"id":3418,"date":"2023-09-25T12:14:54","date_gmt":"2023-09-25T15:14:54","guid":{"rendered":"http:\/\/retalhos.net\/dice\/?page_id=3418"},"modified":"2023-10-10T22:49:30","modified_gmt":"2023-10-11T01:49:30","slug":"silvio-reis","status":"publish","type":"page","link":"https:\/\/retalhos.net\/dice\/2022-2023-resumo\/silvio-reis\/","title":{"rendered":"Silvio Reis"},"content":{"rendered":"<hr \/>\n<div class=\"igd igd-shortcode-wrap igd-shortcode-embed\"><div class=\"igd-embed-wrap\"><h4 class=\"igd-embed-name\"> 2022-12-19 env E-mail Adm   Leuchtemberg 89.pdf<\/h4><iframe loading=\"lazy\" class=\"igd-embed\" src=\"https:\/\/drive.google.com\/file\/d\/1ghFTg9uUzL6lNLlVfxDD2rv8YhWSm1pK\/preview?rm=minimal\" frameborder=\"0\" width=\"100%\" height=\"480\" referrerpolicy=\"no-referrer\" allow=\"autoplay\" allowfullscreen sandbox=\"allow-same-origin allow-scripts allow-popups allow-forms\"><\/iframe><h4 class=\"igd-embed-name\">2022-12-25 Vanessa e-mail Contato Im\u00f3biliaria.pdf<\/h4><iframe loading=\"lazy\" class=\"igd-embed\" src=\"https:\/\/drive.google.com\/file\/d\/1Q8BEecOahm0fQ7XMSpQKpFtv64zGcihl\/preview?rm=minimal\" frameborder=\"0\" width=\"100%\" height=\"480\" referrerpolicy=\"no-referrer\" allow=\"autoplay\" allowfullscreen sandbox=\"allow-same-origin allow-scripts allow-popups allow-forms\"><\/iframe><h4 class=\"igd-embed-name\">2023-01-13 Troca de E-Mail Tudo acertado .pdf<\/h4><iframe loading=\"lazy\" class=\"igd-embed\" src=\"https:\/\/drive.google.com\/file\/d\/1Cagr84VANQ4clfby1mFlZPVBa-jJ6T8h\/preview?rm=minimal\" frameborder=\"0\" width=\"100%\" height=\"480\" referrerpolicy=\"no-referrer\" allow=\"autoplay\" allowfullscreen sandbox=\"allow-same-origin allow-scripts allow-popups allow-forms\"><\/iframe><h4 class=\"igd-embed-name\">Contrato de loca\u00e7\u00e3o Am\u00e9lia Leuchtemberg 89.pdf<\/h4><iframe loading=\"lazy\" class=\"igd-embed\" src=\"https:\/\/drive.google.com\/file\/d\/1nTmYqBHT4b791Jg6-NfV9pkhnl3ejtWq\/preview?rm=minimal\" frameborder=\"0\" width=\"100%\" height=\"480\" referrerpolicy=\"no-referrer\" allow=\"autoplay\" allowfullscreen sandbox=\"allow-same-origin allow-scripts allow-popups allow-forms\"><\/iframe><h4 class=\"igd-embed-name\">E-mail Repasses 50_ R Am\u00e9lia Leuchtemberg 89.pdf<\/h4><iframe loading=\"lazy\" class=\"igd-embed\" src=\"https:\/\/drive.google.com\/file\/d\/187PvXVJO4z4c-EvF3G4zPmKBqFHOTMVK\/preview?rm=minimal\" frameborder=\"0\" width=\"100%\" height=\"480\" referrerpolicy=\"no-referrer\" allow=\"autoplay\" allowfullscreen sandbox=\"allow-same-origin allow-scripts allow-popups allow-forms\"><\/iframe><h4 class=\"igd-embed-name\">Re 10.01.2023 Em resposta ao email do Sr Cesar.pdf<\/h4><iframe loading=\"lazy\" class=\"igd-embed\" src=\"https:\/\/drive.google.com\/file\/d\/1-HYznhuAKOIOn7khFR-pNzjgo0V3eGK3\/preview?rm=minimal\" frameborder=\"0\" width=\"100%\" height=\"480\" referrerpolicy=\"no-referrer\" allow=\"autoplay\" allowfullscreen sandbox=\"allow-same-origin allow-scripts allow-popups allow-forms\"><\/iframe><h4 class=\"igd-embed-name\">Resumo Minuta Rachel-Damazilde.pdf<\/h4><iframe loading=\"lazy\" class=\"igd-embed\" src=\"https:\/\/drive.google.com\/file\/d\/1rhCcjn7UzAy4dCCatXnt2iih82ApJfgQ\/preview?rm=minimal\" frameborder=\"0\" width=\"100%\" height=\"480\" referrerpolicy=\"no-referrer\" allow=\"autoplay\" allowfullscreen sandbox=\"allow-same-origin allow-scripts allow-popups allow-forms\"><\/iframe><h4 class=\"igd-embed-name\">Silvio Reis Imoveis e-mail.pdf<\/h4><iframe loading=\"lazy\" class=\"igd-embed\" src=\"https:\/\/drive.google.com\/file\/d\/1qO_aupXMluaPzeoo_GbwiaF2g-Dcgy2D\/preview?rm=minimal\" frameborder=\"0\" width=\"100%\" height=\"480\" referrerpolicy=\"no-referrer\" allow=\"autoplay\" allowfullscreen sandbox=\"allow-same-origin allow-scripts allow-popups allow-forms\"><\/iframe><h4 class=\"igd-embed-name\">Vanessa Cristina Teixeira dos Reis Peti\u00e7\u00e3o Inicial - TJSP - A\u00e7\u00e3o Enriquecimento sem Causa de 21.8.26.0562.pdf<\/h4><iframe loading=\"lazy\" class=\"igd-embed\" src=\"https:\/\/drive.google.com\/file\/d\/1qzMbw_Dby6qu59-KGv7raCB4jsOUCuVR\/preview?rm=minimal\" frameborder=\"0\" width=\"100%\" height=\"480\" referrerpolicy=\"no-referrer\" allow=\"autoplay\" allowfullscreen sandbox=\"allow-same-origin allow-scripts allow-popups allow-forms\"><\/iframe><\/div><\/div>\n<blockquote>\n<hr \/>\n<\/blockquote>\n                <div class=\"igd igd-shortcode-wrap igd-shortcode-gallery\"\n                     data-shortcode-data=\"eyJpZCI6MTc1LCJzdGF0dXMiOiJvbiIsInRpdGxlIjoiUFIgMjAyMiAyMDIzIFNpbHZpbyBSIGltZyIsInR5cGUiOiJnYWxsZXJ5IiwiYWxsRm9sZGVycyI6ZmFsc2UsImZvbGRlcnMiOlt7ImlkIjoiMXNSSEN4bmpxWUdDRHZvSkJwOVhUdTRVb1llNXktVDNuIiwibmFtZSI6IjIwMjItMTEtMjIgVmFuZXNzYSBUZWxlZ3JhbWEuanBnIiwidHlwZSI6ImltYWdlXC9qcGVnIiwic2l6ZSI6IjE1NzE4NyIsImljb25MaW5rIjoiaHR0cHM6XC9cL2RyaXZlLXRoaXJkcGFydHkuZ29vZ2xldXNlcmNvbnRlbnQuY29tXC8xNlwvdHlwZVwvaW1hZ2VcL2pwZWciLCJ0aHVtYm5haWxMaW5rIjoiaHR0cHM6XC9cL2xoMy5nb29nbGV1c2VyY29udGVudC5jb21cL2RyaXZlLXN0b3JhZ2VcL0FLSGo2RTRNV0VrV01GVUpDUHB6UU5IeDhvaEd3T29OT0Y4X0lzTExWVXNtTjlCaGNYWDN0dURVREszWjlTSEtKazRNS3RIb3JXdmFvTE1TSWhyMXZ2RzAzWF9sV3JqUERJTjUzeDlnR3FKUk1nPXMyMjAiLCJ3ZWJWaWV3TGluayI6Imh0dHBzOlwvXC9kcml2ZS5nb29nbGUuY29tXC9maWxlXC9kXC8xc1JIQ3huanFZR0NEdm9KQnA5WFR1NFVvWWU1eS1UM25cL3ZpZXc\/dXNwPWRyaXZlc2RrIiwid2ViQ29udGVudExpbmsiOiJodHRwczpcL1wvZHJpdmUuZ29vZ2xlLmNvbVwvdWM\/aWQ9MXNSSEN4bmpxWUdDRHZvSkJwOVhUdTRVb1llNXktVDNuJmV4cG9ydD1kb3dubG9hZCIsImNyZWF0ZWQiOiIyMDIzLTEwLTA5VDE0OjQwOjEwLjU2OVoiLCJ1cGRhdGVkIjoiMjAyMy0xMC0wNFQwNzowOTozMi4wMDBaIiwiZGVzY3JpcHRpb24iOm51bGwsInBhcmVudHMiOlsiMXZINmVvRV9iODd2M2JLd2Y1cXdzOFhGNTNSUTBMTUpsIl0sInNoYXJlZCI6dHJ1ZSwic2hhcmVkV2l0aE1lVGltZSI6bnVsbCwiZXh0ZW5zaW9uIjoianBnIiwicmVzb3VyY2VLZXkiOm51bGwsImNvcHlSZXF1aXJlc1dyaXRlclBlcm1pc3Npb24iOmZhbHNlLCJzdGFycmVkIjpudWxsLCJleHBvcnRMaW5rcyI6bnVsbCwiYWNjb3VudElkIjoiMTEwMjg3MTQ3NzQ5ODczNzIxMDYiLCJwZXJtaXNzaW9ucyI6eyJjYW5QcmV2aWV3Ijp0cnVlLCJjYW5Eb3dubG9hZCI6dHJ1ZSwiY2FuRWRpdCI6ZmFsc2UsImNhbkRlbGV0ZSI6dHJ1ZSwiY2FuVHJhc2giOnRydWUsImNhbk1vdmUiOnRydWUsImNhblJlbmFtZSI6dHJ1ZSwiY2FuU2hhcmUiOnRydWUsImNvcHlSZXF1aXJlc1dyaXRlclBlcm1pc3Npb24iOmZhbHNlLCJjYW5DaGFuZ2VDb3B5UmVxdWlyZXNXcml0ZXJQZXJtaXNzaW9uIjpudWxsLCJ1c2VycyI6eyJhbnlvbmVXaXRoTGluayI6eyJ0eXBlIjoiYW55b25lIiwicm9sZSI6InJlYWRlciIsImRvbWFpbiI6bnVsbH0sIjExMDI4NzE0Nzc0OTg3MzcyMTA2Ijp7InR5cGUiOiJ1c2VyIiwicm9sZSI6Im93bmVyIiwiZG9tYWluIjpudWxsfX19LCJleHBvcnRBcyI6W10sIm1ldGFEYXRhIjp7IndpZHRoIjo3MTAsImhlaWdodCI6MTEzMH0sImlzRm9sZGVyIjpmYWxzZX0seyJpZCI6IjFlR0VGT1VaSndkQlpXV1k0bFdyQnQtVTJmbGxBb1pQZyIsIm5hbWUiOiIyMDIyLTEyLTE1IFNpbHZpbyAgUmVpcyBJbW92ZWlzIGUtbWFpbDEuanBnIiwidHlwZSI6ImltYWdlXC9qcGVnIiwic2l6ZSI6IjE5NzU0MyIsImljb25MaW5rIjoiaHR0cHM6XC9cL2RyaXZlLXRoaXJkcGFydHkuZ29vZ2xldXNlcmNvbnRlbnQuY29tXC8xNlwvdHlwZVwvaW1hZ2VcL2pwZWciLCJ0aHVtYm5haWxMaW5rIjoiaHR0cHM6XC9cL2xoMy5nb29nbGV1c2VyY29udGVudC5jb21cL2RyaXZlLXN0b3JhZ2VcL0FLSGo2RTRlZzhlWmJVeUMzLUhJWFo5NXhzMy16QnFJV09UUGlndmZWdm90LVhpTFZmdTNVUFo1ZW4temJrb2JkMnB6UVh2cHdkamxtV2x1OGZPSGNtbmQxUVhIZ29CVEdUTXZFRFgtSnBMbWpBPXMyMjAiLCJ3ZWJWaWV3TGluayI6Imh0dHBzOlwvXC9kcml2ZS5nb29nbGUuY29tXC9maWxlXC9kXC8xZUdFRk9VWkp3ZEJaV1dZNGxXckJ0LVUyZmxsQW9aUGdcL3ZpZXc\/dXNwPWRyaXZlc2RrIiwid2ViQ29udGVudExpbmsiOiJodHRwczpcL1wvZHJpdmUuZ29vZ2xlLmNvbVwvdWM\/aWQ9MWVHRUZPVVpKd2RCWldXWTRsV3JCdC1VMmZsbEFvWlBnJmV4cG9ydD1kb3dubG9hZCIsImNyZWF0ZWQiOiIyMDIzLTEwLTA5VDE0OjQwOjA4Ljk3MFoiLCJ1cGRhdGVkIjoiMjAyMy0xMC0wNFQwNzowOTozNC4wMDBaIiwiZGVzY3JpcHRpb24iOm51bGwsInBhcmVudHMiOlsiMXZINmVvRV9iODd2M2JLd2Y1cXdzOFhGNTNSUTBMTUpsIl0sInNoYXJlZCI6dHJ1ZSwic2hhcmVkV2l0aE1lVGltZSI6bnVsbCwiZXh0ZW5zaW9uIjoianBnIiwicmVzb3VyY2VLZXkiOm51bGwsImNvcHlSZXF1aXJlc1dyaXRlclBlcm1pc3Npb24iOmZhbHNlLCJzdGFycmVkIjpudWxsLCJleHBvcnRMaW5rcyI6bnVsbCwiYWNjb3VudElkIjoiMTEwMjg3MTQ3NzQ5ODczNzIxMDYiLCJwZXJtaXNzaW9ucyI6eyJjYW5QcmV2aWV3Ijp0cnVlLCJjYW5Eb3dubG9hZCI6dHJ1ZSwiY2FuRWRpdCI6ZmFsc2UsImNhbkRlbGV0ZSI6dHJ1ZSwiY2FuVHJhc2giOnRydWUsImNhbk1vdmUiOnRydWUsImNhblJlbmFtZSI6dHJ1ZSwiY2FuU2hhcmUiOnRydWUsImNvcHlSZXF1aXJlc1dyaXRlclBlcm1pc3Npb24iOmZhbHNlLCJjYW5DaGFuZ2VDb3B5UmVxdWlyZXNXcml0ZXJQZXJtaXNzaW9uIjpudWxsLCJ1c2VycyI6eyJhbnlvbmVXaXRoTGluayI6eyJ0eXBlIjoiYW55b25lIiwicm9sZSI6InJlYWRlciIsImRvbWFpbiI6bnVsbH0sIjExMDI4NzE0Nzc0OTg3MzcyMTA2Ijp7InR5cGUiOiJ1c2VyIiwicm9sZSI6Im93bmVyIiwiZG9tYWluIjpudWxsfX19LCJleHBvcnRBcyI6W10sIm1ldGFEYXRhIjp7IndpZHRoIjo3OTksImhlaWdodCI6MTEzMH0sImlzRm9sZGVyIjpmYWxzZX0seyJpZCI6IjFXVWNQbmNtQTFNcVFFeTJQb3FndmNCbnlTcWFBdVA2YSIsIm5hbWUiOiIyMDIyLTEyLTE1IFNpbHZpbyBSZWlzIEltb3ZlaXMgZS1tYWlsMi5qcGciLCJ0eXBlIjoiaW1hZ2VcL2pwZWciLCJzaXplIjoiMTMzNTM3IiwiaWNvbkxpbmsiOiJodHRwczpcL1wvZHJpdmUtdGhpcmRwYXJ0eS5nb29nbGV1c2VyY29udGVudC5jb21cLzE2XC90eXBlXC9pbWFnZVwvanBlZyIsInRodW1ibmFpbExpbmsiOiJodHRwczpcL1wvbGgzLmdvb2dsZXVzZXJjb250ZW50LmNvbVwvZHJpdmUtc3RvcmFnZVwvQUtIajZFNGVBQXJxOC1HUjBoOFlLWWdjaHhOQU1pTERzbjN1b2w1dUs4S3lKR1JGdGVQN3NsOVoxb09ELWtpTWh6ZmFPRVB5ZzVabFFUVzBKR1ZDczhDYmJMbS16cnJMQjIzRkE1cnV3OXdLMWc9czIyMCIsIndlYlZpZXdMaW5rIjoiaHR0cHM6XC9cL2RyaXZlLmdvb2dsZS5jb21cL2ZpbGVcL2RcLzFXVWNQbmNtQTFNcVFFeTJQb3FndmNCbnlTcWFBdVA2YVwvdmlldz91c3A9ZHJpdmVzZGsiLCJ3ZWJDb250ZW50TGluayI6Imh0dHBzOlwvXC9kcml2ZS5nb29nbGUuY29tXC91Yz9pZD0xV1VjUG5jbUExTXFRRXkyUG9xZ3ZjQm55U3FhQXVQNmEmZXhwb3J0PWRvd25sb2FkIiwiY3JlYXRlZCI6IjIwMjMtMTAtMDlUMTQ6NDA6MTIuMzEzWiIsInVwZGF0ZWQiOiIyMDIzLTEwLTA0VDA3OjA5OjM2LjAwMFoiLCJkZXNjcmlwdGlvbiI6bnVsbCwicGFyZW50cyI6WyIxdkg2ZW9FX2I4N3YzYkt3ZjVxd3M4WEY1M1JRMExNSmwiXSwic2hhcmVkIjp0cnVlLCJzaGFyZWRXaXRoTWVUaW1lIjpudWxsLCJleHRlbnNpb24iOiJqcGciLCJyZXNvdXJjZUtleSI6bnVsbCwiY29weVJlcXVpcmVzV3JpdGVyUGVybWlzc2lvbiI6ZmFsc2UsInN0YXJyZWQiOm51bGwsImV4cG9ydExpbmtzIjpudWxsLCJhY2NvdW50SWQiOiIxMTAyODcxNDc3NDk4NzM3MjEwNiIsInBlcm1pc3Npb25zIjp7ImNhblByZXZpZXciOnRydWUsImNhbkRvd25sb2FkIjp0cnVlLCJjYW5FZGl0IjpmYWxzZSwiY2FuRGVsZXRlIjp0cnVlLCJjYW5UcmFzaCI6dHJ1ZSwiY2FuTW92ZSI6dHJ1ZSwiY2FuUmVuYW1lIjp0cnVlLCJjYW5TaGFyZSI6dHJ1ZSwiY29weVJlcXVpcmVzV3JpdGVyUGVybWlzc2lvbiI6ZmFsc2UsImNhbkNoYW5nZUNvcHlSZXF1aXJlc1dyaXRlclBlcm1pc3Npb24iOm51bGwsInVzZXJzIjp7ImFueW9uZVdpdGhMaW5rIjp7InR5cGUiOiJhbnlvbmUiLCJyb2xlIjoicmVhZGVyIiwiZG9tYWluIjpudWxsfSwiMTEwMjg3MTQ3NzQ5ODczNzIxMDYiOnsidHlwZSI6InVzZXIiLCJyb2xlIjoib3duZXIiLCJkb21haW4iOm51bGx9fX0sImV4cG9ydEFzIjpbXSwibWV0YURhdGEiOnsid2lkdGgiOjc5OSwiaGVpZ2h0IjoxMTMwfSwiaXNGb2xkZXIiOmZhbHNlfSx7ImlkIjoiMU01M2JEaUNTcU9XZTR4bFN0ZFNTLW1wRm1SQjJRUm1kIiwibmFtZSI6IjIwMjItMTItMTUgVmFuZXNzYSBlLW1haWwgQ29udGF0byBJbVx1MDBmM2JpbGlhcmlhLmpwZyIsInR5cGUiOiJpbWFnZVwvanBlZyIsInNpemUiOiI4NTg4NCIsImljb25MaW5rIjoiaHR0cHM6XC9cL2RyaXZlLXRoaXJkcGFydHkuZ29vZ2xldXNlcmNvbnRlbnQuY29tXC8xNlwvdHlwZVwvaW1hZ2VcL2pwZWciLCJ0aHVtYm5haWxMaW5rIjoiaHR0cHM6XC9cL2xoMy5nb29nbGV1c2VyY29udGVudC5jb21cL2RyaXZlLXN0b3JhZ2VcL0FLSGo2RTY5ZEpxZUg0VE5VeHFvZTc2ZldXMmFtMzEtamFma0lVV0FCQzl5aVRMZDJVa1VRazlEQVRCU05XZlA3WTlvSWxxdmhKVHRWWEE2UXUzSXY3Z19fdmQ1cnhyNUt4SnBxMHZhZ01WZ1h3PXMyMjAiLCJ3ZWJWaWV3TGluayI6Imh0dHBzOlwvXC9kcml2ZS5nb29nbGUuY29tXC9maWxlXC9kXC8xTTUzYkRpQ1NxT1dlNHhsU3RkU1MtbXBGbVJCMlFSbWRcL3ZpZXc\/dXNwPWRyaXZlc2RrIiwid2ViQ29udGVudExpbmsiOiJodHRwczpcL1wvZHJpdmUuZ29vZ2xlLmNvbVwvdWM\/aWQ9MU01M2JEaUNTcU9XZTR4bFN0ZFNTLW1wRm1SQjJRUm1kJmV4cG9ydD1kb3dubG9hZCIsImNyZWF0ZWQiOiIyMDIzLTEwLTA5VDE0OjQwOjExLjY3M1oiLCJ1cGRhdGVkIjoiMjAyMy0xMC0wNFQwNzowOTozNi4wMDBaIiwiZGVzY3JpcHRpb24iOm51bGwsInBhcmVudHMiOlsiMXZINmVvRV9iODd2M2JLd2Y1cXdzOFhGNTNSUTBMTUpsIl0sInNoYXJlZCI6dHJ1ZSwic2hhcmVkV2l0aE1lVGltZSI6bnVsbCwiZXh0ZW5zaW9uIjoianBnIiwicmVzb3VyY2VLZXkiOm51bGwsImNvcHlSZXF1aXJlc1dyaXRlclBlcm1pc3Npb24iOmZhbHNlLCJzdGFycmVkIjpudWxsLCJleHBvcnRMaW5rcyI6bnVsbCwiYWNjb3VudElkIjoiMTEwMjg3MTQ3NzQ5ODczNzIxMDYiLCJwZXJtaXNzaW9ucyI6eyJjYW5QcmV2aWV3Ijp0cnVlLCJjYW5Eb3dubG9hZCI6dHJ1ZSwiY2FuRWRpdCI6ZmFsc2UsImNhbkRlbGV0ZSI6dHJ1ZSwiY2FuVHJhc2giOnRydWUsImNhbk1vdmUiOnRydWUsImNhblJlbmFtZSI6dHJ1ZSwiY2FuU2hhcmUiOnRydWUsImNvcHlSZXF1aXJlc1dyaXRlclBlcm1pc3Npb24iOmZhbHNlLCJjYW5DaGFuZ2VDb3B5UmVxdWlyZXNXcml0ZXJQZXJtaXNzaW9uIjpudWxsLCJ1c2VycyI6eyJhbnlvbmVXaXRoTGluayI6eyJ0eXBlIjoiYW55b25lIiwicm9sZSI6InJlYWRlciIsImRvbWFpbiI6bnVsbH0sIjExMDI4NzE0Nzc0OTg3MzcyMTA2Ijp7InR5cGUiOiJ1c2VyIiwicm9sZSI6Im93bmVyIiwiZG9tYWluIjpudWxsfX19LCJleHBvcnRBcyI6W10sIm1ldGFEYXRhIjp7IndpZHRoIjo3NDQsImhlaWdodCI6NTYyfSwiaXNGb2xkZXIiOmZhbHNlfSx7ImlkIjoiMXNtNEhzclJPZzdxamJXa0RPR0I1ZVZzbGdHNTFydHdmIiwibmFtZSI6IjIwMjItMTItMTkgZW52IEUtbWFpbCBBZG0gICBMZXVjaHRlbWJlcmcgODkgMS5qcGciLCJ0eXBlIjoiaW1hZ2VcL2pwZWciLCJzaXplIjoiMTc5MTc4IiwiaWNvbkxpbmsiOiJodHRwczpcL1wvZHJpdmUtdGhpcmRwYXJ0eS5nb29nbGV1c2VyY29udGVudC5jb21cLzE2XC90eXBlXC9pbWFnZVwvanBlZyIsInRodW1ibmFpbExpbmsiOiJodHRwczpcL1wvbGgzLmdvb2dsZXVzZXJjb250ZW50LmNvbVwvZHJpdmUtc3RvcmFnZVwvQUtIajZFNkNMWml2X2FhZlBqQXVxMWs5My1TRVhqTDJQRzVqeXp3eXhmdjk2VWx3clB3eURzUlg3M3lZYzdyd3gzQUdreHA3UGxRZ25HMVN1cWR5cHhBMFpxalJQMFZUT0tXWkxDM2g4eUpxcUE9czIyMCIsIndlYlZpZXdMaW5rIjoiaHR0cHM6XC9cL2RyaXZlLmdvb2dsZS5jb21cL2ZpbGVcL2RcLzFzbTRIc3JST2c3cWpiV2tET0dCNWVWc2xnRzUxcnR3Zlwvdmlldz91c3A9ZHJpdmVzZGsiLCJ3ZWJDb250ZW50TGluayI6Imh0dHBzOlwvXC9kcml2ZS5nb29nbGUuY29tXC91Yz9pZD0xc200SHNyUk9nN3FqYldrRE9HQjVlVnNsZ0c1MXJ0d2YmZXhwb3J0PWRvd25sb2FkIiwiY3JlYXRlZCI6IjIwMjMtMTAtMDlUMTQ6NDA6MTAuNTY5WiIsInVwZGF0ZWQiOiIyMDIzLTEwLTA0VDA3OjA5OjM4LjAwMFoiLCJkZXNjcmlwdGlvbiI6bnVsbCwicGFyZW50cyI6WyIxdkg2ZW9FX2I4N3YzYkt3ZjVxd3M4WEY1M1JRMExNSmwiXSwic2hhcmVkIjp0cnVlLCJzaGFyZWRXaXRoTWVUaW1lIjpudWxsLCJleHRlbnNpb24iOiJqcGciLCJyZXNvdXJjZUtleSI6bnVsbCwiY29weVJlcXVpcmVzV3JpdGVyUGVybWlzc2lvbiI6ZmFsc2UsInN0YXJyZWQiOm51bGwsImV4cG9ydExpbmtzIjpudWxsLCJhY2NvdW50SWQiOiIxMTAyODcxNDc3NDk4NzM3MjEwNiIsInBlcm1pc3Npb25zIjp7ImNhblByZXZpZXciOnRydWUsImNhbkRvd25sb2FkIjp0cnVlLCJjYW5FZGl0IjpmYWxzZSwiY2FuRGVsZXRlIjp0cnVlLCJjYW5UcmFzaCI6dHJ1ZSwiY2FuTW92ZSI6dHJ1ZSwiY2FuUmVuYW1lIjp0cnVlLCJjYW5TaGFyZSI6dHJ1ZSwiY29weVJlcXVpcmVzV3JpdGVyUGVybWlzc2lvbiI6ZmFsc2UsImNhbkNoYW5nZUNvcHlSZXF1aXJlc1dyaXRlclBlcm1pc3Npb24iOm51bGwsInVzZXJzIjp7ImFueW9uZVdpdGhMaW5rIjp7InR5cGUiOiJhbnlvbmUiLCJyb2xlIjoicmVhZGVyIiwiZG9tYWluIjpudWxsfSwiMTEwMjg3MTQ3NzQ5ODczNzIxMDYiOnsidHlwZSI6InVzZXIiLCJyb2xlIjoib3duZXIiLCJkb21haW4iOm51bGx9fX0sImV4cG9ydEFzIjpbXSwibWV0YURhdGEiOnsid2lkdGgiOjc5OSwiaGVpZ2h0IjoxMTA0fSwiaXNGb2xkZXIiOmZhbHNlfSx7ImlkIjoiMTRpN09TU1RzQWdqYjlWbTZrNjRCSXJoaUR2ZFJiVld6IiwibmFtZSI6IjIwMjItMTItMTkgZW52IEUtbWFpbCBBZG0gICBMZXVjaHRlbWJlcmcgODkgMi5qcGciLCJ0eXBlIjoiaW1hZ2VcL2pwZWciLCJzaXplIjoiMTM3MTc0IiwiaWNvbkxpbmsiOiJodHRwczpcL1wvZHJpdmUtdGhpcmRwYXJ0eS5nb29nbGV1c2VyY29udGVudC5jb21cLzE2XC90eXBlXC9pbWFnZVwvanBlZyIsInRodW1ibmFpbExpbmsiOiJodHRwczpcL1wvbGgzLmdvb2dsZXVzZXJjb250ZW50LmNvbVwvZHJpdmUtc3RvcmFnZVwvQUtIajZFNnNBdVhFZG4zLTZXSjVIZ0c2WXhaOWhDTjViYXZ3MXVEeHJZSUU4aFZJaEl5aGZibWRkN3cyV01NSFlLR0dHR0kyTDI0VGd0Y0oydDIxUXV3R085Q0VwMG52UFhzei1PTkdoOWFXckE9czIyMCIsIndlYlZpZXdMaW5rIjoiaHR0cHM6XC9cL2RyaXZlLmdvb2dsZS5jb21cL2ZpbGVcL2RcLzE0aTdPU1NUc0FnamI5Vm02azY0QklyaGlEdmRSYlZXelwvdmlldz91c3A9ZHJpdmVzZGsiLCJ3ZWJDb250ZW50TGluayI6Imh0dHBzOlwvXC9kcml2ZS5nb29nbGUuY29tXC91Yz9pZD0xNGk3T1NTVHNBZ2piOVZtNms2NEJJcmhpRHZkUmJWV3omZXhwb3J0PWRvd25sb2FkIiwiY3JlYXRlZCI6IjIwMjMtMTAtMDlUMTQ6NDA6MTIuNTMxWiIsInVwZGF0ZWQiOiIyMDIzLTEwLTA0VDA3OjA5OjQwLjAwMFoiLCJkZXNjcmlwdGlvbiI6bnVsbCwicGFyZW50cyI6WyIxdkg2ZW9FX2I4N3YzYkt3ZjVxd3M4WEY1M1JRMExNSmwiXSwic2hhcmVkIjp0cnVlLCJzaGFyZWRXaXRoTWVUaW1lIjpudWxsLCJleHRlbnNpb24iOiJqcGciLCJyZXNvdXJjZUtleSI6bnVsbCwiY29weVJlcXVpcmVzV3JpdGVyUGVybWlzc2lvbiI6ZmFsc2UsInN0YXJyZWQiOm51bGwsImV4cG9ydExpbmtzIjpudWxsLCJhY2NvdW50SWQiOiIxMTAyODcxNDc3NDk4NzM3MjEwNiIsInBlcm1pc3Npb25zIjp7ImNhblByZXZpZXciOnRydWUsImNhbkRvd25sb2FkIjp0cnVlLCJjYW5FZGl0IjpmYWxzZSwiY2FuRGVsZXRlIjp0cnVlLCJjYW5UcmFzaCI6dHJ1ZSwiY2FuTW92ZSI6dHJ1ZSwiY2FuUmVuYW1lIjp0cnVlLCJjYW5TaGFyZSI6dHJ1ZSwiY29weVJlcXVpcmVzV3JpdGVyUGVybWlzc2lvbiI6ZmFsc2UsImNhbkNoYW5nZUNvcHlSZXF1aXJlc1dyaXRlclBlcm1pc3Npb24iOm51bGwsInVzZXJzIjp7ImFueW9uZVdpdGhMaW5rIjp7InR5cGUiOiJhbnlvbmUiLCJyb2xlIjoicmVhZGVyIiwiZG9tYWluIjpudWxsfSwiMTEwMjg3MTQ3NzQ5ODczNzIxMDYiOnsidHlwZSI6InVzZXIiLCJyb2xlIjoib3duZXIiLCJkb21haW4iOm51bGx9fX0sImV4cG9ydEFzIjpbXSwibWV0YURhdGEiOnsid2lkdGgiOjc5OSwiaGVpZ2h0Ijo4OTJ9LCJpc0ZvbGRlciI6ZmFsc2V9LHsiaWQiOiIxYVZIQ3hxTjgxRDZxYmpmaVNiNk50cWtMNkZJZFhFMDQiLCJuYW1lIjoiQW1lbGlhIExldWNodGVtYmVyZyBkZXNjciBpbW92ZWlzLnBuZyIsInR5cGUiOiJpbWFnZVwvcG5nIiwic2l6ZSI6IjUwOTE1NCIsImljb25MaW5rIjoiaHR0cHM6XC9cL2RyaXZlLXRoaXJkcGFydHkuZ29vZ2xldXNlcmNvbnRlbnQuY29tXC8xNlwvdHlwZVwvaW1hZ2VcL3BuZyIsInRodW1ibmFpbExpbmsiOiJodHRwczpcL1wvbGgzLmdvb2dsZXVzZXJjb250ZW50LmNvbVwvZHJpdmUtc3RvcmFnZVwvQUtIajZFNFlPWEY1ZTFBSGZoaktxS0wxc20tSkVqVjYyd3FfaUx3V2VjYTdULVNwOHFrWUFONDlCelNVTDNEVk56Y3R5NUJaekM4Wkp6RlFNNnl4dDJDR1VSc1V3d19BdHc3bmMtTjRaV1cwVVE9czIyMCIsIndlYlZpZXdMaW5rIjoiaHR0cHM6XC9cL2RyaXZlLmdvb2dsZS5jb21cL2ZpbGVcL2RcLzFhVkhDeHFOODFENnFiamZpU2I2TnRxa0w2RklkWEUwNFwvdmlldz91c3A9ZHJpdmVzZGsiLCJ3ZWJDb250ZW50TGluayI6Imh0dHBzOlwvXC9kcml2ZS5nb29nbGUuY29tXC91Yz9pZD0xYVZIQ3hxTjgxRDZxYmpmaVNiNk50cWtMNkZJZFhFMDQmZXhwb3J0PWRvd25sb2FkIiwiY3JlYXRlZCI6IjIwMjMtMTAtMDlUMTQ6NDA6MDkuOTA3WiIsInVwZGF0ZWQiOiIyMDIzLTEwLTA0VDA3OjA5OjQ0LjAwMFoiLCJkZXNjcmlwdGlvbiI6bnVsbCwicGFyZW50cyI6WyIxdkg2ZW9FX2I4N3YzYkt3ZjVxd3M4WEY1M1JRMExNSmwiXSwic2hhcmVkIjp0cnVlLCJzaGFyZWRXaXRoTWVUaW1lIjpudWxsLCJleHRlbnNpb24iOiJwbmciLCJyZXNvdXJjZUtleSI6bnVsbCwiY29weVJlcXVpcmVzV3JpdGVyUGVybWlzc2lvbiI6ZmFsc2UsInN0YXJyZWQiOm51bGwsImV4cG9ydExpbmtzIjpudWxsLCJhY2NvdW50SWQiOiIxMTAyODcxNDc3NDk4NzM3MjEwNiIsInBlcm1pc3Npb25zIjp7ImNhblByZXZpZXciOnRydWUsImNhbkRvd25sb2FkIjp0cnVlLCJjYW5FZGl0IjpmYWxzZSwiY2FuRGVsZXRlIjp0cnVlLCJjYW5UcmFzaCI6dHJ1ZSwiY2FuTW92ZSI6dHJ1ZSwiY2FuUmVuYW1lIjp0cnVlLCJjYW5TaGFyZSI6dHJ1ZSwiY29weVJlcXVpcmVzV3JpdGVyUGVybWlzc2lvbiI6ZmFsc2UsImNhbkNoYW5nZUNvcHlSZXF1aXJlc1dyaXRlclBlcm1pc3Npb24iOm51bGwsInVzZXJzIjp7ImFueW9uZVdpdGhMaW5rIjp7InR5cGUiOiJhbnlvbmUiLCJyb2xlIjoicmVhZGVyIiwiZG9tYWluIjpudWxsfSwiMTEwMjg3MTQ3NzQ5ODczNzIxMDYiOnsidHlwZSI6InVzZXIiLCJyb2xlIjoib3duZXIiLCJkb21haW4iOm51bGx9fX0sImV4cG9ydEFzIjpbXSwibWV0YURhdGEiOnsid2lkdGgiOjYwMCwiaGVpZ2h0Ijo1OTB9LCJpc0ZvbGRlciI6ZmFsc2V9LHsiaWQiOiIxUEF6bEVjaURLU3lFUXVCVkd2eDNvbjE2NzRYSVdYeEIiLCJuYW1lIjoiVmFuZXNzYSBDcmlzdGluYSBUZWl4ZWlyYSBkb3MgUmVpcyAtIGNucGogIDI5MzMwMjQxMDAwMTgwLmpwZyIsInR5cGUiOiJpbWFnZVwvanBlZyIsInNpemUiOiI3MTY0OCIsImljb25MaW5rIjoiaHR0cHM6XC9cL2RyaXZlLXRoaXJkcGFydHkuZ29vZ2xldXNlcmNvbnRlbnQuY29tXC8xNlwvdHlwZVwvaW1hZ2VcL2pwZWciLCJ0aHVtYm5haWxMaW5rIjoiaHR0cHM6XC9cL2xoMy5nb29nbGV1c2VyY29udGVudC5jb21cL2RyaXZlLXN0b3JhZ2VcL0FLSGo2RTVHanJENDRLYzNPY1h3alphalM1QVd1NUt0RFA2dUp6djFvMXgwUjVqdTdHVVFYVUh5cXdHdVNXQ05oQjNCU3MxMzFIRUY2cU5xYzB0clpzdVhrZ2RfOHh0STBEWHloc0tfY0k3dVhBPXMyMjAiLCJ3ZWJWaWV3TGluayI6Imh0dHBzOlwvXC9kcml2ZS5nb29nbGUuY29tXC9maWxlXC9kXC8xUEF6bEVjaURLU3lFUXVCVkd2eDNvbjE2NzRYSVdYeEJcL3ZpZXc\/dXNwPWRyaXZlc2RrIiwid2ViQ29udGVudExpbmsiOiJodHRwczpcL1wvZHJpdmUuZ29vZ2xlLmNvbVwvdWM\/aWQ9MVBBemxFY2lES1N5RVF1QlZHdngzb24xNjc0WElXWHhCJmV4cG9ydD1kb3dubG9hZCIsImNyZWF0ZWQiOiIyMDIzLTEwLTA5VDE0OjQwOjA5LjE4OFoiLCJ1cGRhdGVkIjoiMjAyMy0xMC0wNFQwNzowOTo1Mi4wMDBaIiwiZGVzY3JpcHRpb24iOm51bGwsInBhcmVudHMiOlsiMXZINmVvRV9iODd2M2JLd2Y1cXdzOFhGNTNSUTBMTUpsIl0sInNoYXJlZCI6dHJ1ZSwic2hhcmVkV2l0aE1lVGltZSI6bnVsbCwiZXh0ZW5zaW9uIjoianBnIiwicmVzb3VyY2VLZXkiOm51bGwsImNvcHlSZXF1aXJlc1dyaXRlclBlcm1pc3Npb24iOmZhbHNlLCJzdGFycmVkIjpudWxsLCJleHBvcnRMaW5rcyI6bnVsbCwiYWNjb3VudElkIjoiMTEwMjg3MTQ3NzQ5ODczNzIxMDYiLCJwZXJtaXNzaW9ucyI6eyJjYW5QcmV2aWV3Ijp0cnVlLCJjYW5Eb3dubG9hZCI6dHJ1ZSwiY2FuRWRpdCI6ZmFsc2UsImNhbkRlbGV0ZSI6dHJ1ZSwiY2FuVHJhc2giOnRydWUsImNhbk1vdmUiOnRydWUsImNhblJlbmFtZSI6dHJ1ZSwiY2FuU2hhcmUiOnRydWUsImNvcHlSZXF1aXJlc1dyaXRlclBlcm1pc3Npb24iOmZhbHNlLCJjYW5DaGFuZ2VDb3B5UmVxdWlyZXNXcml0ZXJQZXJtaXNzaW9uIjpudWxsLCJ1c2VycyI6eyJhbnlvbmVXaXRoTGluayI6eyJ0eXBlIjoiYW55b25lIiwicm9sZSI6InJlYWRlciIsImRvbWFpbiI6bnVsbH0sIjExMDI4NzE0Nzc0OTg3MzcyMTA2Ijp7InR5cGUiOiJ1c2VyIiwicm9sZSI6Im93bmVyIiwiZG9tYWluIjpudWxsfX19LCJleHBvcnRBcyI6W10sIm1ldGFEYXRhIjp7IndpZHRoIjo3MjIsImhlaWdodCI6NjcyfSwiaXNGb2xkZXIiOmZhbHNlfV0sInByaXZhdGVGb2xkZXJzIjpmYWxzZSwiYWxsb3dFeHRlbnNpb25zIjpudWxsLCJhbGxvd0FsbEV4dGVuc2lvbnMiOmZhbHNlLCJhbGxvd0V4Y2VwdEV4dGVuc2lvbnMiOm51bGwsImFsbG93TmFtZXMiOm51bGwsImFsbG93QWxsTmFtZXMiOmZhbHNlLCJhbGxvd0V4Y2VwdE5hbWVzIjpudWxsLCJuYW1lRmlsdGVyT3B0aW9ucyI6WyJmaWxlcyJdLCJzaG93RmlsZXMiOnRydWUsInNob3dGb2xkZXJzIjp0cnVlLCJmaWxlTnVtYmVycyI6IiIsImVtYmVkV2lkdGgiOiIxMDAlIiwiZW1iZWRIZWlnaHQiOiI0ODBweCIsInNvcnQiOnsic29ydEJ5IjoibmFtZSIsInNvcnREaXJlY3Rpb24iOiJhc2MifSwidmlldyI6Imxpc3QiLCJsYXp5TG9hZCI6dHJ1ZSwibGF6eUxvYWROdW1iZXIiOjEwMCwibWF4RmlsZVNpemUiOiIiLCJtaW5GaWxlU2l6ZSI6IiIsImVuYWJsZUZvbGRlclVwbG9hZCI6ZmFsc2UsIm9wZW5OZXdUYWIiOnRydWUsInNob3dVcGxvYWRMYWJlbCI6dHJ1ZSwidXBsb2FkTGFiZWxUZXh0IjoiVXBsb2FkIEZpbGVzIiwiYWxsb3dFbWJlZFBvcG91dCI6dHJ1ZSwidGh1bWJuYWlsQ2FwdGlvbiI6dHJ1ZSwicHJldmlldyI6dHJ1ZSwiZG93bmxvYWQiOnRydWUsImRpc3BsYXlGb3IiOiJldmVyeW9uZSIsImRpc3BsYXlVc2VycyI6WyJldmVyeW9uZSJdLCJkaXNwbGF5RXZlcnlvbmUiOmZhbHNlLCJkaXNwbGF5RXhjZXB0IjpbXSwic2hvd0ZpbGVOYW1lIjp0cnVlLCJub25jZSI6ImI5YTI5MjVkYzUiLCJjYW5EZWxldGUiOmZhbHNlLCJyZW5hbWUiOmZhbHNlLCJ1cGxvYWQiOmZhbHNlLCJuZXdGb2xkZXIiOmZhbHNlLCJtb3ZlQ29weSI6ZmFsc2UsImFsbG93U2hhcmUiOmZhbHNlLCJhbGxvd1NlYXJjaCI6ZmFsc2UsImNyZWF0ZURvYyI6ZmFsc2UsImVkaXQiOmZhbHNlLCJjb3B5TGluayI6ZmFsc2UsImRldGFpbHMiOmZhbHNlLCJjb21tZW50IjpmYWxzZSwicGhvdG9Qcm9vZiI6ZmFsc2UsImZpbHRlcnMiOnsiYWxsb3dFeHRlbnNpb25zIjoiIiwiYWxsb3dBbGxFeHRlbnNpb25zIjpmYWxzZSwiYWxsb3dFeGNlcHRFeHRlbnNpb25zIjoiIiwiYWxsb3dOYW1lcyI6IiIsImFsbG93QWxsTmFtZXMiOmZhbHNlLCJhbGxvd0V4Y2VwdE5hbWVzIjoiIiwibmFtZUZpbHRlck9wdGlvbnMiOlsiZmlsZXMiXSwic2hvd0ZpbGVzIjp0cnVlLCJzaG93Rm9sZGVycyI6dHJ1ZSwiaXNHYWxsZXJ5Ijp0cnVlfSwiYWNjb3VudHMiOnsiMTEwMjg3MTQ3NzQ5ODczNzIxMDYiOnsiaWQiOiIxMTAyODcxNDc3NDk4NzM3MjEwNiIsIm5hbWUiOiIiLCJlbWFpbCI6IiIsInBob3RvIjoiaHR0cHM6XC9cL2xoMy5nb29nbGV1c2VyY29udGVudC5jb21cL2FcL0FDZzhvY0lYUXo3MjhvY3VCb2wzX3ZIdlgtLW1wSU5mNXFSOVY2X2pSby1TdUhhQmpYTFBwdz1zNjQiLCJzdG9yYWdlIjp7InVzYWdlIjoiMTAyNzExNTM2NTkiLCJsaW1pdCI6IjE2MTA2MTI3MzYwIn0sImxvc3QiOmZhbHNlLCJyb290X2lkIjoiMEFKelB3b3oyQ19MZVVrOVBWQSIsInVzZXJfaWQiOlsiYWRtaW4iXX19LCJhY2NvdW50Ijp7ImlkIjoiMTEwMjg3MTQ3NzQ5ODczNzIxMDYiLCJuYW1lIjoiTHVpcyBHYXJyZXR0IiwiZW1haWwiOiJhZG1naW5ob3BpbnRvQGdtYWlsLmNvbSIsInBob3RvIjoiaHR0cHM6XC9cL2xoMy5nb29nbGV1c2VyY29udGVudC5jb21cL2FcL0FDZzhvY0lYUXo3MjhvY3VCb2wzX3ZIdlgtLW1wSU5mNXFSOVY2X2pSby1TdUhhQmpYTFBwdz1zNjQiLCJzdG9yYWdlIjp7InVzYWdlIjoiMTAyNzExNTM2NTkiLCJsaW1pdCI6IjE2MTA2MTI3MzYwIn0sImxvc3QiOmZhbHNlLCJyb290X2lkIjoiMEFKelB3b3oyQ19MZVVrOVBWQSIsInVzZXJfaWQiOlsiYWRtaW4iXX19\"\n                     style=\"--module-width: 100%; --module-height: ;\"\n                ><\/div>\n                \n","protected":false},"excerpt":{"rendered":"","protected":false},"author":1,"featured_media":0,"parent":3402,"menu_order":0,"comment_status":"open","ping_status":"closed","template":"","meta":{"footnotes":""},"categories":[303],"tags":[],"class_list":["post-3418","page","type-page","status-publish","hentry","category-administradoras"],"_links":{"self":[{"href":"https:\/\/retalhos.net\/dice\/wp-json\/wp\/v2\/pages\/3418","targetHints":{"allow":["GET"]}}],"collection":[{"href":"https:\/\/retalhos.net\/dice\/wp-json\/wp\/v2\/pages"}],"about":[{"href":"https:\/\/retalhos.net\/dice\/wp-json\/wp\/v2\/types\/page"}],"author":[{"embeddable":true,"href":"https:\/\/retalhos.net\/dice\/wp-json\/wp\/v2\/users\/1"}],"replies":[{"embeddable":true,"href":"https:\/\/retalhos.net\/dice\/wp-json\/wp\/v2\/comments?post=3418"}],"version-history":[{"count":4,"href":"https:\/\/retalhos.net\/dice\/wp-json\/wp\/v2\/pages\/3418\/revisions"}],"predecessor-version":[{"id":4263,"href":"https:\/\/retalhos.net\/dice\/wp-json\/wp\/v2\/pages\/3418\/revisions\/4263"}],"up":[{"embeddable":true,"href":"https:\/\/retalhos.net\/dice\/wp-json\/wp\/v2\/pages\/3402"}],"wp:attachment":[{"href":"https:\/\/retalhos.net\/dice\/wp-json\/wp\/v2\/media?parent=3418"}],"wp:term":[{"taxonomy":"category","embeddable":true,"href":"https:\/\/retalhos.net\/dice\/wp-json\/wp\/v2\/categories?post=3418"},{"taxonomy":"post_tag","embeddable":true,"href":"https:\/\/retalhos.net\/dice\/wp-json\/wp\/v2\/tags?post=3418"}],"curies":[{"name":"wp","href":"https:\/\/api.w.org\/{rel}","templated":true}]}}