{"id":3447,"date":"2023-09-25T16:43:27","date_gmt":"2023-09-25T19:43:27","guid":{"rendered":"http:\/\/retalhos.net\/dice\/?page_id=3447"},"modified":"2023-10-22T17:44:03","modified_gmt":"2023-10-22T20:44:03","slug":"testamento","status":"publish","type":"page","link":"https:\/\/retalhos.net\/dice\/testamento\/","title":{"rendered":"Testamento"},"content":{"rendered":"<hr \/>\n<p>O Testamento de 1998 foi revogado pelo de 1999 para eliminar 3 aptos que estavam destinados \u00e0 filha primog\u00eanita pelo lavrado em 1998.<\/p>\n<p><a href=\"http:\/\/retalhos.net\/dice\/wp-content\/uploads\/2019\/12\/2004.04.11-Colegio-Notarial.pdf\" target=\"_blank\" rel=\"noopener noreferrer\">2004.04.11 Colegio Notarial<\/a><\/p>\n<p><a href=\"http:\/\/retalhos.net\/dice\/wp-content\/uploads\/2019\/12\/1997.10.03-Procura\u00e7\u00e3o-A-Rosa-filhas.pdf\" target=\"_blank\" rel=\"noopener noreferrer\"><strong>1997.10.03 Procura\u00e7\u00e3o A Rosa filhas<\/strong><\/a><\/p>\n<p><a href=\"http:\/\/retalhos.net\/dice\/wp-content\/uploads\/2019\/12\/1999.12.01-Testamento-1999.pdf\" target=\"_blank\" rel=\"noopener noreferrer\"><strong>1999.12.01 Testamento de Antonia Rosa<\/strong><\/a><\/p>\n<p><a href=\"http:\/\/retalhos.net\/dice\/wp-content\/uploads\/2019\/12\/1999.12.01-Testemunhas.pdf\" target=\"_blank\" rel=\"noopener noreferrer\">1999.12.01 Testemunhas<\/a><\/p>\n<p><a href=\"http:\/\/retalhos.net\/dice\/wp-content\/uploads\/2019\/12\/1998.12.21-Testamento.pdf\" target=\"_blank\" rel=\"noopener noreferrer\">1998.12.21 Testamento de Antonia Rosa<\/a><\/p>\n<p><a href=\"https:\/\/drive.google.com\/file\/d\/17MciyF6BnVcSbdeuDugKN11dkP1TqBko\/view?usp=share_link\" target=\"_blank\" rel=\"noopener\">1984.06.18 Testamento de Antonia Rosa<\/a><\/p>\n\n","protected":false},"excerpt":{"rendered":"<p>O Testamento de 1998 foi revogado pelo de 1999 para eliminar 3 aptos que estavam destinados \u00e0 filha primog\u00eanita pelo lavrado em 1998. 2004.04.11 Colegio Notarial 1997.10.03 Procura\u00e7\u00e3o A Rosa &#8230;<\/p>\n","protected":false},"author":1,"featured_media":0,"parent":0,"menu_order":11,"comment_status":"open","ping_status":"closed","template":"","meta":{"footnotes":""},"categories":[313,368],"tags":[],"class_list":["post-3447","page","type-page","status-publish","hentry","category-certidoes-escrituras","category-testamentos"],"_links":{"self":[{"href":"https:\/\/retalhos.net\/dice\/wp-json\/wp\/v2\/pages\/3447","targetHints":{"allow":["GET"]}}],"collection":[{"href":"https:\/\/retalhos.net\/dice\/wp-json\/wp\/v2\/pages"}],"about":[{"href":"https:\/\/retalhos.net\/dice\/wp-json\/wp\/v2\/types\/page"}],"author":[{"embeddable":true,"href":"https:\/\/retalhos.net\/dice\/wp-json\/wp\/v2\/users\/1"}],"replies":[{"embeddable":true,"href":"https:\/\/retalhos.net\/dice\/wp-json\/wp\/v2\/comments?post=3447"}],"version-history":[{"count":7,"href":"https:\/\/retalhos.net\/dice\/wp-json\/wp\/v2\/pages\/3447\/revisions"}],"predecessor-version":[{"id":5688,"href":"https:\/\/retalhos.net\/dice\/wp-json\/wp\/v2\/pages\/3447\/revisions\/5688"}],"wp:attachment":[{"href":"https:\/\/retalhos.net\/dice\/wp-json\/wp\/v2\/media?parent=3447"}],"wp:term":[{"taxonomy":"category","embeddable":true,"href":"https:\/\/retalhos.net\/dice\/wp-json\/wp\/v2\/categories?post=3447"},{"taxonomy":"post_tag","embeddable":true,"href":"https:\/\/retalhos.net\/dice\/wp-json\/wp\/v2\/tags?post=3447"}],"curies":[{"name":"wp","href":"https:\/\/api.w.org\/{rel}","templated":true}]}}