{"id":3499,"date":"2023-09-26T09:49:45","date_gmt":"2023-09-26T12:49:45","guid":{"rendered":"http:\/\/retalhos.net\/dice\/?page_id=3499"},"modified":"2024-02-19T16:24:52","modified_gmt":"2024-02-19T19:24:52","slug":"sonegados","status":"publish","type":"page","link":"https:\/\/retalhos.net\/dice\/sonegados\/","title":{"rendered":"Sonegados"},"content":{"rendered":"<hr \/>\n<blockquote>\n<h4><a href=\"https:\/\/docs.google.com\/document\/d\/1HV-JwiTGxqBDQkuY7PHDAXJ9vch0Ci8T\/edit?usp=drive_link&amp;ouid=112887064739473615877&amp;rtpof=true&amp;sd=true\" target=\"_blank\" rel=\"noopener\"><span style=\"color: #003300;\">Minuta Acao Sonegados Adiantam Leg\u00edtima Anula\u00e7\u00e3o Transfer\u00eancia<\/span><\/a><\/h4>\n<\/blockquote>\n\n","protected":false},"excerpt":{"rendered":"<p>Minuta Acao Sonegados Adiantam Leg\u00edtima Anula\u00e7\u00e3o Transfer\u00eancia<\/p>\n","protected":false},"author":1,"featured_media":0,"parent":0,"menu_order":0,"comment_status":"open","ping_status":"closed","template":"","meta":{"footnotes":""},"categories":[309,365],"tags":[],"class_list":["post-3499","page","type-page","status-publish","hentry","category-bens-espolio","category-sonegados"],"_links":{"self":[{"href":"https:\/\/retalhos.net\/dice\/wp-json\/wp\/v2\/pages\/3499","targetHints":{"allow":["GET"]}}],"collection":[{"href":"https:\/\/retalhos.net\/dice\/wp-json\/wp\/v2\/pages"}],"about":[{"href":"https:\/\/retalhos.net\/dice\/wp-json\/wp\/v2\/types\/page"}],"author":[{"embeddable":true,"href":"https:\/\/retalhos.net\/dice\/wp-json\/wp\/v2\/users\/1"}],"replies":[{"embeddable":true,"href":"https:\/\/retalhos.net\/dice\/wp-json\/wp\/v2\/comments?post=3499"}],"version-history":[{"count":5,"href":"https:\/\/retalhos.net\/dice\/wp-json\/wp\/v2\/pages\/3499\/revisions"}],"predecessor-version":[{"id":6073,"href":"https:\/\/retalhos.net\/dice\/wp-json\/wp\/v2\/pages\/3499\/revisions\/6073"}],"wp:attachment":[{"href":"https:\/\/retalhos.net\/dice\/wp-json\/wp\/v2\/media?parent=3499"}],"wp:term":[{"taxonomy":"category","embeddable":true,"href":"https:\/\/retalhos.net\/dice\/wp-json\/wp\/v2\/categories?post=3499"},{"taxonomy":"post_tag","embeddable":true,"href":"https:\/\/retalhos.net\/dice\/wp-json\/wp\/v2\/tags?post=3499"}],"curies":[{"name":"wp","href":"https:\/\/api.w.org\/{rel}","templated":true}]}}