{"id":3513,"date":"2023-09-26T13:42:06","date_gmt":"2023-09-26T16:42:06","guid":{"rendered":"http:\/\/retalhos.net\/dice\/?page_id=3513"},"modified":"2023-10-04T10:59:41","modified_gmt":"2023-10-04T13:59:41","slug":"represalia-acao-declaratoria","status":"publish","type":"page","link":"https:\/\/retalhos.net\/dice\/sonegados\/represalia-acao-declaratoria\/","title":{"rendered":"Repres\u00e1lia &#8211; A\u00e7\u00e3o Sonegados"},"content":{"rendered":"<hr \/>\n\n<blockquote>\n<hr \/>\n<\/blockquote>\n\n<hr \/>\n<p>&nbsp;<\/p>\n","protected":false},"excerpt":{"rendered":"<p>&nbsp;<\/p>\n","protected":false},"author":1,"featured_media":0,"parent":3499,"menu_order":0,"comment_status":"open","ping_status":"closed","template":"","meta":{"footnotes":""},"categories":[378,365],"tags":[],"class_list":["post-3513","page","type-page","status-publish","hentry","category-represalias","category-sonegados"],"_links":{"self":[{"href":"https:\/\/retalhos.net\/dice\/wp-json\/wp\/v2\/pages\/3513","targetHints":{"allow":["GET"]}}],"collection":[{"href":"https:\/\/retalhos.net\/dice\/wp-json\/wp\/v2\/pages"}],"about":[{"href":"https:\/\/retalhos.net\/dice\/wp-json\/wp\/v2\/types\/page"}],"author":[{"embeddable":true,"href":"https:\/\/retalhos.net\/dice\/wp-json\/wp\/v2\/users\/1"}],"replies":[{"embeddable":true,"href":"https:\/\/retalhos.net\/dice\/wp-json\/wp\/v2\/comments?post=3513"}],"version-history":[{"count":6,"href":"https:\/\/retalhos.net\/dice\/wp-json\/wp\/v2\/pages\/3513\/revisions"}],"predecessor-version":[{"id":4086,"href":"https:\/\/retalhos.net\/dice\/wp-json\/wp\/v2\/pages\/3513\/revisions\/4086"}],"up":[{"embeddable":true,"href":"https:\/\/retalhos.net\/dice\/wp-json\/wp\/v2\/pages\/3499"}],"wp:attachment":[{"href":"https:\/\/retalhos.net\/dice\/wp-json\/wp\/v2\/media?parent=3513"}],"wp:term":[{"taxonomy":"category","embeddable":true,"href":"https:\/\/retalhos.net\/dice\/wp-json\/wp\/v2\/categories?post=3513"},{"taxonomy":"post_tag","embeddable":true,"href":"https:\/\/retalhos.net\/dice\/wp-json\/wp\/v2\/tags?post=3513"}],"curies":[{"name":"wp","href":"https:\/\/api.w.org\/{rel}","templated":true}]}}