{"id":3534,"date":"2023-09-26T16:20:18","date_gmt":"2023-09-26T19:20:18","guid":{"rendered":"http:\/\/retalhos.net\/dice\/?page_id=3534"},"modified":"2025-07-23T08:41:21","modified_gmt":"2025-07-23T11:41:21","slug":"r-cunha-moreira-18","status":"publish","type":"page","link":"https:\/\/retalhos.net\/dice\/r-cunha-moreira-18\/","title":{"rendered":"R Cunha Moreira 18"},"content":{"rendered":"<hr \/>\n<h6><span style=\"color: #003300;\">Qualquer semelhan\u00e7a com pernonagens da vida real n\u00e3o \u00e9 mera coincid\u00eancia.<\/span><br \/>\n<span style=\"color: #003300;\">Joaquim morre. Deixa a mulher Margarida e duas filhas.<\/span><br \/>\n<span style=\"color: #003300;\">\u00c0 vi\u00fava costureira \u00e9 dada a inventarian\u00e7a.<\/span><br \/>\n<span style=\"color: #003300;\">M<\/span>uita discuss\u00e3o, mas processo termina em 1 ano e os bens divididos conforme a lei.<\/h6>\n<hr \/>\n                <div class=\"igd igd-shortcode-wrap igd-shortcode-gallery\"\n                     data-shortcode-data=\"eyJ0eXBlIjoiZ2FsbGVyeSIsImlkIjoyMzMsInRpdGxlIjoiQ3VuaGEgTW9yZWlyYSBJbWciLCJmb2xkZXJzIjpbeyJpZCI6IjFHX1BIdDJYMTVIc0cwWjI5dmFzLWhKalhuSkdWVmc5MCIsIm5hbWUiOiIyMDA1LjA0LjI2IEFjYW8gSm9zZSBWYWxlbnRpbSBBbHZhclx1MDBlMSBhZHYgQ2xlbWVudGUgY29udHJhIG8gZXNwb2xpby5qcGciLCJ0eXBlIjoiaW1hZ2VcL2pwZWciLCJzaXplIjoiMTIxNjgwIiwiaWNvbkxpbmsiOiJodHRwczpcL1wvZHJpdmUtdGhpcmRwYXJ0eS5nb29nbGV1c2VyY29udGVudC5jb21cLzE2XC90eXBlXC9pbWFnZVwvanBlZyIsInRodW1ibmFpbExpbmsiOiJodHRwczpcL1wvbGgzLmdvb2dsZXVzZXJjb250ZW50LmNvbVwvZHJpdmUtc3RvcmFnZVwvQUpRV3RCTjZzMm1xSmVjNTk5N3NOc1FxRm5nZnV3REYxeWpKWDBRYm15Q1RrZGVCZUkwZ3JCZ24zY3JIVkl5dzlwUFAweFM2SEl2Y0hReTItN0w5dllXRGd2VENtckltaUVHV1JDcFBYUmFCR1BZLUNUVT1zMjIwIiwid2ViVmlld0xpbmsiOiJodHRwczpcL1wvZHJpdmUuZ29vZ2xlLmNvbVwvZmlsZVwvZFwvMUdfUEh0MlgxNUhzRzBaMjl2YXMtaEpqWG5KR1ZWZzkwXC92aWV3P3VzcD1kcml2ZXNkayIsIndlYkNvbnRlbnRMaW5rIjoiaHR0cHM6XC9cL2RyaXZlLmdvb2dsZS5jb21cL3VjP2lkPTFHX1BIdDJYMTVIc0cwWjI5dmFzLWhKalhuSkdWVmc5MCZleHBvcnQ9ZG93bmxvYWQiLCJjcmVhdGVkIjoiMjAyNC0xMS0xMVQyMjoxODo1NC43NzVaIiwidXBkYXRlZCI6IjE5ODAtMDEtMDFUMDM6MDA6MDAuMDAwWiIsImRlc2NyaXB0aW9uIjpudWxsLCJzaGFyZWQiOnRydWUsInNoYXJlZFdpdGhNZVRpbWUiOm51bGwsImV4dGVuc2lvbiI6ImpwZyIsInJlc291cmNlS2V5IjpudWxsLCJjb3B5UmVxdWlyZXNXcml0ZXJQZXJtaXNzaW9uIjpmYWxzZSwic3RhcnJlZCI6ZmFsc2UsImV4cG9ydExpbmtzIjpudWxsLCJhY2NvdW50SWQiOiIxMTAyODcxNDc3NDk4NzM3MjEwNiIsInBhcmVudHMiOlsiMVdmTWNiY2NKaXdSMDlkNFZTeC1fQXdrUE9HNmdWNzFmIl0sInBlcm1pc3Npb25zIjp7ImNhblByZXZpZXciOnRydWUsImNhbkRvd25sb2FkIjp0cnVlLCJjYW5FZGl0IjpmYWxzZSwiY2FuRGVsZXRlIjp0cnVlLCJjYW5UcmFzaCI6dHJ1ZSwiY2FuTW92ZSI6dHJ1ZSwiY2FuUmVuYW1lIjp0cnVlLCJjYW5TaGFyZSI6dHJ1ZSwiY29weVJlcXVpcmVzV3JpdGVyUGVybWlzc2lvbiI6ZmFsc2UsImNhbkNoYW5nZUNvcHlSZXF1aXJlc1dyaXRlclBlcm1pc3Npb24iOm51bGwsInVzZXJzIjp7ImFueW9uZVdpdGhMaW5rIjp7InR5cGUiOiJhbnlvbmUiLCJyb2xlIjoicmVhZGVyIiwiZG9tYWluIjpudWxsfSwiMDY4OTc1NDAxNDM4OTE0NDA5MzMiOnsidHlwZSI6InVzZXIiLCJyb2xlIjoid3JpdGVyIiwiZG9tYWluIjpudWxsfSwiMTEwMjg3MTQ3NzQ5ODczNzIxMDYiOnsidHlwZSI6InVzZXIiLCJyb2xlIjoib3duZXIiLCJkb21haW4iOm51bGx9LCIxMDM3OTQ4ODE3MTUxNTQ1NDg0MSI6eyJ0eXBlIjoidXNlciIsInJvbGUiOiJyZWFkZXIiLCJkb21haW4iOm51bGx9LCIxMTYwMDMyMTkwMzE2MzY3NDc0MSI6eyJ0eXBlIjoidXNlciIsInJvbGUiOiJyZWFkZXIiLCJkb21haW4iOm51bGx9fX0sImV4cG9ydEFzIjpbXSwibWV0YURhdGEiOnsid2lkdGgiOjEyNDEsImhlaWdodCI6MTc1NH19LHsiaWQiOiIxaS0zcmh6elV3aXZSRkpRU0FTc1VrcXBkQ0JwMTllOXoiLCJuYW1lIjoiMjAxOS4wNi4xOSBNYW5pZiBJbnZlbnQgRXNjcml0dXJhcyBGbHMgMTEwMy5qcGciLCJ0eXBlIjoiaW1hZ2VcL2pwZWciLCJzaXplIjoiODg3MTMiLCJpY29uTGluayI6Imh0dHBzOlwvXC9kcml2ZS10aGlyZHBhcnR5Lmdvb2dsZXVzZXJjb250ZW50LmNvbVwvMTZcL3R5cGVcL2ltYWdlXC9qcGVnIiwidGh1bWJuYWlsTGluayI6Imh0dHBzOlwvXC9saDMuZ29vZ2xldXNlcmNvbnRlbnQuY29tXC9kcml2ZS1zdG9yYWdlXC9BSlFXdEJNVExKN3NVdUptY2ZFbnNXYWdMci1EdEpoMUgtUkFQY1JkMWxSX0IxTHBrWDBvMm82MUxKOWlONXlzYnNmakFTcmJYRFN5TkF4cVVkMkxRd0RWeXhCZG41V0VHeU9rcjZPNEx6VkZvQlBSZ0pzPXMyMjAiLCJ3ZWJWaWV3TGluayI6Imh0dHBzOlwvXC9kcml2ZS5nb29nbGUuY29tXC9maWxlXC9kXC8xaS0zcmh6elV3aXZSRkpRU0FTc1VrcXBkQ0JwMTllOXpcL3ZpZXc\/dXNwPWRyaXZlc2RrIiwid2ViQ29udGVudExpbmsiOiJodHRwczpcL1wvZHJpdmUuZ29vZ2xlLmNvbVwvdWM\/aWQ9MWktM3JoenpVd2l2UkZKUVNBU3NVa3FwZENCcDE5ZTl6JmV4cG9ydD1kb3dubG9hZCIsImNyZWF0ZWQiOiIyMDI0LTExLTExVDIyOjE4OjUxLjE3OFoiLCJ1cGRhdGVkIjoiMTk4MC0wMS0wMVQwMzowMDowMC4wMDBaIiwiZGVzY3JpcHRpb24iOm51bGwsInNoYXJlZCI6dHJ1ZSwic2hhcmVkV2l0aE1lVGltZSI6bnVsbCwiZXh0ZW5zaW9uIjoianBnIiwicmVzb3VyY2VLZXkiOm51bGwsImNvcHlSZXF1aXJlc1dyaXRlclBlcm1pc3Npb24iOmZhbHNlLCJzdGFycmVkIjpmYWxzZSwiZXhwb3J0TGlua3MiOm51bGwsImFjY291bnRJZCI6IjExMDI4NzE0Nzc0OTg3MzcyMTA2IiwicGFyZW50cyI6WyIxV2ZNY2JjY0ppd1IwOWQ0VlN4LV9Bd2tQT0c2Z1Y3MWYiXSwicGVybWlzc2lvbnMiOnsiY2FuUHJldmlldyI6dHJ1ZSwiY2FuRG93bmxvYWQiOnRydWUsImNhbkVkaXQiOmZhbHNlLCJjYW5EZWxldGUiOnRydWUsImNhblRyYXNoIjp0cnVlLCJjYW5Nb3ZlIjp0cnVlLCJjYW5SZW5hbWUiOnRydWUsImNhblNoYXJlIjp0cnVlLCJjb3B5UmVxdWlyZXNXcml0ZXJQZXJtaXNzaW9uIjpmYWxzZSwiY2FuQ2hhbmdlQ29weVJlcXVpcmVzV3JpdGVyUGVybWlzc2lvbiI6bnVsbCwidXNlcnMiOnsiYW55b25lV2l0aExpbmsiOnsidHlwZSI6ImFueW9uZSIsInJvbGUiOiJyZWFkZXIiLCJkb21haW4iOm51bGx9LCIwNjg5NzU0MDE0Mzg5MTQ0MDkzMyI6eyJ0eXBlIjoidXNlciIsInJvbGUiOiJ3cml0ZXIiLCJkb21haW4iOm51bGx9LCIxMTAyODcxNDc3NDk4NzM3MjEwNiI6eyJ0eXBlIjoidXNlciIsInJvbGUiOiJvd25lciIsImRvbWFpbiI6bnVsbH0sIjEwMzc5NDg4MTcxNTE1NDU0ODQxIjp7InR5cGUiOiJ1c2VyIiwicm9sZSI6InJlYWRlciIsImRvbWFpbiI6bnVsbH0sIjExNjAwMzIxOTAzMTYzNjc0NzQxIjp7InR5cGUiOiJ1c2VyIiwicm9sZSI6InJlYWRlciIsImRvbWFpbiI6bnVsbH19fSwiZXhwb3J0QXMiOltdLCJtZXRhRGF0YSI6eyJ3aWR0aCI6ODAwLCJoZWlnaHQiOjQ3OH19LHsiaWQiOiIxdnpxR01nUjNIcDV0dXp3Ums2Wm11NmVhaGdQS3VSODIiLCJuYW1lIjoiVXNvQ2FwaWFvLmpwZyIsInR5cGUiOiJpbWFnZVwvanBlZyIsInNpemUiOiIxOTA0OTEiLCJpY29uTGluayI6Imh0dHBzOlwvXC9kcml2ZS10aGlyZHBhcnR5Lmdvb2dsZXVzZXJjb250ZW50LmNvbVwvMTZcL3R5cGVcL2ltYWdlXC9qcGVnIiwidGh1bWJuYWlsTGluayI6Imh0dHBzOlwvXC9saDMuZ29vZ2xldXNlcmNvbnRlbnQuY29tXC9kcml2ZS1zdG9yYWdlXC9BSlFXdEJOamtsY2N5NFZBdDVFNV85OS16eVFPWnhZem1LYXFaTHl3c1gyMDkzZnp6WE45eDVsUVRYZUVPbDFTQmpVczVBWFpjSGdoaTNMZllZRzlDTmpCVWlycGthUVYtY0tha2h5bzdrOFBqb093aDhFPXMyMjAiLCJ3ZWJWaWV3TGluayI6Imh0dHBzOlwvXC9kcml2ZS5nb29nbGUuY29tXC9maWxlXC9kXC8xdnpxR01nUjNIcDV0dXp3Ums2Wm11NmVhaGdQS3VSODJcL3ZpZXc\/dXNwPWRyaXZlc2RrIiwid2ViQ29udGVudExpbmsiOiJodHRwczpcL1wvZHJpdmUuZ29vZ2xlLmNvbVwvdWM\/aWQ9MXZ6cUdNZ1IzSHA1dHV6d1JrNlptdTZlYWhnUEt1UjgyJmV4cG9ydD1kb3dubG9hZCIsImNyZWF0ZWQiOiIyMDI0LTExLTExVDIyOjE4OjUwLjMyMFoiLCJ1cGRhdGVkIjoiMTk4MC0wMS0wMVQwMzowMDowMC4wMDBaIiwiZGVzY3JpcHRpb24iOm51bGwsInNoYXJlZCI6dHJ1ZSwic2hhcmVkV2l0aE1lVGltZSI6bnVsbCwiZXh0ZW5zaW9uIjoianBnIiwicmVzb3VyY2VLZXkiOm51bGwsImNvcHlSZXF1aXJlc1dyaXRlclBlcm1pc3Npb24iOmZhbHNlLCJzdGFycmVkIjpmYWxzZSwiZXhwb3J0TGlua3MiOm51bGwsImFjY291bnRJZCI6IjExMDI4NzE0Nzc0OTg3MzcyMTA2IiwicGFyZW50cyI6WyIxV2ZNY2JjY0ppd1IwOWQ0VlN4LV9Bd2tQT0c2Z1Y3MWYiXSwicGVybWlzc2lvbnMiOnsiY2FuUHJldmlldyI6dHJ1ZSwiY2FuRG93bmxvYWQiOnRydWUsImNhbkVkaXQiOmZhbHNlLCJjYW5EZWxldGUiOnRydWUsImNhblRyYXNoIjp0cnVlLCJjYW5Nb3ZlIjp0cnVlLCJjYW5SZW5hbWUiOnRydWUsImNhblNoYXJlIjp0cnVlLCJjb3B5UmVxdWlyZXNXcml0ZXJQZXJtaXNzaW9uIjpmYWxzZSwiY2FuQ2hhbmdlQ29weVJlcXVpcmVzV3JpdGVyUGVybWlzc2lvbiI6bnVsbCwidXNlcnMiOnsiYW55b25lV2l0aExpbmsiOnsidHlwZSI6ImFueW9uZSIsInJvbGUiOiJyZWFkZXIiLCJkb21haW4iOm51bGx9LCIwNjg5NzU0MDE0Mzg5MTQ0MDkzMyI6eyJ0eXBlIjoidXNlciIsInJvbGUiOiJ3cml0ZXIiLCJkb21haW4iOm51bGx9LCIxMTAyODcxNDc3NDk4NzM3MjEwNiI6eyJ0eXBlIjoidXNlciIsInJvbGUiOiJvd25lciIsImRvbWFpbiI6bnVsbH0sIjEwMzc5NDg4MTcxNTE1NDU0ODQxIjp7InR5cGUiOiJ1c2VyIiwicm9sZSI6InJlYWRlciIsImRvbWFpbiI6bnVsbH0sIjExNjAwMzIxOTAzMTYzNjc0NzQxIjp7InR5cGUiOiJ1c2VyIiwicm9sZSI6InJlYWRlciIsImRvbWFpbiI6bnVsbH19fSwiZXhwb3J0QXMiOltdLCJtZXRhRGF0YSI6eyJ3aWR0aCI6MTI0MSwiaGVpZ2h0IjoxNzU0fX1dLCJub25jZSI6IjNjZTY2ODEyNjciLCJwcmV2aWV3Ijp0cnVlLCJkb3dubG9hZCI6dHJ1ZSwiY2FuRGVsZXRlIjpmYWxzZSwicmVuYW1lIjpmYWxzZSwidXBsb2FkIjpmYWxzZSwibmV3Rm9sZGVyIjpmYWxzZSwibW92ZUNvcHkiOmZhbHNlLCJhbGxvd1NoYXJlIjpmYWxzZSwiYWxsb3dTZWFyY2giOmZhbHNlLCJjcmVhdGVEb2MiOmZhbHNlLCJlZGl0IjpmYWxzZSwiY29weUxpbmsiOmZhbHNlLCJkZXRhaWxzIjpmYWxzZSwiY29tbWVudCI6ZmFsc2UsInBob3RvUHJvb2YiOmZhbHNlLCJmaWx0ZXJzIjp7ImFsbG93RXh0ZW5zaW9ucyI6IiIsImFsbG93QWxsRXh0ZW5zaW9ucyI6ZmFsc2UsImFsbG93RXhjZXB0RXh0ZW5zaW9ucyI6IiIsImFsbG93TmFtZXMiOiIiLCJhbGxvd0FsbE5hbWVzIjoiIiwiYWxsb3dFeGNlcHROYW1lcyI6IiIsIm5hbWVGaWx0ZXJPcHRpb25zIjpbImZpbGVzIl0sInNob3dGaWxlcyI6dHJ1ZSwic2hvd0ZvbGRlcnMiOnRydWUsImlzR2FsbGVyeSI6dHJ1ZX0sImFjY291bnRzIjp7IjExMDI4NzE0Nzc0OTg3MzcyMTA2Ijp7ImlkIjoiMTEwMjg3MTQ3NzQ5ODczNzIxMDYiLCJuYW1lIjoiIiwiZW1haWwiOiIiLCJwaG90byI6Imh0dHBzOlwvXC9saDMuZ29vZ2xldXNlcmNvbnRlbnQuY29tXC9hXC9BQ2c4b2NJWFF6NzI4b2N1Qm9sM192SHZYLS1tcElOZjVxUjlWNl9qUm8tU3VIYUJqWExQcHc9czY0Iiwic3RvcmFnZSI6eyJ1c2FnZSI6IjEwMjcxMTUzNjU5IiwibGltaXQiOiIxNjEwNjEyNzM2MCJ9LCJsb3N0IjpmYWxzZSwicm9vdF9pZCI6IjBBSnpQd296MkNfTGVVazlQVkEiLCJ1c2VyX2lkIjpbImFkbWluIl19fSwiYWNjb3VudCI6eyJpZCI6IjExMDI4NzE0Nzc0OTg3MzcyMTA2IiwibmFtZSI6Ikx1aXMgR2FycmV0dCIsImVtYWlsIjoiYWRtZ2luaG9waW50b0BnbWFpbC5jb20iLCJwaG90byI6Imh0dHBzOlwvXC9saDMuZ29vZ2xldXNlcmNvbnRlbnQuY29tXC9hXC9BQ2c4b2NJWFF6NzI4b2N1Qm9sM192SHZYLS1tcElOZjVxUjlWNl9qUm8tU3VIYUJqWExQcHc9czY0Iiwic3RvcmFnZSI6eyJ1c2FnZSI6IjEwMjcxMTUzNjU5IiwibGltaXQiOiIxNjEwNjEyNzM2MCJ9LCJsb3N0IjpmYWxzZSwicm9vdF9pZCI6IjBBSnpQd296MkNfTGVVazlQVkEiLCJ1c2VyX2lkIjpbImFkbWluIl19fQ==\"\n                     style=\"--module-width: 100%; --module-height: ;\"\n                ><\/div>\n                \n<hr \/>\n<div class=\"igd igd-shortcode-wrap igd-shortcode-embed\"><div class=\"igd-embed-wrap\"><iframe loading=\"lazy\" class=\"igd-embed\" src=\"https:\/\/drive.google.com\/file\/d\/1UKQglBCSZ1oY_qPmbZxMHsADJEBVzP6o\/preview?rm=minimal\" frameborder=\"0\" width=\"100%\" height=\"\" referrerpolicy=\"no-referrer\" allow=\"autoplay\" allowfullscreen sandbox=\"allow-same-origin allow-scripts allow-popups allow-forms\"><\/iframe><iframe loading=\"lazy\" class=\"igd-embed\" src=\"https:\/\/drive.google.com\/file\/d\/1EMYtDsjQYWwjo57mcZkzhTrR9ToTAJki\/preview?rm=minimal\" frameborder=\"0\" width=\"100%\" height=\"\" referrerpolicy=\"no-referrer\" allow=\"autoplay\" allowfullscreen sandbox=\"allow-same-origin allow-scripts allow-popups allow-forms\"><\/iframe><iframe loading=\"lazy\" class=\"igd-embed\" src=\"https:\/\/drive.google.com\/file\/d\/1uVoz0Y8YB-ffLKW0Oc5WH-SAF-USiHFX\/preview?rm=minimal\" frameborder=\"0\" width=\"100%\" height=\"\" referrerpolicy=\"no-referrer\" allow=\"autoplay\" allowfullscreen sandbox=\"allow-same-origin allow-scripts allow-popups allow-forms\"><\/iframe><iframe loading=\"lazy\" class=\"igd-embed\" src=\"https:\/\/drive.google.com\/file\/d\/1NrlZQJ4PbCAQG4vyNTe4QJc8OaOfIpng\/preview?rm=minimal\" frameborder=\"0\" width=\"100%\" height=\"\" referrerpolicy=\"no-referrer\" allow=\"autoplay\" allowfullscreen sandbox=\"allow-same-origin allow-scripts allow-popups allow-forms\"><\/iframe><iframe loading=\"lazy\" class=\"igd-embed\" src=\"https:\/\/drive.google.com\/file\/d\/1KV9cmB8kv6JY3UIcjN2ZDu4Y1ESUVirf\/preview?rm=minimal\" frameborder=\"0\" width=\"100%\" height=\"\" referrerpolicy=\"no-referrer\" allow=\"autoplay\" allowfullscreen sandbox=\"allow-same-origin allow-scripts allow-popups allow-forms\"><\/iframe><iframe loading=\"lazy\" class=\"igd-embed\" src=\"https:\/\/drive.google.com\/file\/d\/1E1-OUdHs47QgeK9urgLlYauHEfy82WpD\/preview?rm=minimal\" frameborder=\"0\" width=\"100%\" height=\"\" referrerpolicy=\"no-referrer\" allow=\"autoplay\" allowfullscreen sandbox=\"allow-same-origin allow-scripts allow-popups allow-forms\"><\/iframe><iframe loading=\"lazy\" class=\"igd-embed\" src=\"https:\/\/drive.google.com\/file\/d\/1JqC6KREhSqRK_r-h80NGhsgBnOV5f6_S\/preview?rm=minimal\" frameborder=\"0\" width=\"100%\" height=\"\" referrerpolicy=\"no-referrer\" allow=\"autoplay\" allowfullscreen sandbox=\"allow-same-origin allow-scripts allow-popups allow-forms\"><\/iframe><iframe loading=\"lazy\" class=\"igd-embed\" src=\"https:\/\/drive.google.com\/file\/d\/1alsvpXe8kwjc-O2In6xPgKq6hoag78jo\/preview?rm=minimal\" frameborder=\"0\" width=\"100%\" height=\"\" referrerpolicy=\"no-referrer\" allow=\"autoplay\" allowfullscreen sandbox=\"allow-same-origin allow-scripts allow-popups allow-forms\"><\/iframe><iframe loading=\"lazy\" class=\"igd-embed\" src=\"https:\/\/drive.google.com\/file\/d\/1q5SlNUN3DhQ1FHdGFHWtQVgtRRV82vyR\/preview?rm=minimal\" frameborder=\"0\" width=\"100%\" height=\"\" referrerpolicy=\"no-referrer\" allow=\"autoplay\" allowfullscreen sandbox=\"allow-same-origin allow-scripts allow-popups allow-forms\"><\/iframe><iframe loading=\"lazy\" class=\"igd-embed\" src=\"https:\/\/drive.google.com\/file\/d\/1vzqGMgR3Hp5tuzwRk6Zmu6eahgPKuR82\/preview?rm=minimal\" frameborder=\"0\" width=\"100%\" height=\"\" referrerpolicy=\"no-referrer\" allow=\"autoplay\" allowfullscreen sandbox=\"allow-same-origin allow-scripts allow-popups allow-forms\"><\/iframe><\/div><\/div>\n<p>&nbsp;<\/p>\n","protected":false},"excerpt":{"rendered":"<p>Qualquer semelhan\u00e7a com pernonagens da vida real n\u00e3o \u00e9 mera coincid\u00eancia. Joaquim morre. Deixa a mulher Margarida e duas filhas. \u00c0 vi\u00fava costureira \u00e9 dada a inventarian\u00e7a. Muita discuss\u00e3o, mas &#8230;<\/p>\n","protected":false},"author":1,"featured_media":0,"parent":0,"menu_order":0,"comment_status":"open","ping_status":"closed","template":"","meta":{"footnotes":""},"categories":[430,309,331,373],"tags":[],"class_list":["post-3534","page","type-page","status-publish","hentry","category-alvara","category-bens-espolio","category-imoveis","category-r-cunha-moreira"],"_links":{"self":[{"href":"https:\/\/retalhos.net\/dice\/wp-json\/wp\/v2\/pages\/3534","targetHints":{"allow":["GET"]}}],"collection":[{"href":"https:\/\/retalhos.net\/dice\/wp-json\/wp\/v2\/pages"}],"about":[{"href":"https:\/\/retalhos.net\/dice\/wp-json\/wp\/v2\/types\/page"}],"author":[{"embeddable":true,"href":"https:\/\/retalhos.net\/dice\/wp-json\/wp\/v2\/users\/1"}],"replies":[{"embeddable":true,"href":"https:\/\/retalhos.net\/dice\/wp-json\/wp\/v2\/comments?post=3534"}],"version-history":[{"count":12,"href":"https:\/\/retalhos.net\/dice\/wp-json\/wp\/v2\/pages\/3534\/revisions"}],"predecessor-version":[{"id":6327,"href":"https:\/\/retalhos.net\/dice\/wp-json\/wp\/v2\/pages\/3534\/revisions\/6327"}],"wp:attachment":[{"href":"https:\/\/retalhos.net\/dice\/wp-json\/wp\/v2\/media?parent=3534"}],"wp:term":[{"taxonomy":"category","embeddable":true,"href":"https:\/\/retalhos.net\/dice\/wp-json\/wp\/v2\/categories?post=3534"},{"taxonomy":"post_tag","embeddable":true,"href":"https:\/\/retalhos.net\/dice\/wp-json\/wp\/v2\/tags?post=3534"}],"curies":[{"name":"wp","href":"https:\/\/api.w.org\/{rel}","templated":true}]}}