{"id":3844,"date":"2023-09-29T14:51:53","date_gmt":"2023-09-29T17:51:53","guid":{"rendered":"http:\/\/retalhos.net\/dice\/?page_id=3844"},"modified":"2023-10-22T17:05:09","modified_gmt":"2023-10-22T20:05:09","slug":"codificacao-da-inventariante","status":"publish","type":"page","link":"https:\/\/retalhos.net\/dice\/codificacao-da-inventariante\/","title":{"rendered":"CODIFICA\u00c7\u00c3O DA INVENTARIANTE"},"content":{"rendered":"<h6>Codifica\u00e7\u00e3o utilizada pela Genon Adm na ultima planiha em Setembro 2022<\/h6>\n<div class=\"igd igd-shortcode-wrap igd-shortcode-embed\"><div class=\"igd-embed-wrap\"><iframe loading=\"lazy\" class=\"igd-embed\" src=\"https:\/\/drive.google.com\/file\/d\/1BvOBw7tbq0cfnKHkNf8mbdg8iDmRA9JC\/preview?rm=minimal\" frameborder=\"0\" width=\"100%\" height=\"480\" referrerpolicy=\"no-referrer\" allow=\"autoplay\" allowfullscreen sandbox=\"allow-same-origin allow-scripts allow-popups allow-forms\"><\/iframe><\/div><\/div>\n<hr \/>\n<div class=\"igd igd-shortcode-wrap igd-shortcode-embed\"><div class=\"igd-embed-wrap\"><iframe loading=\"lazy\" class=\"igd-embed\" src=\"https:\/\/drive.google.com\/file\/d\/1aIyQN54zToMuLk-6WGlFUwBaG_z7mByf\/preview?rm=minimal\" frameborder=\"0\" width=\"100%\" height=\"480\" referrerpolicy=\"no-referrer\" allow=\"autoplay\" allowfullscreen sandbox=\"allow-same-origin allow-scripts allow-popups allow-forms\"><\/iframe><\/div><\/div>\n<hr \/>\n<h6>Resultado da depura\u00e7\u00e3o da folha 230 levada aos autos do invent\u00e1riio nas 1as. Declara\u00e7\u00f5es<\/h6>\n<div class=\"igd igd-shortcode-wrap igd-shortcode-embed\"><div class=\"igd-embed-wrap\"><iframe loading=\"lazy\" class=\"igd-embed\" src=\"https:\/\/drive.google.com\/file\/d\/1fFsZ_9lvBHELYDM_AdTW2XMhIslV6NNA\/preview?rm=minimal\" frameborder=\"0\" width=\"100%\" height=\"480\" referrerpolicy=\"no-referrer\" allow=\"autoplay\" allowfullscreen sandbox=\"allow-same-origin allow-scripts allow-popups allow-forms\"><\/iframe><iframe loading=\"lazy\" class=\"igd-embed\" src=\"https:\/\/drive.google.com\/file\/d\/15VAvyKKjoDchSCF2a2q4VmZvmuAzN6mx\/preview?rm=minimal\" frameborder=\"0\" width=\"100%\" height=\"480\" referrerpolicy=\"no-referrer\" allow=\"autoplay\" allowfullscreen sandbox=\"allow-same-origin allow-scripts allow-popups allow-forms\"><\/iframe><iframe loading=\"lazy\" class=\"igd-embed\" src=\"https:\/\/drive.google.com\/file\/d\/1OykL1A_zi-BnmrLKNj-XEhTF6jjMlWTS\/preview?rm=minimal\" frameborder=\"0\" width=\"100%\" height=\"480\" referrerpolicy=\"no-referrer\" allow=\"autoplay\" allowfullscreen sandbox=\"allow-same-origin allow-scripts allow-popups allow-forms\"><\/iframe><iframe loading=\"lazy\" class=\"igd-embed\" src=\"https:\/\/drive.google.com\/file\/d\/1FO_ukiS-XLHGcO2zO96KFUB7_MY82TlM\/preview?rm=minimal\" frameborder=\"0\" width=\"100%\" height=\"480\" referrerpolicy=\"no-referrer\" allow=\"autoplay\" allowfullscreen sandbox=\"allow-same-origin allow-scripts allow-popups allow-forms\"><\/iframe><iframe loading=\"lazy\" class=\"igd-embed\" src=\"https:\/\/drive.google.com\/file\/d\/1XefNTvzM5ZXpWiY3XiQyL1JaDHiSGxU_\/preview?rm=minimal\" frameborder=\"0\" width=\"100%\" height=\"480\" referrerpolicy=\"no-referrer\" allow=\"autoplay\" allowfullscreen sandbox=\"allow-same-origin allow-scripts allow-popups allow-forms\"><\/iframe><iframe loading=\"lazy\" class=\"igd-embed\" src=\"https:\/\/drive.google.com\/file\/d\/1rAUYWFxyZyPp3gRHuseDP4NU6VQ2jdEa\/preview?rm=minimal\" frameborder=\"0\" width=\"100%\" height=\"480\" referrerpolicy=\"no-referrer\" allow=\"autoplay\" allowfullscreen sandbox=\"allow-same-origin allow-scripts allow-popups allow-forms\"><\/iframe><iframe loading=\"lazy\" class=\"igd-embed\" src=\"https:\/\/drive.google.com\/file\/d\/1B8_2D-5blJk2z5XXrEMrPpCjS9mP8pTK\/preview?rm=minimal\" frameborder=\"0\" width=\"100%\" height=\"480\" referrerpolicy=\"no-referrer\" allow=\"autoplay\" allowfullscreen sandbox=\"allow-same-origin allow-scripts allow-popups allow-forms\"><\/iframe><\/div><\/div>\n<hr \/>\n<h6>A codifica\u00e7\u00e3o separaNDO os bens das DUAS HERDEIRAS, Iniciada em 2002 (a m\u00e3e faleceu em 2004), continuou at\u00e9 a HOMOLOGA\u00c7\u00c3O DA partilha em Set 2022.<\/h6>\n<h6>Dezembro 2020 &#8220;Locadora&#8221; Maria Luiza e &#8220;Locadora&#8221; Nilde<\/h6>\n                <div class=\"igd igd-shortcode-wrap igd-shortcode-gallery\"\n                     data-shortcode-data=\"eyJpZCI6MTQ3LCJzdGF0dXMiOiJvbiIsInRpdGxlIjoiQ29kaWYgR2Vub24gTUwgaW1nIiwidHlwZSI6ImdhbGxlcnkiLCJhbGxGb2xkZXJzIjpmYWxzZSwiZm9sZGVycyI6W3siaWQiOiIxS0tnZ0pVXzdWMmE0YzQtZ0YtcXRfNWEtYkE2Szhtb3AiLCJuYW1lIjoiR2Vub24gUCBDb250YXFzIC0gRGV6ZW1icm8tMjAyMCBMLnBuZyIsInR5cGUiOiJpbWFnZVwvcG5nIiwic2l6ZSI6IjE2MzgyMSIsImljb25MaW5rIjoiaHR0cHM6XC9cL2RyaXZlLXRoaXJkcGFydHkuZ29vZ2xldXNlcmNvbnRlbnQuY29tXC8xNlwvdHlwZVwvaW1hZ2VcL3BuZyIsInRodW1ibmFpbExpbmsiOiJodHRwczpcL1wvbGgzLmdvb2dsZXVzZXJjb250ZW50LmNvbVwvZHJpdmUtc3RvcmFnZVwvQUtIajZFNnhMMDRFYlhwM1dSb2JKM2hhM2NvdUFBVzdtdmRFQXZhX25zOXUtMWZPaGxYUmQ0TFA3OU5mM3hscElLb0NoR21Ia2NKcmljWnhkNWFBMjJMTVF5NXhLLTkteXI3OFYzRWFsa3RnU1E9czIyMCIsIndlYlZpZXdMaW5rIjoiaHR0cHM6XC9cL2RyaXZlLmdvb2dsZS5jb21cL2ZpbGVcL2RcLzFLS2dnSlVfN1YyYTRjNC1nRi1xdF81YS1iQTZLOG1vcFwvdmlldz91c3A9ZHJpdmVzZGsiLCJ3ZWJDb250ZW50TGluayI6Imh0dHBzOlwvXC9kcml2ZS5nb29nbGUuY29tXC91Yz9pZD0xS0tnZ0pVXzdWMmE0YzQtZ0YtcXRfNWEtYkE2Szhtb3AmZXhwb3J0PWRvd25sb2FkIiwiY3JlYXRlZCI6IjIwMjMtMTAtMDlUMTQ6MzQ6NTguNjI4WiIsInVwZGF0ZWQiOiIyMDIzLTAyLTA4VDA3OjMwOjI4LjAwMFoiLCJkZXNjcmlwdGlvbiI6bnVsbCwicGFyZW50cyI6WyIxZTJ2cHRFdWs0TVNDcXU3SDZQNk00d0hpSEttMFhNZmwiXSwic2hhcmVkIjp0cnVlLCJzaGFyZWRXaXRoTWVUaW1lIjpudWxsLCJleHRlbnNpb24iOiJwbmciLCJyZXNvdXJjZUtleSI6bnVsbCwiY29weVJlcXVpcmVzV3JpdGVyUGVybWlzc2lvbiI6ZmFsc2UsInN0YXJyZWQiOm51bGwsImV4cG9ydExpbmtzIjpudWxsLCJhY2NvdW50SWQiOiIxMTAyODcxNDc3NDk4NzM3MjEwNiIsInBlcm1pc3Npb25zIjp7ImNhblByZXZpZXciOnRydWUsImNhbkRvd25sb2FkIjp0cnVlLCJjYW5FZGl0IjpmYWxzZSwiY2FuRGVsZXRlIjp0cnVlLCJjYW5UcmFzaCI6dHJ1ZSwiY2FuTW92ZSI6dHJ1ZSwiY2FuUmVuYW1lIjp0cnVlLCJjYW5TaGFyZSI6dHJ1ZSwiY29weVJlcXVpcmVzV3JpdGVyUGVybWlzc2lvbiI6ZmFsc2UsImNhbkNoYW5nZUNvcHlSZXF1aXJlc1dyaXRlclBlcm1pc3Npb24iOm51bGwsInVzZXJzIjp7ImFueW9uZVdpdGhMaW5rIjp7InR5cGUiOiJhbnlvbmUiLCJyb2xlIjoicmVhZGVyIiwiZG9tYWluIjpudWxsfSwiMTEwMjg3MTQ3NzQ5ODczNzIxMDYiOnsidHlwZSI6InVzZXIiLCJyb2xlIjoib3duZXIiLCJkb21haW4iOm51bGx9fX0sImV4cG9ydEFzIjpbXSwibWV0YURhdGEiOnsid2lkdGgiOjYyMSwiaGVpZ2h0Ijo0OTZ9LCJpc0ZvbGRlciI6ZmFsc2V9XSwicHJpdmF0ZUZvbGRlcnMiOmZhbHNlLCJhbGxvd0V4dGVuc2lvbnMiOm51bGwsImFsbG93QWxsRXh0ZW5zaW9ucyI6ZmFsc2UsImFsbG93RXhjZXB0RXh0ZW5zaW9ucyI6bnVsbCwiYWxsb3dOYW1lcyI6bnVsbCwiYWxsb3dBbGxOYW1lcyI6ZmFsc2UsImFsbG93RXhjZXB0TmFtZXMiOm51bGwsIm5hbWVGaWx0ZXJPcHRpb25zIjpbImZpbGVzIl0sInNob3dGaWxlcyI6dHJ1ZSwic2hvd0ZvbGRlcnMiOnRydWUsImZpbGVOdW1iZXJzIjoiIiwiZW1iZWRXaWR0aCI6IjEwMCUiLCJlbWJlZEhlaWdodCI6IjQ4MHB4Iiwic29ydCI6eyJzb3J0QnkiOiJuYW1lIiwic29ydERpcmVjdGlvbiI6ImFzYyJ9LCJ2aWV3IjoibGlzdCIsImxhenlMb2FkIjp0cnVlLCJsYXp5TG9hZE51bWJlciI6MTAwLCJtYXhGaWxlU2l6ZSI6IiIsIm1pbkZpbGVTaXplIjoiIiwiZW5hYmxlRm9sZGVyVXBsb2FkIjpmYWxzZSwib3Blbk5ld1RhYiI6dHJ1ZSwic2hvd1VwbG9hZExhYmVsIjp0cnVlLCJ1cGxvYWRMYWJlbFRleHQiOiJVcGxvYWQgRmlsZXMiLCJhbGxvd0VtYmVkUG9wb3V0Ijp0cnVlLCJ0aHVtYm5haWxDYXB0aW9uIjp0cnVlLCJwcmV2aWV3Ijp0cnVlLCJkb3dubG9hZCI6dHJ1ZSwiZGlzcGxheUZvciI6ImV2ZXJ5b25lIiwiZGlzcGxheVVzZXJzIjpbImV2ZXJ5b25lIl0sImRpc3BsYXlFdmVyeW9uZSI6ZmFsc2UsImRpc3BsYXlFeGNlcHQiOltdLCJub25jZSI6IjQ4NGUzMDEzNGQiLCJjYW5EZWxldGUiOmZhbHNlLCJyZW5hbWUiOmZhbHNlLCJ1cGxvYWQiOmZhbHNlLCJuZXdGb2xkZXIiOmZhbHNlLCJtb3ZlQ29weSI6ZmFsc2UsImFsbG93U2hhcmUiOmZhbHNlLCJhbGxvd1NlYXJjaCI6ZmFsc2UsImNyZWF0ZURvYyI6ZmFsc2UsImVkaXQiOmZhbHNlLCJjb3B5TGluayI6ZmFsc2UsImRldGFpbHMiOmZhbHNlLCJjb21tZW50IjpmYWxzZSwicGhvdG9Qcm9vZiI6ZmFsc2UsImZpbHRlcnMiOnsiYWxsb3dFeHRlbnNpb25zIjoiIiwiYWxsb3dBbGxFeHRlbnNpb25zIjpmYWxzZSwiYWxsb3dFeGNlcHRFeHRlbnNpb25zIjoiIiwiYWxsb3dOYW1lcyI6IiIsImFsbG93QWxsTmFtZXMiOmZhbHNlLCJhbGxvd0V4Y2VwdE5hbWVzIjoiIiwibmFtZUZpbHRlck9wdGlvbnMiOlsiZmlsZXMiXSwic2hvd0ZpbGVzIjp0cnVlLCJzaG93Rm9sZGVycyI6dHJ1ZSwiaXNHYWxsZXJ5Ijp0cnVlfSwiYWNjb3VudHMiOnsiMTEwMjg3MTQ3NzQ5ODczNzIxMDYiOnsiaWQiOiIxMTAyODcxNDc3NDk4NzM3MjEwNiIsIm5hbWUiOiIiLCJlbWFpbCI6IiIsInBob3RvIjoiaHR0cHM6XC9cL2xoMy5nb29nbGV1c2VyY29udGVudC5jb21cL2FcL0FDZzhvY0lYUXo3MjhvY3VCb2wzX3ZIdlgtLW1wSU5mNXFSOVY2X2pSby1TdUhhQmpYTFBwdz1zNjQiLCJzdG9yYWdlIjp7InVzYWdlIjoiMTAyNzExNTM2NTkiLCJsaW1pdCI6IjE2MTA2MTI3MzYwIn0sImxvc3QiOmZhbHNlLCJyb290X2lkIjoiMEFKelB3b3oyQ19MZVVrOVBWQSIsInVzZXJfaWQiOlsiYWRtaW4iXX19LCJhY2NvdW50Ijp7ImlkIjoiMTEwMjg3MTQ3NzQ5ODczNzIxMDYiLCJuYW1lIjoiTHVpcyBHYXJyZXR0IiwiZW1haWwiOiJhZG1naW5ob3BpbnRvQGdtYWlsLmNvbSIsInBob3RvIjoiaHR0cHM6XC9cL2xoMy5nb29nbGV1c2VyY29udGVudC5jb21cL2FcL0FDZzhvY0lYUXo3MjhvY3VCb2wzX3ZIdlgtLW1wSU5mNXFSOVY2X2pSby1TdUhhQmpYTFBwdz1zNjQiLCJzdG9yYWdlIjp7InVzYWdlIjoiMTAyNzExNTM2NTkiLCJsaW1pdCI6IjE2MTA2MTI3MzYwIn0sImxvc3QiOmZhbHNlLCJyb290X2lkIjoiMEFKelB3b3oyQ19MZVVrOVBWQSIsInVzZXJfaWQiOlsiYWRtaW4iXX19\"\n                     style=\"--module-width: 100%; --module-height: ;\"\n                ><\/div>\n                \n                <div class=\"igd igd-shortcode-wrap igd-shortcode-gallery\"\n                     data-shortcode-data=\"eyJpZCI6MTQ4LCJzdGF0dXMiOiJvbiIsInRpdGxlIjoiQ29kaWYgR2Vub24gTmkgaW1nIiwidHlwZSI6ImdhbGxlcnkiLCJhbGxGb2xkZXJzIjpmYWxzZSwiZm9sZGVycyI6W3siaWQiOiIxUjJDcWx6SlhDY2VYaEVmVVZrQndjMzhDWnNSMWZrSGkiLCJuYW1lIjoiR2Vub24gUCBDb250YXFzIC0gRGV6ZW1icm8tMjAyMCBOLnBuZyIsInR5cGUiOiJpbWFnZVwvcG5nIiwic2l6ZSI6IjIwMzY3NyIsImljb25MaW5rIjoiaHR0cHM6XC9cL2RyaXZlLXRoaXJkcGFydHkuZ29vZ2xldXNlcmNvbnRlbnQuY29tXC8xNlwvdHlwZVwvaW1hZ2VcL3BuZyIsInRodW1ibmFpbExpbmsiOiJodHRwczpcL1wvbGgzLmdvb2dsZXVzZXJjb250ZW50LmNvbVwvZHJpdmUtc3RvcmFnZVwvQUtIajZFNnpWcEVKVGcwTG9NeFVRNEtoWUNLeTF3ZWJMTzJVZ21qeUh5WG94UlJ1R3U1alREWkh2RVRlU1NIOHRwczhLQVZkZzREc2VuZEJZRkRVV1R6M0NmV3U3azVqOGpGUVktQ1JET19LQ2c9czIyMCIsIndlYlZpZXdMaW5rIjoiaHR0cHM6XC9cL2RyaXZlLmdvb2dsZS5jb21cL2ZpbGVcL2RcLzFSMkNxbHpKWENjZVhoRWZVVmtCd2MzOENac1IxZmtIaVwvdmlldz91c3A9ZHJpdmVzZGsiLCJ3ZWJDb250ZW50TGluayI6Imh0dHBzOlwvXC9kcml2ZS5nb29nbGUuY29tXC91Yz9pZD0xUjJDcWx6SlhDY2VYaEVmVVZrQndjMzhDWnNSMWZrSGkmZXhwb3J0PWRvd25sb2FkIiwiY3JlYXRlZCI6IjIwMjMtMTAtMDlUMTQ6MzQ6NTguNjI4WiIsInVwZGF0ZWQiOiIyMDIzLTAyLTA4VDA3OjI5OjA4LjAwMFoiLCJkZXNjcmlwdGlvbiI6bnVsbCwicGFyZW50cyI6WyIxZTJ2cHRFdWs0TVNDcXU3SDZQNk00d0hpSEttMFhNZmwiXSwic2hhcmVkIjp0cnVlLCJzaGFyZWRXaXRoTWVUaW1lIjpudWxsLCJleHRlbnNpb24iOiJwbmciLCJyZXNvdXJjZUtleSI6bnVsbCwiY29weVJlcXVpcmVzV3JpdGVyUGVybWlzc2lvbiI6ZmFsc2UsInN0YXJyZWQiOm51bGwsImV4cG9ydExpbmtzIjpudWxsLCJhY2NvdW50SWQiOiIxMTAyODcxNDc3NDk4NzM3MjEwNiIsInBlcm1pc3Npb25zIjp7ImNhblByZXZpZXciOnRydWUsImNhbkRvd25sb2FkIjp0cnVlLCJjYW5FZGl0IjpmYWxzZSwiY2FuRGVsZXRlIjp0cnVlLCJjYW5UcmFzaCI6dHJ1ZSwiY2FuTW92ZSI6dHJ1ZSwiY2FuUmVuYW1lIjp0cnVlLCJjYW5TaGFyZSI6dHJ1ZSwiY29weVJlcXVpcmVzV3JpdGVyUGVybWlzc2lvbiI6ZmFsc2UsImNhbkNoYW5nZUNvcHlSZXF1aXJlc1dyaXRlclBlcm1pc3Npb24iOm51bGwsInVzZXJzIjp7ImFueW9uZVdpdGhMaW5rIjp7InR5cGUiOiJhbnlvbmUiLCJyb2xlIjoicmVhZGVyIiwiZG9tYWluIjpudWxsfSwiMTEwMjg3MTQ3NzQ5ODczNzIxMDYiOnsidHlwZSI6InVzZXIiLCJyb2xlIjoib3duZXIiLCJkb21haW4iOm51bGx9fX0sImV4cG9ydEFzIjpbXSwibWV0YURhdGEiOnsid2lkdGgiOjYyMSwiaGVpZ2h0Ijo1NTR9LCJpc0ZvbGRlciI6ZmFsc2V9XSwicHJpdmF0ZUZvbGRlcnMiOmZhbHNlLCJhbGxvd0V4dGVuc2lvbnMiOm51bGwsImFsbG93QWxsRXh0ZW5zaW9ucyI6ZmFsc2UsImFsbG93RXhjZXB0RXh0ZW5zaW9ucyI6bnVsbCwiYWxsb3dOYW1lcyI6bnVsbCwiYWxsb3dBbGxOYW1lcyI6ZmFsc2UsImFsbG93RXhjZXB0TmFtZXMiOm51bGwsIm5hbWVGaWx0ZXJPcHRpb25zIjpbImZpbGVzIl0sInNob3dGaWxlcyI6dHJ1ZSwic2hvd0ZvbGRlcnMiOnRydWUsImZpbGVOdW1iZXJzIjoiIiwiZW1iZWRXaWR0aCI6IjEwMCUiLCJlbWJlZEhlaWdodCI6IjQ4MHB4Iiwic29ydCI6eyJzb3J0QnkiOiJuYW1lIiwic29ydERpcmVjdGlvbiI6ImFzYyJ9LCJ2aWV3IjoibGlzdCIsImxhenlMb2FkIjp0cnVlLCJsYXp5TG9hZE51bWJlciI6MTAwLCJtYXhGaWxlU2l6ZSI6IiIsIm1pbkZpbGVTaXplIjoiIiwiZW5hYmxlRm9sZGVyVXBsb2FkIjpmYWxzZSwib3Blbk5ld1RhYiI6dHJ1ZSwic2hvd1VwbG9hZExhYmVsIjp0cnVlLCJ1cGxvYWRMYWJlbFRleHQiOiJVcGxvYWQgRmlsZXMiLCJhbGxvd0VtYmVkUG9wb3V0Ijp0cnVlLCJ0aHVtYm5haWxDYXB0aW9uIjp0cnVlLCJwcmV2aWV3Ijp0cnVlLCJkb3dubG9hZCI6dHJ1ZSwiZGlzcGxheUZvciI6ImV2ZXJ5b25lIiwiZGlzcGxheVVzZXJzIjpbImV2ZXJ5b25lIl0sImRpc3BsYXlFdmVyeW9uZSI6ZmFsc2UsImRpc3BsYXlFeGNlcHQiOltdLCJub25jZSI6IjQ4NGUzMDEzNGQiLCJjYW5EZWxldGUiOmZhbHNlLCJyZW5hbWUiOmZhbHNlLCJ1cGxvYWQiOmZhbHNlLCJuZXdGb2xkZXIiOmZhbHNlLCJtb3ZlQ29weSI6ZmFsc2UsImFsbG93U2hhcmUiOmZhbHNlLCJhbGxvd1NlYXJjaCI6ZmFsc2UsImNyZWF0ZURvYyI6ZmFsc2UsImVkaXQiOmZhbHNlLCJjb3B5TGluayI6ZmFsc2UsImRldGFpbHMiOmZhbHNlLCJjb21tZW50IjpmYWxzZSwicGhvdG9Qcm9vZiI6ZmFsc2UsImZpbHRlcnMiOnsiYWxsb3dFeHRlbnNpb25zIjoiIiwiYWxsb3dBbGxFeHRlbnNpb25zIjpmYWxzZSwiYWxsb3dFeGNlcHRFeHRlbnNpb25zIjoiIiwiYWxsb3dOYW1lcyI6IiIsImFsbG93QWxsTmFtZXMiOmZhbHNlLCJhbGxvd0V4Y2VwdE5hbWVzIjoiIiwibmFtZUZpbHRlck9wdGlvbnMiOlsiZmlsZXMiXSwic2hvd0ZpbGVzIjp0cnVlLCJzaG93Rm9sZGVycyI6dHJ1ZSwiaXNHYWxsZXJ5Ijp0cnVlfSwiYWNjb3VudHMiOnsiMTEwMjg3MTQ3NzQ5ODczNzIxMDYiOnsiaWQiOiIxMTAyODcxNDc3NDk4NzM3MjEwNiIsIm5hbWUiOiIiLCJlbWFpbCI6IiIsInBob3RvIjoiaHR0cHM6XC9cL2xoMy5nb29nbGV1c2VyY29udGVudC5jb21cL2FcL0FDZzhvY0lYUXo3MjhvY3VCb2wzX3ZIdlgtLW1wSU5mNXFSOVY2X2pSby1TdUhhQmpYTFBwdz1zNjQiLCJzdG9yYWdlIjp7InVzYWdlIjoiMTAyNzExNTM2NTkiLCJsaW1pdCI6IjE2MTA2MTI3MzYwIn0sImxvc3QiOmZhbHNlLCJyb290X2lkIjoiMEFKelB3b3oyQ19MZVVrOVBWQSIsInVzZXJfaWQiOlsiYWRtaW4iXX19LCJhY2NvdW50Ijp7ImlkIjoiMTEwMjg3MTQ3NzQ5ODczNzIxMDYiLCJuYW1lIjoiTHVpcyBHYXJyZXR0IiwiZW1haWwiOiJhZG1naW5ob3BpbnRvQGdtYWlsLmNvbSIsInBob3RvIjoiaHR0cHM6XC9cL2xoMy5nb29nbGV1c2VyY29udGVudC5jb21cL2FcL0FDZzhvY0lYUXo3MjhvY3VCb2wzX3ZIdlgtLW1wSU5mNXFSOVY2X2pSby1TdUhhQmpYTFBwdz1zNjQiLCJzdG9yYWdlIjp7InVzYWdlIjoiMTAyNzExNTM2NTkiLCJsaW1pdCI6IjE2MTA2MTI3MzYwIn0sImxvc3QiOmZhbHNlLCJyb290X2lkIjoiMEFKelB3b3oyQ19MZVVrOVBWQSIsInVzZXJfaWQiOlsiYWRtaW4iXX19\"\n                     style=\"--module-width: 100%; --module-height: ;\"\n                ><\/div>\n                \n<hr \/>\n","protected":false},"excerpt":{"rendered":"<p>Sumario do Site<\/p>\n","protected":false},"author":1,"featured_media":0,"parent":0,"menu_order":14,"comment_status":"open","ping_status":"closed","template":"","meta":{"footnotes":""},"categories":[303,429,387,349,353,386],"tags":[],"class_list":["post-3844","page","type-page","status-publish","hentry","category-administradoras","category-benfeitorias-imposto-renda","category-codificacao","category-perito","category-prestacao-contas","category-sumula"],"_links":{"self":[{"href":"https:\/\/retalhos.net\/dice\/wp-json\/wp\/v2\/pages\/3844","targetHints":{"allow":["GET"]}}],"collection":[{"href":"https:\/\/retalhos.net\/dice\/wp-json\/wp\/v2\/pages"}],"about":[{"href":"https:\/\/retalhos.net\/dice\/wp-json\/wp\/v2\/types\/page"}],"author":[{"embeddable":true,"href":"https:\/\/retalhos.net\/dice\/wp-json\/wp\/v2\/users\/1"}],"replies":[{"embeddable":true,"href":"https:\/\/retalhos.net\/dice\/wp-json\/wp\/v2\/comments?post=3844"}],"version-history":[{"count":34,"href":"https:\/\/retalhos.net\/dice\/wp-json\/wp\/v2\/pages\/3844\/revisions"}],"predecessor-version":[{"id":4198,"href":"https:\/\/retalhos.net\/dice\/wp-json\/wp\/v2\/pages\/3844\/revisions\/4198"}],"wp:attachment":[{"href":"https:\/\/retalhos.net\/dice\/wp-json\/wp\/v2\/media?parent=3844"}],"wp:term":[{"taxonomy":"category","embeddable":true,"href":"https:\/\/retalhos.net\/dice\/wp-json\/wp\/v2\/categories?post=3844"},{"taxonomy":"post_tag","embeddable":true,"href":"https:\/\/retalhos.net\/dice\/wp-json\/wp\/v2\/tags?post=3844"}],"curies":[{"name":"wp","href":"https:\/\/api.w.org\/{rel}","templated":true}]}}