{"id":3859,"date":"2023-10-01T15:19:58","date_gmt":"2023-10-01T18:19:58","guid":{"rendered":"http:\/\/retalhos.net\/dice\/?page_id=3859"},"modified":"2023-10-19T08:15:41","modified_gmt":"2023-10-19T11:15:41","slug":"sumula-1","status":"publish","type":"page","link":"https:\/\/retalhos.net\/dice\/sumula-1\/","title":{"rendered":"S\u00famula (1)"},"content":{"rendered":"<hr \/>\n<h5><span style=\"color: #003300;\">PRINCIPAIS \u00cdTENS<\/span><\/h5>\n<ul>\n<li><span style=\"color: #003300;\">Procuradora e Inventariante<br \/>\n<\/span><\/li>\n<li><span style=\"color: #003300;\">Testamento &amp; Cl\u00e1usulas<\/span><\/li>\n<li><span style=\"color: #003300;\">Codifica\u00e7\u00e3o dos Im\u00f3veis<br \/>\n<\/span><\/li>\n<li><span style=\"color: #003300;\">Rua S Francisco<\/span><\/li>\n<li><span style=\"color: #003300;\">Venda 3 Aptos &#8211; Compra Apto R Goias<br \/>\n<\/span><\/li>\n<li><span style=\"color: #003300;\">Escrituras Declarat\u00f3rias<br \/>\n<\/span><\/li>\n<li><span style=\"color: #003300;\">Empregada Domestica<\/span><\/li>\n<li><span style=\"color: #003300;\">Doa\u00e7\u00f5es &#8211; Sonegados<\/span><\/li>\n<li><span style=\"color: #003300;\">Abandono Im\u00f3veis<\/span><\/li>\n<li><span style=\"color: #003300;\">Benfeitorias I Renda<\/span><\/li>\n<li><span style=\"color: #003300;\">Adjudica\u00e7\u00e3o Rua C Moreira<\/span><\/li>\n<li><span style=\"color: #003300;\">Fraude Contratos de<\/span><span style=\"color: #003300;\"> Aluguel<\/span><\/li>\n<li><span style=\"color: #003300;\">Imposto\u00a0 Renda<\/span><\/li>\n<li><span style=\"color: #003300;\">Jazigo Perp\u00e9tuo<\/span><\/li>\n<\/ul>\n<hr \/>\n<blockquote><p><span style=\"color: #003300;\">VER TAMB\u00cbM<a href=\"http:\/\/retalhos.net\/dice\/index-foro-de-santos\/linha-tempo\/linha-tempo-pdf\/\" target=\"_blank\" rel=\"noopener\"> CRONOLOGIA &#8211; LINHA DO TEMPO<\/a><\/span><\/p><\/blockquote>\n<hr \/>\n<div class=\"igd igd-shortcode-wrap igd-shortcode-embed\"><div class=\"igd-embed-wrap\"><iframe loading=\"lazy\" class=\"igd-embed\" src=\"https:\/\/drive.google.com\/file\/d\/1yHRLfMRNydp5wrhgUuAhoU74DKfmhxax\/preview?rm=minimal\" frameborder=\"0\" width=\"100%\" height=\"480\" referrerpolicy=\"no-referrer\" allow=\"autoplay\" allowfullscreen sandbox=\"allow-same-origin allow-scripts allow-popups allow-forms\"><\/iframe><iframe loading=\"lazy\" class=\"igd-embed\" src=\"https:\/\/drive.google.com\/file\/d\/17MciyF6BnVcSbdeuDugKN11dkP1TqBko\/preview?rm=minimal\" frameborder=\"0\" width=\"100%\" height=\"480\" referrerpolicy=\"no-referrer\" allow=\"autoplay\" allowfullscreen sandbox=\"allow-same-origin allow-scripts allow-popups allow-forms\"><\/iframe><iframe loading=\"lazy\" class=\"igd-embed\" src=\"https:\/\/drive.google.com\/file\/d\/1SdFDSR-cQpIjyEe-JWp_xUSGeIEEQo2s\/preview?rm=minimal\" frameborder=\"0\" width=\"100%\" height=\"480\" referrerpolicy=\"no-referrer\" allow=\"autoplay\" allowfullscreen sandbox=\"allow-same-origin allow-scripts allow-popups allow-forms\"><\/iframe><iframe loading=\"lazy\" class=\"igd-embed\" src=\"https:\/\/drive.google.com\/file\/d\/1WM2TT_8SuTlgu9POIZYfPX4h7zdDNm-0\/preview?rm=minimal\" frameborder=\"0\" width=\"100%\" height=\"480\" referrerpolicy=\"no-referrer\" allow=\"autoplay\" allowfullscreen sandbox=\"allow-same-origin allow-scripts allow-popups allow-forms\"><\/iframe><iframe loading=\"lazy\" class=\"igd-embed\" src=\"https:\/\/drive.google.com\/file\/d\/1sKLhVuDWiLzvVSkuCTOQ72oIHbEC_QOm\/preview?rm=minimal\" frameborder=\"0\" width=\"100%\" height=\"480\" referrerpolicy=\"no-referrer\" allow=\"autoplay\" allowfullscreen sandbox=\"allow-same-origin allow-scripts allow-popups allow-forms\"><\/iframe><iframe loading=\"lazy\" class=\"igd-embed\" src=\"https:\/\/drive.google.com\/file\/d\/16fqR3fI3OVOjVLmLRv2PyUVts50kAJ47\/preview?rm=minimal\" frameborder=\"0\" width=\"100%\" height=\"480\" referrerpolicy=\"no-referrer\" allow=\"autoplay\" allowfullscreen sandbox=\"allow-same-origin allow-scripts allow-popups allow-forms\"><\/iframe><iframe loading=\"lazy\" class=\"igd-embed\" src=\"https:\/\/drive.google.com\/file\/d\/16OCSQs8tg8urqkPRwdoLttNC3c8BlBj1\/preview?rm=minimal\" frameborder=\"0\" width=\"100%\" height=\"480\" referrerpolicy=\"no-referrer\" allow=\"autoplay\" allowfullscreen sandbox=\"allow-same-origin allow-scripts allow-popups allow-forms\"><\/iframe><iframe loading=\"lazy\" class=\"igd-embed\" src=\"https:\/\/drive.google.com\/file\/d\/1H3jNZBs6nwbmzzMRbxA_g02u9lDYSjz3\/preview?rm=minimal\" frameborder=\"0\" width=\"100%\" height=\"480\" referrerpolicy=\"no-referrer\" allow=\"autoplay\" allowfullscreen sandbox=\"allow-same-origin allow-scripts allow-popups allow-forms\"><\/iframe><iframe loading=\"lazy\" class=\"igd-embed\" src=\"https:\/\/drive.google.com\/file\/d\/1iQxDfTNh_3wCv2eOEss9dzaE6NmRXMus\/preview?rm=minimal\" frameborder=\"0\" width=\"100%\" height=\"480\" referrerpolicy=\"no-referrer\" allow=\"autoplay\" allowfullscreen sandbox=\"allow-same-origin allow-scripts allow-popups allow-forms\"><\/iframe><iframe loading=\"lazy\" class=\"igd-embed\" src=\"https:\/\/drive.google.com\/file\/d\/19b3avpKd4I-_IF6nyk_IAFvH3GsB77lq\/preview?rm=minimal\" frameborder=\"0\" width=\"100%\" height=\"480\" referrerpolicy=\"no-referrer\" allow=\"autoplay\" allowfullscreen sandbox=\"allow-same-origin allow-scripts allow-popups allow-forms\"><\/iframe><\/div><\/div>\n","protected":false},"excerpt":{"rendered":"<p>PRINCIPAIS \u00cdTENS Procuradora e Inventariante Testamento &amp; Cl\u00e1usulas Codifica\u00e7\u00e3o dos Im\u00f3veis Rua S Francisco Venda 3 Aptos &#8211; Compra Apto R Goias Escrituras Declarat\u00f3rias Empregada Domestica Doa\u00e7\u00f5es &#8211; Sonegados Abandono &#8230;<\/p>\n","protected":false},"author":1,"featured_media":0,"parent":0,"menu_order":0,"comment_status":"open","ping_status":"closed","template":"","meta":{"footnotes":""},"categories":[386],"tags":[],"class_list":["post-3859","page","type-page","status-publish","hentry","category-sumula"],"_links":{"self":[{"href":"https:\/\/retalhos.net\/dice\/wp-json\/wp\/v2\/pages\/3859","targetHints":{"allow":["GET"]}}],"collection":[{"href":"https:\/\/retalhos.net\/dice\/wp-json\/wp\/v2\/pages"}],"about":[{"href":"https:\/\/retalhos.net\/dice\/wp-json\/wp\/v2\/types\/page"}],"author":[{"embeddable":true,"href":"https:\/\/retalhos.net\/dice\/wp-json\/wp\/v2\/users\/1"}],"replies":[{"embeddable":true,"href":"https:\/\/retalhos.net\/dice\/wp-json\/wp\/v2\/comments?post=3859"}],"version-history":[{"count":22,"href":"https:\/\/retalhos.net\/dice\/wp-json\/wp\/v2\/pages\/3859\/revisions"}],"predecessor-version":[{"id":5540,"href":"https:\/\/retalhos.net\/dice\/wp-json\/wp\/v2\/pages\/3859\/revisions\/5540"}],"wp:attachment":[{"href":"https:\/\/retalhos.net\/dice\/wp-json\/wp\/v2\/media?parent=3859"}],"wp:term":[{"taxonomy":"category","embeddable":true,"href":"https:\/\/retalhos.net\/dice\/wp-json\/wp\/v2\/categories?post=3859"},{"taxonomy":"post_tag","embeddable":true,"href":"https:\/\/retalhos.net\/dice\/wp-json\/wp\/v2\/tags?post=3859"}],"curies":[{"name":"wp","href":"https:\/\/api.w.org\/{rel}","templated":true}]}}