{"id":3994,"date":"2023-10-02T07:48:15","date_gmt":"2023-10-02T10:48:15","guid":{"rendered":"http:\/\/retalhos.net\/dice\/?page_id=3994"},"modified":"2023-10-25T17:31:04","modified_gmt":"2023-10-25T20:31:04","slug":"dicas","status":"publish","type":"page","link":"https:\/\/retalhos.net\/dice\/dicas\/","title":{"rendered":"DICAS"},"content":{"rendered":"<hr \/>\n                <div class=\"igd igd-shortcode-wrap igd-shortcode-gallery\"\n                     data-shortcode-data=\"eyJpZCI6MTM4LCJzdGF0dXMiOiJvbiIsInRpdGxlIjoiTWFsdSIsInR5cGUiOiJnYWxsZXJ5IiwiYWxsRm9sZGVycyI6ZmFsc2UsImZvbGRlcnMiOlt7ImlkIjoiMUtmd295Q3JYVVdYS01waEtKVFp2NlRxLTI1OHdPSlA5IiwibmFtZSI6Ik1hbHUgYW50aWdhLnBuZyIsInR5cGUiOiJpbWFnZVwvcG5nIiwic2l6ZSI6IjgwODU4IiwiaWNvbkxpbmsiOiJodHRwczpcL1wvZHJpdmUtdGhpcmRwYXJ0eS5nb29nbGV1c2VyY29udGVudC5jb21cLzE2XC90eXBlXC9pbWFnZVwvcG5nIiwidGh1bWJuYWlsTGluayI6Imh0dHBzOlwvXC9saDMuZ29vZ2xldXNlcmNvbnRlbnQuY29tXC9kcml2ZS1zdG9yYWdlXC9BS0hqNkU1MjFndTJOc1FtMUh2UWFsakVITUt5TnhVZVVnenBCZFdVWnFlQU1ZSDJTVmFwUWNUUnpNLTNQdGlUcUMtZU9yYlRUM1I4dk1BRVk4elJWdUlDYkstVkxsMUtBeUc2cjNSNENvalNFZz1zMjIwIiwid2ViVmlld0xpbmsiOiJodHRwczpcL1wvZHJpdmUuZ29vZ2xlLmNvbVwvZmlsZVwvZFwvMUtmd295Q3JYVVdYS01waEtKVFp2NlRxLTI1OHdPSlA5XC92aWV3P3VzcD1kcml2ZXNkayIsIndlYkNvbnRlbnRMaW5rIjoiaHR0cHM6XC9cL2RyaXZlLmdvb2dsZS5jb21cL3VjP2lkPTFLZndveUNyWFVXWEtNcGhLSlRadjZUcS0yNTh3T0pQOSZleHBvcnQ9ZG93bmxvYWQiLCJjcmVhdGVkIjoiMjAyMy0xMC0xOVQyMToyODoyNy4zNDhaIiwidXBkYXRlZCI6IjIwMjMtMTAtMTlUMjE6MjU6MTEuMDAwWiIsImRlc2NyaXB0aW9uIjpudWxsLCJwYXJlbnRzIjpbIjFRT2dsTE5lSHdadGo5M2sxWVNnblA5UExQTWVrSVRoZCJdLCJzaGFyZWQiOnRydWUsInNoYXJlZFdpdGhNZVRpbWUiOm51bGwsImV4dGVuc2lvbiI6InBuZyIsInJlc291cmNlS2V5IjpudWxsLCJjb3B5UmVxdWlyZXNXcml0ZXJQZXJtaXNzaW9uIjpmYWxzZSwic3RhcnJlZCI6bnVsbCwiZXhwb3J0TGlua3MiOm51bGwsImFjY291bnRJZCI6IjExMDI4NzE0Nzc0OTg3MzcyMTA2IiwicGVybWlzc2lvbnMiOnsiY2FuUHJldmlldyI6dHJ1ZSwiY2FuRG93bmxvYWQiOnRydWUsImNhbkVkaXQiOmZhbHNlLCJjYW5EZWxldGUiOnRydWUsImNhblRyYXNoIjp0cnVlLCJjYW5Nb3ZlIjp0cnVlLCJjYW5SZW5hbWUiOnRydWUsImNhblNoYXJlIjp0cnVlLCJjb3B5UmVxdWlyZXNXcml0ZXJQZXJtaXNzaW9uIjpmYWxzZSwiY2FuQ2hhbmdlQ29weVJlcXVpcmVzV3JpdGVyUGVybWlzc2lvbiI6bnVsbCwidXNlcnMiOnsiYW55b25lV2l0aExpbmsiOnsidHlwZSI6ImFueW9uZSIsInJvbGUiOiJyZWFkZXIiLCJkb21haW4iOm51bGx9LCIxMTAyODcxNDc3NDk4NzM3MjEwNiI6eyJ0eXBlIjoidXNlciIsInJvbGUiOiJvd25lciIsImRvbWFpbiI6bnVsbH19fSwiZXhwb3J0QXMiOltdLCJtZXRhRGF0YSI6eyJ3aWR0aCI6MzAwLCJoZWlnaHQiOjM2Nn0sImlzRm9sZGVyIjpmYWxzZX1dLCJwcml2YXRlRm9sZGVycyI6ZmFsc2UsImFsbG93RXh0ZW5zaW9ucyI6bnVsbCwiYWxsb3dBbGxFeHRlbnNpb25zIjpmYWxzZSwiYWxsb3dFeGNlcHRFeHRlbnNpb25zIjpudWxsLCJhbGxvd05hbWVzIjpudWxsLCJhbGxvd0FsbE5hbWVzIjpmYWxzZSwiYWxsb3dFeGNlcHROYW1lcyI6bnVsbCwibmFtZUZpbHRlck9wdGlvbnMiOlsiZmlsZXMiXSwic2hvd0ZpbGVzIjp0cnVlLCJzaG93Rm9sZGVycyI6dHJ1ZSwiZmlsZU51bWJlcnMiOiIiLCJlbWJlZFdpZHRoIjoiMTAwJSIsImVtYmVkSGVpZ2h0IjoiNDgwcHgiLCJzb3J0Ijp7InNvcnRCeSI6Im5hbWUiLCJzb3J0RGlyZWN0aW9uIjoiYXNjIn0sInZpZXciOiJsaXN0IiwibGF6eUxvYWQiOnRydWUsImxhenlMb2FkTnVtYmVyIjoxMDAsIm1heEZpbGVTaXplIjoiIiwibWluRmlsZVNpemUiOiIiLCJlbmFibGVGb2xkZXJVcGxvYWQiOmZhbHNlLCJvcGVuTmV3VGFiIjp0cnVlLCJzaG93VXBsb2FkTGFiZWwiOnRydWUsInVwbG9hZExhYmVsVGV4dCI6IlVwbG9hZCBGaWxlcyIsImFsbG93RW1iZWRQb3BvdXQiOnRydWUsInRodW1ibmFpbENhcHRpb24iOnRydWUsInByZXZpZXciOnRydWUsImRvd25sb2FkIjp0cnVlLCJkaXNwbGF5Rm9yIjoiZXZlcnlvbmUiLCJkaXNwbGF5VXNlcnMiOlsiZXZlcnlvbmUiXSwiZGlzcGxheUV2ZXJ5b25lIjpmYWxzZSwiZGlzcGxheUV4Y2VwdCI6W10sIm5vbmNlIjoiM2NlNjY4MTI2NyIsImNhbkRlbGV0ZSI6ZmFsc2UsInJlbmFtZSI6ZmFsc2UsInVwbG9hZCI6ZmFsc2UsIm5ld0ZvbGRlciI6ZmFsc2UsIm1vdmVDb3B5IjpmYWxzZSwiYWxsb3dTaGFyZSI6ZmFsc2UsImFsbG93U2VhcmNoIjpmYWxzZSwiY3JlYXRlRG9jIjpmYWxzZSwiZWRpdCI6ZmFsc2UsImNvcHlMaW5rIjpmYWxzZSwiZGV0YWlscyI6ZmFsc2UsImNvbW1lbnQiOmZhbHNlLCJwaG90b1Byb29mIjpmYWxzZSwiZmlsdGVycyI6eyJhbGxvd0V4dGVuc2lvbnMiOiIiLCJhbGxvd0FsbEV4dGVuc2lvbnMiOmZhbHNlLCJhbGxvd0V4Y2VwdEV4dGVuc2lvbnMiOiIiLCJhbGxvd05hbWVzIjoiIiwiYWxsb3dBbGxOYW1lcyI6ZmFsc2UsImFsbG93RXhjZXB0TmFtZXMiOiIiLCJuYW1lRmlsdGVyT3B0aW9ucyI6WyJmaWxlcyJdLCJzaG93RmlsZXMiOnRydWUsInNob3dGb2xkZXJzIjp0cnVlLCJpc0dhbGxlcnkiOnRydWV9LCJhY2NvdW50cyI6eyIxMTAyODcxNDc3NDk4NzM3MjEwNiI6eyJpZCI6IjExMDI4NzE0Nzc0OTg3MzcyMTA2IiwibmFtZSI6IiIsImVtYWlsIjoiIiwicGhvdG8iOiJodHRwczpcL1wvbGgzLmdvb2dsZXVzZXJjb250ZW50LmNvbVwvYVwvQUNnOG9jSVhRejcyOG9jdUJvbDNfdkh2WC0tbXBJTmY1cVI5VjZfalJvLVN1SGFCalhMUHB3PXM2NCIsInN0b3JhZ2UiOnsidXNhZ2UiOiIxMDI3MTE1MzY1OSIsImxpbWl0IjoiMTYxMDYxMjczNjAifSwibG9zdCI6ZmFsc2UsInJvb3RfaWQiOiIwQUp6UHdvejJDX0xlVWs5UFZBIiwidXNlcl9pZCI6WyJhZG1pbiJdfX0sImFjY291bnQiOnsiaWQiOiIxMTAyODcxNDc3NDk4NzM3MjEwNiIsIm5hbWUiOiJMdWlzIEdhcnJldHQiLCJlbWFpbCI6ImFkbWdpbmhvcGludG9AZ21haWwuY29tIiwicGhvdG8iOiJodHRwczpcL1wvbGgzLmdvb2dsZXVzZXJjb250ZW50LmNvbVwvYVwvQUNnOG9jSVhRejcyOG9jdUJvbDNfdkh2WC0tbXBJTmY1cVI5VjZfalJvLVN1SGFCalhMUHB3PXM2NCIsInN0b3JhZ2UiOnsidXNhZ2UiOiIxMDI3MTE1MzY1OSIsImxpbWl0IjoiMTYxMDYxMjczNjAifSwibG9zdCI6ZmFsc2UsInJvb3RfaWQiOiIwQUp6UHdvejJDX0xlVWs5UFZBIiwidXNlcl9pZCI6WyJhZG1pbiJdfX0=\"\n                     style=\"--module-width: 100%; --module-height: ;\"\n                ><\/div>\n                \n<blockquote>\n<h3><span style=\"color: #003300;\">Abas do<span style=\"color: #ff0000;\"> Menu<\/span><\/span><\/h3>\n<h3><span style=\"color: #003300;\">ADVOGADOS, CART\u00d3RIO, CONTAS,\u00a0 CRONOLOGIA, ESP\u00d3LIO, FOTOS, JUIZO, PETI\u00c7OES, TESTAMENTO, COMENT\u00c1RIOS, AUDIOS, C\u00d3DICOS, CATEGORIAS e S\u00daMULA<br \/>\n<\/span><\/h3>\n<h3><span style=\"color: #003300;\">Comece pela Aba SUMULA (fundamental se \u00e9 a primeira vez que acessa o site) l\u00e1 voce encontra um resumo de todo do site obtido dos principais t\u00f3picos acessados nas abas do <span style=\"color: #ff0000;\">Menu<\/span>.<\/span><\/h3>\n<h3>Para ver ( imprimir, etc) clique no icone <img loading=\"lazy\" decoding=\"async\" class=\"alignnone size-full wp-image-4058\" src=\"http:\/\/retalhos.net\/dice\/wp-content\/uploads\/2023\/10\/Acesso-google-drive.jpg\" alt=\"\" width=\"32\" height=\"31\" \/> do lado superior direito o documento ou imagem,<\/h3>\n<h3>Observe que ao acessar uma das diferentes op\u00e7\u00f5es voce poder\u00e1, no final de todos os quadros ou neste icone <img loading=\"lazy\" decoding=\"async\" class=\"alignnone size-full wp-image-4055\" src=\"http:\/\/retalhos.net\/dice\/wp-content\/uploads\/2023\/10\/Coment.png\" alt=\"\" width=\"60\" height=\"75\" \/> fixado no lado direito, comentar o(s) quadro(s) de interesse do trabalho (peti\u00e7\u00f5es ou quesitos no caso do Perito Assistente).<\/h3>\n<h3><span style=\"color: #003300;\">Por exemplo:<\/span><\/h3>\n<h3><span style=\"color: #003300;\">SUMULAS &#8211; CONTABILIDADE DA INVENTARIANTE<\/span><\/h3>\n<h3><span style=\"color: #003300;\">Se voce quer comentar o quadro <\/span><span style=\"color: #ff0000;\"><span style=\"color: #003300;\">Imoveis centro de custo.xlsx, escreva no campo COMENT\u00c1RIO o nome do quadro seguido do seu coment\u00e1rio.<\/span><br \/>\n<\/span><\/h3>\n<\/blockquote>\n<h3><span style=\"color: #003300;\">Encorajamos voce a postar um coment\u00e1rio aqui, clicando no \u00edcone \u00e0 esquerda levar\u00e1 at\u00e9 o final na \u00e1rea de coment\u00e1rios.<\/span><\/h3>\n<h3><span style=\"color: #003300;\">Todos os coment\u00e1rios est\u00e3o na aba<span style=\"color: #000000;\"> <a style=\"color: #000000;\" href=\"http:\/\/retalhos.net\/dice\/index-foro-de-santos__trashed\/comentarios\/\">COMENT\u00c1RIOS<\/a><\/span><\/span><\/h3>\n<blockquote>\n<h3>Voce pode ainda &#8220;clicar&#8221; em &#8220;Pesquisa no Site&#8221; sem argumentos.<\/h3>\n<h3>Na tela principal voce poder\u00e1 ver o <span style=\"color: #ff0000;\"><span style=\"color: #003300;\">ANDAMENTO DOS PROCESSOS e os EVENTOS RECENTES (peti\u00e7\u00f5es, despachos e decis\u1e4des).<\/span><br \/>\n<\/span><\/h3>\n<\/blockquote>\n<blockquote>\n<h3>A integra\u00e7\u00e3o dos documentos e m\u00eddia do Google Drive diretamente ao site permite o acesso r\u00e1pido e facil, e voc\u00ea pode navegar, gerenciar, incorporar, exibir, fazer upload, baixar, pesquisar, reproduzir, imprimir e compartilhar os arquivos.<\/h3>\n<\/blockquote>\n<blockquote>\n<h3>O acesso ao site restringe-se \u00e0s pessoas autorizadas pelo administrador do site, atrav\u00e9s do endere\u00e7o de e-mail. Tem acesso os seguintes e-mails:<\/h3>\n<h3>Luis Garrett cesar;garrett@gmail.com (administrador)<\/h3>\n<h3>Maria Luiza Garrett ludioga@gmail.com (Assinante)<\/h3>\n<h3>Vinicius Zollinger vinicius@vnzadvogado.adv.br (Assinante)<\/h3>\n<h3>Robert Zollinger .robertmarcus@gmail.com (Assinante)<\/h3>\n<h3>NOTA DO GOOGLE: Quando voc\u00ea usa o Aplicativo, todas as outras comunica\u00e7\u00f5es s\u00e3o estritamente entre o servidor e os servidores de servi\u00e7o de armazenamento em nuvem. A comunica\u00e7\u00e3o \u00e9 criptografada e a comunica\u00e7\u00e3o n\u00e3o passar\u00e1 pelos nossos servidores. N\u00f3s n\u00e3o coletamos e n\u00e3o temos acesso aos seus arquivos.<\/h3>\n<h5><span style=\"color: #003300;\">Acesse Todo conte\u00fado do Google Drive clicando <\/span><a href=\"https:\/\/drive.google.com\/drive\/folders\/1LZXXzGM3Z0B4dm6t3X0JWPm-QVBueBmN?usp=sharing\" target=\"_blank\" rel=\"noopener\">\u2192 AQUI<\/a><\/h5>\n<\/blockquote>\n","protected":false},"excerpt":{"rendered":"<p>Abas do Menu ADVOGADOS, CART\u00d3RIO, CONTAS,\u00a0 CRONOLOGIA, ESP\u00d3LIO, FOTOS, JUIZO, PETI\u00c7OES, TESTAMENTO, COMENT\u00c1RIOS, AUDIOS, C\u00d3DICOS, CATEGORIAS e S\u00daMULA Comece pela Aba SUMULA (fundamental se \u00e9 a primeira vez que acessa &#8230;<\/p>\n","protected":false},"author":1,"featured_media":0,"parent":0,"menu_order":1,"comment_status":"open","ping_status":"closed","template":"","meta":{"footnotes":""},"categories":[387,386],"tags":[],"class_list":["post-3994","page","type-page","status-publish","hentry","category-codificacao","category-sumula"],"_links":{"self":[{"href":"https:\/\/retalhos.net\/dice\/wp-json\/wp\/v2\/pages\/3994","targetHints":{"allow":["GET"]}}],"collection":[{"href":"https:\/\/retalhos.net\/dice\/wp-json\/wp\/v2\/pages"}],"about":[{"href":"https:\/\/retalhos.net\/dice\/wp-json\/wp\/v2\/types\/page"}],"author":[{"embeddable":true,"href":"https:\/\/retalhos.net\/dice\/wp-json\/wp\/v2\/users\/1"}],"replies":[{"embeddable":true,"href":"https:\/\/retalhos.net\/dice\/wp-json\/wp\/v2\/comments?post=3994"}],"version-history":[{"count":32,"href":"https:\/\/retalhos.net\/dice\/wp-json\/wp\/v2\/pages\/3994\/revisions"}],"predecessor-version":[{"id":5767,"href":"https:\/\/retalhos.net\/dice\/wp-json\/wp\/v2\/pages\/3994\/revisions\/5767"}],"wp:attachment":[{"href":"https:\/\/retalhos.net\/dice\/wp-json\/wp\/v2\/media?parent=3994"}],"wp:term":[{"taxonomy":"category","embeddable":true,"href":"https:\/\/retalhos.net\/dice\/wp-json\/wp\/v2\/categories?post=3994"},{"taxonomy":"post_tag","embeddable":true,"href":"https:\/\/retalhos.net\/dice\/wp-json\/wp\/v2\/tags?post=3994"}],"curies":[{"name":"wp","href":"https:\/\/api.w.org\/{rel}","templated":true}]}}