{"id":4221,"date":"2023-10-09T22:31:51","date_gmt":"2023-10-10T01:31:51","guid":{"rendered":"http:\/\/retalhos.net\/dice\/?page_id=4221"},"modified":"2023-10-21T16:30:44","modified_gmt":"2023-10-21T19:30:44","slug":"2005-2006","status":"publish","type":"page","link":"https:\/\/retalhos.net\/dice\/analise-geral-contas\/2005-2006\/","title":{"rendered":"2005-2006"},"content":{"rendered":"<hr \/>\n<div class=\"igd igd-shortcode-wrap igd-shortcode-embed\"><div class=\"igd-embed-wrap\"><h4 class=\"igd-embed-name\">2005.04.06 Cria\u00e7\u00e3o Prest  Contas.jpg<\/h4><iframe loading=\"lazy\" class=\"igd-embed\" src=\"https:\/\/drive.google.com\/file\/d\/1-reOBy7GiK2niQOdS-CbvGrUq30omZGD\/preview?rm=minimal\" frameborder=\"0\" width=\"100%\" height=\"480\" referrerpolicy=\"no-referrer\" allow=\"autoplay\" allowfullscreen sandbox=\"allow-same-origin allow-scripts allow-popups allow-forms\"><\/iframe><h4 class=\"igd-embed-name\">2006  Apura\u00e7\u00e3o  lan\u00e7amentos dos imoveis.pdf<\/h4><iframe loading=\"lazy\" class=\"igd-embed\" src=\"https:\/\/drive.google.com\/file\/d\/1P6K97qH3Tj9gMaJW1kll7Mbg6iBJyzkS\/preview?rm=minimal\" frameborder=\"0\" width=\"100%\" height=\"480\" referrerpolicy=\"no-referrer\" allow=\"autoplay\" allowfullscreen sandbox=\"allow-same-origin allow-scripts allow-popups allow-forms\"><\/iframe><h4 class=\"igd-embed-name\">2006 Dep\u00f3sitos Bco Itau em 2004 fl 230.pdf<\/h4><iframe loading=\"lazy\" class=\"igd-embed\" src=\"https:\/\/drive.google.com\/file\/d\/1nEPTQw-Jd1ootV2YGLandjrqcMkb4SWg\/preview?rm=minimal\" frameborder=\"0\" width=\"100%\" height=\"480\" referrerpolicy=\"no-referrer\" allow=\"autoplay\" allowfullscreen sandbox=\"allow-same-origin allow-scripts allow-popups allow-forms\"><\/iframe><h4 class=\"igd-embed-name\">2006 Fls Autos Vol 6 e 7 2006.pdf<\/h4><iframe loading=\"lazy\" class=\"igd-embed\" src=\"https:\/\/drive.google.com\/file\/d\/1_oOiZqrYF-xebxEO2Q0u1j89-WmgOIlH\/preview?rm=minimal\" frameborder=\"0\" width=\"100%\" height=\"480\" referrerpolicy=\"no-referrer\" allow=\"autoplay\" allowfullscreen sandbox=\"allow-same-origin allow-scripts allow-popups allow-forms\"><\/iframe><h4 class=\"igd-embed-name\">2006 Lanctos Receitas e Despesas.pdf<\/h4><iframe loading=\"lazy\" class=\"igd-embed\" src=\"https:\/\/drive.google.com\/file\/d\/121s8zZwKu6UIa06kHX0HXUfiBfVxnEi4\/preview?rm=minimal\" frameborder=\"0\" width=\"100%\" height=\"480\" referrerpolicy=\"no-referrer\" allow=\"autoplay\" allowfullscreen sandbox=\"allow-same-origin allow-scripts allow-popups allow-forms\"><\/iframe><h4 class=\"igd-embed-name\">2006.06.06 Fls 302 invent\u00e1rio .pdf<\/h4><iframe loading=\"lazy\" class=\"igd-embed\" src=\"https:\/\/drive.google.com\/file\/d\/1pgZR2IpH66ZRwcOITTBn0nv_Xqce01EI\/preview?rm=minimal\" frameborder=\"0\" width=\"100%\" height=\"480\" referrerpolicy=\"no-referrer\" allow=\"autoplay\" allowfullscreen sandbox=\"allow-same-origin allow-scripts allow-popups allow-forms\"><\/iframe><h4 class=\"igd-embed-name\">2006.06.06 fls 937 Manif Prest  Contas (ver manif na integra)  .pdf<\/h4><iframe loading=\"lazy\" class=\"igd-embed\" src=\"https:\/\/drive.google.com\/file\/d\/1YFJZY-qlFjzluQZ9pQwTQiURwRH6iI_1\/preview?rm=minimal\" frameborder=\"0\" width=\"100%\" height=\"480\" referrerpolicy=\"no-referrer\" allow=\"autoplay\" allowfullscreen sandbox=\"allow-same-origin allow-scripts allow-popups allow-forms\"><\/iframe><h4 class=\"igd-embed-name\">2005.08.27 Andre DoriaTermo conf divida Doria.jpg<\/h4><iframe loading=\"lazy\" class=\"igd-embed\" src=\"https:\/\/drive.google.com\/file\/d\/1OPfxlCAcJ6eBCOHfJ2SzcyBw-ow16MDG\/preview?rm=minimal\" frameborder=\"0\" width=\"100%\" height=\"480\" referrerpolicy=\"no-referrer\" allow=\"autoplay\" allowfullscreen sandbox=\"allow-same-origin allow-scripts allow-popups allow-forms\"><\/iframe><h4 class=\"igd-embed-name\">2007 Carta  Andre Doria  Desmente peticao nilde.pdf<\/h4><iframe loading=\"lazy\" class=\"igd-embed\" src=\"https:\/\/drive.google.com\/file\/d\/11Oaha1GOUHUYZp6plzuihab1WDoVZGfx\/preview?rm=minimal\" frameborder=\"0\" width=\"100%\" height=\"480\" referrerpolicy=\"no-referrer\" allow=\"autoplay\" allowfullscreen sandbox=\"allow-same-origin allow-scripts allow-popups allow-forms\"><\/iframe><h4 class=\"igd-embed-name\">Termo conf divida.pdf<\/h4><iframe loading=\"lazy\" class=\"igd-embed\" src=\"https:\/\/drive.google.com\/file\/d\/1xmlZ3HpbZdeyF2x6LskxtWmGF9PI7QN0\/preview?rm=minimal\" frameborder=\"0\" width=\"100%\" height=\"480\" referrerpolicy=\"no-referrer\" allow=\"autoplay\" allowfullscreen sandbox=\"allow-same-origin allow-scripts allow-popups allow-forms\"><\/iframe><\/div><\/div>\n<hr \/>\n<div class=\"igd igd-shortcode-wrap igd-shortcode-embed\"><div class=\"igd-embed-wrap\"><h4 class=\"igd-embed-name\">Gr\u00e1ficos Gestao inventariante.pdf<\/h4><iframe loading=\"lazy\" class=\"igd-embed\" src=\"https:\/\/drive.google.com\/file\/d\/14U7oSNLrRTFSc9AwFg9Pl_yGgHoXdvV5\/preview?rm=minimal\" frameborder=\"0\" width=\"100%\" height=\"480\" referrerpolicy=\"no-referrer\" allow=\"autoplay\" allowfullscreen sandbox=\"allow-same-origin allow-scripts allow-popups allow-forms\"><\/iframe><h4 class=\"igd-embed-name\">Gr\u00e1ficos.pdf<\/h4><iframe loading=\"lazy\" class=\"igd-embed\" src=\"https:\/\/drive.google.com\/file\/d\/1yjDx0F-FDWectpyFNFuEcSI8ZPTvn9j7\/preview?rm=minimal\" frameborder=\"0\" width=\"100%\" height=\"480\" referrerpolicy=\"no-referrer\" allow=\"autoplay\" allowfullscreen sandbox=\"allow-same-origin allow-scripts allow-popups allow-forms\"><\/iframe><h4 class=\"igd-embed-name\">Inquilinos Espolio. v2.pdf<\/h4><iframe loading=\"lazy\" class=\"igd-embed\" src=\"https:\/\/drive.google.com\/file\/d\/1Nyfy4r7GJt5KbaOBRHGjAqkqDQd_gvHI\/preview?rm=minimal\" frameborder=\"0\" width=\"100%\" height=\"480\" referrerpolicy=\"no-referrer\" allow=\"autoplay\" allowfullscreen sandbox=\"allow-same-origin allow-scripts allow-popups allow-forms\"><\/iframe><h4 class=\"igd-embed-name\">Inquilinos R Pedro Setti.pdf<\/h4><iframe loading=\"lazy\" class=\"igd-embed\" src=\"https:\/\/drive.google.com\/file\/d\/1nCveNuUa9nOsJpzwSTL1Y5C1X1iqYKt8\/preview?rm=minimal\" frameborder=\"0\" width=\"100%\" height=\"480\" referrerpolicy=\"no-referrer\" allow=\"autoplay\" allowfullscreen sandbox=\"allow-same-origin allow-scripts allow-popups allow-forms\"><\/iframe><h4 class=\"igd-embed-name\">Saldo das Administradoras e Repasses 2004 e 2006.pdf<\/h4><iframe loading=\"lazy\" class=\"igd-embed\" src=\"https:\/\/drive.google.com\/file\/d\/1ifKe4BuLXhJVexziVOoEZNK8Ro9zCP6v\/preview?rm=minimal\" frameborder=\"0\" width=\"100%\" height=\"480\" referrerpolicy=\"no-referrer\" allow=\"autoplay\" allowfullscreen sandbox=\"allow-same-origin allow-scripts allow-popups allow-forms\"><\/iframe><h4 class=\"igd-embed-name\">Termo conf divida.pdf<\/h4><iframe loading=\"lazy\" class=\"igd-embed\" src=\"https:\/\/drive.google.com\/file\/d\/1xmlZ3HpbZdeyF2x6LskxtWmGF9PI7QN0\/preview?rm=minimal\" frameborder=\"0\" width=\"100%\" height=\"480\" referrerpolicy=\"no-referrer\" allow=\"autoplay\" allowfullscreen sandbox=\"allow-same-origin allow-scripts allow-popups allow-forms\"><\/iframe><h4 class=\"igd-embed-name\">Repasses 2004 2006.pdf<\/h4><iframe loading=\"lazy\" class=\"igd-embed\" src=\"https:\/\/drive.google.com\/file\/d\/1-4F5GWdwazFlMueeTbYrtExf3HKNJtMu\/preview?rm=minimal\" frameborder=\"0\" width=\"100%\" height=\"480\" referrerpolicy=\"no-referrer\" allow=\"autoplay\" allowfullscreen sandbox=\"allow-same-origin allow-scripts allow-popups allow-forms\"><\/iframe><h4 class=\"igd-embed-name\">Varia\u00e7\u00e3o  Patrimonial MOF.pdf<\/h4><iframe loading=\"lazy\" class=\"igd-embed\" src=\"https:\/\/drive.google.com\/file\/d\/1UgfOvfveSShYthDWBAcZ6ZMrvOl4UaNW\/preview?rm=minimal\" frameborder=\"0\" width=\"100%\" height=\"480\" referrerpolicy=\"no-referrer\" allow=\"autoplay\" allowfullscreen sandbox=\"allow-same-origin allow-scripts allow-popups allow-forms\"><\/iframe><\/div><\/div>\n","protected":false},"excerpt":{"rendered":"","protected":false},"author":1,"featured_media":0,"parent":3387,"menu_order":0,"comment_status":"closed","ping_status":"closed","template":"","meta":{"footnotes":""},"categories":[429,353],"tags":[],"class_list":["post-4221","page","type-page","status-publish","hentry","category-benfeitorias-imposto-renda","category-prestacao-contas"],"_links":{"self":[{"href":"https:\/\/retalhos.net\/dice\/wp-json\/wp\/v2\/pages\/4221","targetHints":{"allow":["GET"]}}],"collection":[{"href":"https:\/\/retalhos.net\/dice\/wp-json\/wp\/v2\/pages"}],"about":[{"href":"https:\/\/retalhos.net\/dice\/wp-json\/wp\/v2\/types\/page"}],"author":[{"embeddable":true,"href":"https:\/\/retalhos.net\/dice\/wp-json\/wp\/v2\/users\/1"}],"replies":[{"embeddable":true,"href":"https:\/\/retalhos.net\/dice\/wp-json\/wp\/v2\/comments?post=4221"}],"version-history":[{"count":1,"href":"https:\/\/retalhos.net\/dice\/wp-json\/wp\/v2\/pages\/4221\/revisions"}],"predecessor-version":[{"id":4222,"href":"https:\/\/retalhos.net\/dice\/wp-json\/wp\/v2\/pages\/4221\/revisions\/4222"}],"up":[{"embeddable":true,"href":"https:\/\/retalhos.net\/dice\/wp-json\/wp\/v2\/pages\/3387"}],"wp:attachment":[{"href":"https:\/\/retalhos.net\/dice\/wp-json\/wp\/v2\/media?parent=4221"}],"wp:term":[{"taxonomy":"category","embeddable":true,"href":"https:\/\/retalhos.net\/dice\/wp-json\/wp\/v2\/categories?post=4221"},{"taxonomy":"post_tag","embeddable":true,"href":"https:\/\/retalhos.net\/dice\/wp-json\/wp\/v2\/tags?post=4221"}],"curies":[{"name":"wp","href":"https:\/\/api.w.org\/{rel}","templated":true}]}}