{"id":5708,"date":"2023-10-22T20:48:41","date_gmt":"2023-10-22T23:48:41","guid":{"rendered":"http:\/\/retalhos.net\/dice\/?page_id=5708"},"modified":"2023-10-25T16:58:47","modified_gmt":"2023-10-25T19:58:47","slug":"alvara-itau","status":"publish","type":"page","link":"https:\/\/retalhos.net\/dice\/alvara-itau\/","title":{"rendered":"ALVAR\u00c1 BCO ITA\u00da"},"content":{"rendered":"<hr \/>\n\n\t\t<div id=\"wppdfemb-frame-container-3683\" style=\"-webkit-overflow-scrolling:auto;\">\n\t\t\t<iframe src=\"https:\/\/retalhos.net\/dice\/?url=http:\/\/retalhos.net\/dice\/wp-content\/uploads\/2023\/09\/2023.02.09-Manifestacao-alvara.pdf&#038;title=2023.02.09%20Manifesta\u00e7\u00e3o%20alvara&#038;index=1&#038;pdfID=3683\"\n\t\t\t\tid=\"wppdf-emb-iframe-3683\"\n\t\t\t\tdata-pdf-index=\"1\"\n\t\t\t\tclass=\"pdfembed-iframe nonfullscreen\"\n\t\t\t\tstyle=\"border:none;width:100%;max-width:100%;min-height:1000px\"\n\t\t\t\tscrolling=\"yes\">\n\t\t\t<\/iframe>\n\t\t<\/div>\n\n\t\t\n<hr \/>\n<blockquote>\n<h5 style=\"text-align: center;\"><span style=\"color: #003300;\"><span style=\"color: #ff0000;\">07.02.2023<\/span> &#8211; Maria luiza<\/span><br \/>\n<img loading=\"lazy\" decoding=\"async\" class=\"aligncenter wp-image-4479 size-full\" src=\"http:\/\/retalhos.net\/dice\/wp-content\/uploads\/2023\/10\/Valor-Alvara.png\" alt=\"\" width=\"415\" height=\"160\" srcset=\"https:\/\/retalhos.net\/dice\/wp-content\/uploads\/2023\/10\/Valor-Alvara.png 415w, https:\/\/retalhos.net\/dice\/wp-content\/uploads\/2023\/10\/Valor-Alvara-300x116.png 300w\" sizes=\"auto, (max-width: 415px) 100vw, 415px\" \/><\/h5>\n<h6 style=\"text-align: center;\"><strong><span style=\"color: #003300;\">Total de R$ 587.328,28<\/span><\/strong><\/h6>\n<\/blockquote>\n<hr \/>\n<blockquote>\n<h5 style=\"text-align: center;\">Inventariante &#8211; <span style=\"color: #ff0000;\">28,02.2023<\/span><\/h5>\n<h6>Assim, dos 4 (quatro) requerimentos formulados por parte da herdeira Maria Luiza,<span style=\"color: #ff0000;\"> a inventariante concorda com os 3 (tres) primeiros<\/span> a saber:<\/h6>\n<h6>1. Certifica\u00e7\u00e3o do tr\u00e2nsito em julgado da senten\u00e7a homologat\u00f3ria;<\/h6>\n<h6>2. Expedi\u00e7\u00e3o de Alvar\u00e1 para levantamento de 39,207% em prol dela Maria Luiza;<\/h6>\n<h6>3. Expedi\u00e7\u00e3o do formal de partilha<\/h6>\n<\/blockquote>\n<hr \/>\n\n\t\t<div id=\"wppdfemb-frame-container-0\" style=\"-webkit-overflow-scrolling:auto;\">\n\t\t\t<iframe src=\"https:\/\/retalhos.net\/dice\/?url=http:\/\/retalhos.net\/dice\/wp-content\/uploads\/2023\/10\/2023.02.28-Fls-1602-1604-refer.-bloq-M-Luiza-.pdf&#038;title=2023.02.28%20Fls%201602-1604%20refer.%20bloq%20M%20Luiza&#038;index=2&#038;pdfID=0\"\n\t\t\t\tid=\"wppdf-emb-iframe-0\"\n\t\t\t\tdata-pdf-index=\"2\"\n\t\t\t\tclass=\"pdfembed-iframe nonfullscreen\"\n\t\t\t\tstyle=\"border:none;width:100%;max-width:100%;min-height:1000px\"\n\t\t\t\tscrolling=\"yes\">\n\t\t\t<\/iframe>\n\t\t<\/div>\n\n\t\t\n<hr \/>\n<blockquote>\n<h5 style=\"text-align: center;\"><span style=\"color: #ff0000;\">19.07.2023<\/span> juiz nelson<\/h5>\n<h6>O JUiz deferiu o pedido de Alvar\u00e1<\/h6>\n<\/blockquote>\n<hr \/>\n\n\t\t<div id=\"wppdfemb-frame-container-4656\" style=\"-webkit-overflow-scrolling:auto;\">\n\t\t\t<iframe src=\"https:\/\/retalhos.net\/dice\/?url=http:\/\/retalhos.net\/dice\/wp-content\/uploads\/2023\/10\/2023.07.19-Invent-Despacho-Juiz-Nelson-Ricardo-Casalleiro.pdf&#038;title=2023.07.19%20Invent%20Despacho%20Juiz%20Nelson%20Ricardo%20Casalleiro&#038;index=3&#038;pdfID=4656\"\n\t\t\t\tid=\"wppdf-emb-iframe-4656\"\n\t\t\t\tdata-pdf-index=\"3\"\n\t\t\t\tclass=\"pdfembed-iframe nonfullscreen\"\n\t\t\t\tstyle=\"border:none;width:100%;max-width:100%;min-height:1000px\"\n\t\t\t\tscrolling=\"yes\">\n\t\t\t<\/iframe>\n\t\t<\/div>\n\n\t\t\n<h6><\/h6>\n","protected":false},"excerpt":{"rendered":"<p>07.02.2023 &#8211; Maria luiza Total de R$ 587.328,28 Inventariante &#8211; 28,02.2023 Assim, dos 4 (quatro) requerimentos formulados por parte da herdeira Maria Luiza, a inventariante concorda com os 3 (tres) &#8230;<\/p>\n","protected":false},"author":1,"featured_media":0,"parent":0,"menu_order":0,"comment_status":"open","ping_status":"closed","template":"","meta":{"footnotes":""},"categories":[369,430,220],"tags":[],"class_list":["post-5708","page","type-page","status-publish","hentry","category-adv-vinicius","category-alvara","category-eventos-2"],"_links":{"self":[{"href":"https:\/\/retalhos.net\/dice\/wp-json\/wp\/v2\/pages\/5708","targetHints":{"allow":["GET"]}}],"collection":[{"href":"https:\/\/retalhos.net\/dice\/wp-json\/wp\/v2\/pages"}],"about":[{"href":"https:\/\/retalhos.net\/dice\/wp-json\/wp\/v2\/types\/page"}],"author":[{"embeddable":true,"href":"https:\/\/retalhos.net\/dice\/wp-json\/wp\/v2\/users\/1"}],"replies":[{"embeddable":true,"href":"https:\/\/retalhos.net\/dice\/wp-json\/wp\/v2\/comments?post=5708"}],"version-history":[{"count":15,"href":"https:\/\/retalhos.net\/dice\/wp-json\/wp\/v2\/pages\/5708\/revisions"}],"predecessor-version":[{"id":5728,"href":"https:\/\/retalhos.net\/dice\/wp-json\/wp\/v2\/pages\/5708\/revisions\/5728"}],"wp:attachment":[{"href":"https:\/\/retalhos.net\/dice\/wp-json\/wp\/v2\/media?parent=5708"}],"wp:term":[{"taxonomy":"category","embeddable":true,"href":"https:\/\/retalhos.net\/dice\/wp-json\/wp\/v2\/categories?post=5708"},{"taxonomy":"post_tag","embeddable":true,"href":"https:\/\/retalhos.net\/dice\/wp-json\/wp\/v2\/tags?post=5708"}],"curies":[{"name":"wp","href":"https:\/\/api.w.org\/{rel}","templated":true}]}}