{"id":5785,"date":"2023-11-02T16:41:26","date_gmt":"2023-11-02T19:41:26","guid":{"rendered":"http:\/\/retalhos.net\/dice\/?page_id=5785"},"modified":"2023-12-09T19:59:56","modified_gmt":"2023-12-09T22:59:56","slug":"pendente","status":"publish","type":"page","link":"https:\/\/retalhos.net\/dice\/pendente\/","title":{"rendered":"Pendente"},"content":{"rendered":"<h6><span style=\"color: #003300;\">Manifesta\u00e7\u00e3o com links 30.11023<\/span> (<span style=\"color: #003366;\">clique em (doc xx<\/span>)<\/h6>\n\n\t\t<div id=\"wppdfemb-frame-container-6010\" style=\"-webkit-overflow-scrolling:auto;\">\n\t\t\t<iframe src=\"https:\/\/retalhos.net\/dice\/?url=http:\/\/retalhos.net\/dice\/wp-content\/uploads\/2023\/12\/Manifestacao-30.11.2023-Links-Pericia-Contas-2022.pdf&#038;title=Manifesta\u00e7\u00e3o%2030.11.2023%20Links%20Pericia%20Contas%202022&#038;index=1&#038;pdfID=6010\"\n\t\t\t\tid=\"wppdf-emb-iframe-6010\"\n\t\t\t\tdata-pdf-index=\"1\"\n\t\t\t\tclass=\"pdfembed-iframe nonfullscreen\"\n\t\t\t\tstyle=\"border:none;width:100%;max-width:100%;min-height:1000px\"\n\t\t\t\tscrolling=\"yes\">\n\t\t\t<\/iframe>\n\t\t<\/div>\n\n\t\t\n<hr \/>\n<h5><a href=\"https:\/\/docs.google.com\/document\/d\/1H9tNgOkneKpjBwLTyZCLA0O3JNqiGWRc\/edit?usp=drive_link\" target=\"_blank\" rel=\"noopener\">MINUTA LUIS<\/a><\/h5>\n<h5><a href=\"https:\/\/drive.google.com\/file\/d\/1M8dYN2mUeWP30VNGdDtrdUG3vdUkyPRH\/view?usp=drive_link\" target=\"_blank\" rel=\"noopener\">COMENT\u00c1RIOS RESUMO<\/a><\/h5>\n<h5><a href=\"https:\/\/drive.google.com\/file\/d\/12aldp-AO_sdYDZgWRkM37Ns-6CeWjsp4\/view?usp=drive_link\" target=\"_blank\" rel=\"noopener\">COMENT\u00c1RIOS INFORMA\u00c7\u00c3O<\/a><\/h5>\n<h6><strong>\u00a0<\/strong><span style=\"color: #003300;\">01.11.2023 Intima\u00e7\u00e3o &#8211; DJE Manifestar-se a requerida, em 15 dias, sobre fls. 1085<\/span><\/h6>\n<h5><span style=\"color: #008000;\">Arquivos no Google Drive clique<\/span> <a href=\"https:\/\/drive.google.com\/drive\/folders\/19srzirdB50NXtXNh0gU2h8dABXJpgLPS?usp=drive_link\" target=\"_blank\" rel=\"noopener\">AQUI<\/a><\/h5>\n<hr \/>\n<blockquote>\n<ol>\n<li>\n<h6>Nosso objetivo explanado nos coment\u00e1rios para a manifesta\u00e7\u00e3o era Perito cont\u00e1bil<\/h6>\n<\/li>\n<li>\n<h6>A decis\u00e3o do Juiz nomeando o perito, atendeu o nosso objetivo<\/h6>\n<\/li>\n<li>\n<h6>no novo arquivo coment\u00e1rios Nosso ojetivo na peti\u00e7\u00e3o \u00e9 agora outro:<\/h6>\n<\/li>\n<li>\n<h6>A administra\u00e7\u00e3o da inventariante destruiu o patrim\u00f4nio do esp\u00f3lio.<\/h6>\n<\/li>\n<\/ol>\n<\/blockquote>\n<hr \/>\n<ul>\n<li><span style=\"color: #ff0000;\"><span style=\"color: #000000;\"><strong>30.10.2023<\/strong><\/span> <span style=\"color: #000000;\">Pet Inventariante fl 1035<\/span><br \/>\n<\/span><\/li>\n<li>\n\t\t<div id=\"wppdfemb-frame-container-5786\" style=\"-webkit-overflow-scrolling:auto;\">\n\t\t\t<iframe src=\"https:\/\/retalhos.net\/dice\/?url=http:\/\/retalhos.net\/dice\/wp-content\/uploads\/2023\/11\/2023.10.30-Peticao-P-Contas-Eletronico.pdf&#038;title=2023.10.30%20Petic\u00e3o%20P%20Contas%20Eletronico&#038;index=2&#038;pdfID=5786\"\n\t\t\t\tid=\"wppdf-emb-iframe-5786\"\n\t\t\t\tdata-pdf-index=\"2\"\n\t\t\t\tclass=\"pdfembed-iframe nonfullscreen\"\n\t\t\t\tstyle=\"border:none;width:100%;max-width:100%;min-height:1000px\"\n\t\t\t\tscrolling=\"yes\">\n\t\t\t<\/iframe>\n\t\t<\/div>\n\n\t\t<\/li>\n<\/ul>\n<hr \/>\n<ul>\n<li><strong>10.08.2023<\/strong> Presta\u00e7\u00e3o Contas 2022 Fls. 1-4<\/li>\n<li>\n\t\t<div id=\"wppdfemb-frame-container-5828\" style=\"-webkit-overflow-scrolling:auto;\">\n\t\t\t<iframe src=\"https:\/\/retalhos.net\/dice\/?url=http:\/\/retalhos.net\/dice\/wp-content\/uploads\/2023\/11\/Prest-Contas-2022-Peticao-Fls-1-4.pdf&#038;title=Prest%20Contas%202022%20Peti\u00e7\u00e3o%20Fls%201-4&#038;index=3&#038;pdfID=5828\"\n\t\t\t\tid=\"wppdf-emb-iframe-5828\"\n\t\t\t\tdata-pdf-index=\"3\"\n\t\t\t\tclass=\"pdfembed-iframe nonfullscreen\"\n\t\t\t\tstyle=\"border:none;width:100%;max-width:100%;min-height:1000px\"\n\t\t\t\tscrolling=\"yes\">\n\t\t\t<\/iframe>\n\t\t<\/div>\n\n\t\t<\/li>\n<\/ul>\n<hr \/>\n<ul>\n<li><strong>10.08.2023 <\/strong>Presta\u00e7\u00e3o Contas 2022 Petic\u00e3o 24\/02.2022 FLS 440-443<\/li>\n<li>\n\t\t<div id=\"wppdfemb-frame-container-5792\" style=\"-webkit-overflow-scrolling:auto;\">\n\t\t\t<iframe src=\"https:\/\/retalhos.net\/dice\/?url=http:\/\/retalhos.net\/dice\/wp-content\/uploads\/2023\/11\/2022.02.24-Peticao-inv-imov-fechados.pdf&#038;title=2022.02.24%20Peti\u00e7\u00e3o%20inv%20imov%20fechados&#038;index=4&#038;pdfID=5792\"\n\t\t\t\tid=\"wppdf-emb-iframe-5792\"\n\t\t\t\tdata-pdf-index=\"4\"\n\t\t\t\tclass=\"pdfembed-iframe nonfullscreen\"\n\t\t\t\tstyle=\"border:none;width:100%;max-width:100%;min-height:1000px\"\n\t\t\t\tscrolling=\"yes\">\n\t\t\t<\/iframe>\n\t\t<\/div>\n\n\t\t<\/li>\n<\/ul>\n<hr \/>\n<ul>\n<li><strong>28.07.2023<\/strong> Na mesa do Juiz para decis\u00e3o &#8211; <span style=\"color: #003300;\">Pet M Luiza Inventario Justificativa Bloqueio<\/span><\/li>\n<li>\n\t\t<div id=\"wppdfemb-frame-container-3686\" style=\"-webkit-overflow-scrolling:auto;\">\n\t\t\t<iframe src=\"https:\/\/retalhos.net\/dice\/?url=http:\/\/retalhos.net\/dice\/wp-content\/uploads\/2023\/09\/2023.07.28-Invent-justificativa-pedido-bloqueio.pdf&#038;title=2023.07.28%20Invent%20justificativa%20pedido%20bloqueio&#038;index=5&#038;pdfID=3686\"\n\t\t\t\tid=\"wppdf-emb-iframe-3686\"\n\t\t\t\tdata-pdf-index=\"5\"\n\t\t\t\tclass=\"pdfembed-iframe nonfullscreen\"\n\t\t\t\tstyle=\"border:none;width:100%;max-width:100%;min-height:1000px\"\n\t\t\t\tscrolling=\"yes\">\n\t\t\t<\/iframe>\n\t\t<\/div>\n\n\t\t<\/li>\n<\/ul>\n<hr \/>\n<ul>\n<li><strong>07.07.2022<\/strong> <span style=\"color: #003300;\">Pet M Luiza Inventario (original apensada na peti\u00e7\u00e3o da inventariante Fls. 347-362<br \/>\n<\/span><\/li>\n<li>\n\t\t<div id=\"wppdfemb-frame-container-3681\" style=\"-webkit-overflow-scrolling:auto;\">\n\t\t\t<iframe src=\"https:\/\/retalhos.net\/dice\/?url=http:\/\/retalhos.net\/dice\/wp-content\/uploads\/2023\/09\/2022.07.07-Pet.Maria-Luiza.pdf&#038;title=2022.07.07%20Pet.Maria-Luiza&#038;index=6&#038;pdfID=3681\"\n\t\t\t\tid=\"wppdf-emb-iframe-3681\"\n\t\t\t\tdata-pdf-index=\"6\"\n\t\t\t\tclass=\"pdfembed-iframe nonfullscreen\"\n\t\t\t\tstyle=\"border:none;width:100%;max-width:100%;min-height:1000px\"\n\t\t\t\tscrolling=\"yes\">\n\t\t\t<\/iframe>\n\t\t<\/div>\n\n\t\t<\/li>\n<\/ul>\n<hr \/>\n<ul>\n<li><strong>24.02.2022<\/strong> <span style=\"color: #003300;\">Pet Inventariante Fls. 347-362 c\u00f3pia da peti\u00e7\u00e3o da M Luiza de<strong> 07.07.2022<\/strong><\/span><\/li>\n<li>\n\t\t<div id=\"wppdfemb-frame-container-5800\" style=\"-webkit-overflow-scrolling:auto;\">\n\t\t\t<iframe src=\"https:\/\/retalhos.net\/dice\/?url=http:\/\/retalhos.net\/dice\/wp-content\/uploads\/2023\/11\/Prest-Contas-2022-Fls-347-362-Pet-M-Luiza-ilegivel.pdf&#038;title=Prest%20Contas%202022%20Fls%20347-362%20Pet%20M%20Luiza%20ilegivel&#038;index=7&#038;pdfID=5800\"\n\t\t\t\tid=\"wppdf-emb-iframe-5800\"\n\t\t\t\tdata-pdf-index=\"7\"\n\t\t\t\tclass=\"pdfembed-iframe nonfullscreen\"\n\t\t\t\tstyle=\"border:none;width:100%;max-width:100%;min-height:1000px\"\n\t\t\t\tscrolling=\"yes\">\n\t\t\t<\/iframe>\n\t\t<\/div>\n\n\t\t<\/li>\n<\/ul>\n<hr \/>\n<ul>\n<li><strong>24.02.2022<\/strong> Pet Inven Fls. 444-465 Imposto de Renda 2022<\/li>\n<li>\n\t\t<div id=\"wppdfemb-frame-container-5822\" style=\"-webkit-overflow-scrolling:auto;\">\n\t\t\t<iframe src=\"https:\/\/retalhos.net\/dice\/?url=http:\/\/retalhos.net\/dice\/wp-content\/uploads\/2023\/11\/Prest-Contas-2022-IR-2022-Fls-444-465.pdf&#038;title=Prest%20Contas%202022%20IR%202022%20Fls%20444-465&#038;index=8&#038;pdfID=5822\"\n\t\t\t\tid=\"wppdf-emb-iframe-5822\"\n\t\t\t\tdata-pdf-index=\"8\"\n\t\t\t\tclass=\"pdfembed-iframe nonfullscreen\"\n\t\t\t\tstyle=\"border:none;width:100%;max-width:100%;min-height:1000px\"\n\t\t\t\tscrolling=\"yes\">\n\t\t\t<\/iframe>\n\t\t<\/div>\n\n\t\t<\/li>\n<\/ul>\n<hr \/>\n<ul>\n<li><strong>24.02.2022<\/strong> Pet Inven Fls. 466-487 Imposto de Renda 2023<\/li>\n<li>\n\t\t<div id=\"wppdfemb-frame-container-5821\" style=\"-webkit-overflow-scrolling:auto;\">\n\t\t\t<iframe src=\"https:\/\/retalhos.net\/dice\/?url=http:\/\/retalhos.net\/dice\/wp-content\/uploads\/2023\/11\/Prest-Contas-2022-IR-2023-Fls-466-487.pdf&#038;title=Prest%20Contas%202022%20IR%202023%20Fls%20466-487&#038;index=9&#038;pdfID=5821\"\n\t\t\t\tid=\"wppdf-emb-iframe-5821\"\n\t\t\t\tdata-pdf-index=\"9\"\n\t\t\t\tclass=\"pdfembed-iframe nonfullscreen\"\n\t\t\t\tstyle=\"border:none;width:100%;max-width:100%;min-height:1000px\"\n\t\t\t\tscrolling=\"yes\">\n\t\t\t<\/iframe>\n\t\t<\/div>\n\n\t\t<\/li>\n<\/ul>\n<hr \/>\n<ul>\n<li><strong>24.02.2022<\/strong> Pet Inven Fls. 238 255 IPTU CUBAT\u00c3O<\/li>\n<li>\n\t\t<div id=\"wppdfemb-frame-container-5823\" style=\"-webkit-overflow-scrolling:auto;\">\n\t\t\t<iframe src=\"https:\/\/retalhos.net\/dice\/?url=http:\/\/retalhos.net\/dice\/wp-content\/uploads\/2023\/11\/Prest-Contas-2022-IPTU-Fls-238-255.pdf&#038;title=Prest%20Contas%202022%20IPTU%20Fls%20238%20255&#038;index=10&#038;pdfID=5823\"\n\t\t\t\tid=\"wppdf-emb-iframe-5823\"\n\t\t\t\tdata-pdf-index=\"10\"\n\t\t\t\tclass=\"pdfembed-iframe nonfullscreen\"\n\t\t\t\tstyle=\"border:none;width:100%;max-width:100%;min-height:1000px\"\n\t\t\t\tscrolling=\"yes\">\n\t\t\t<\/iframe>\n\t\t<\/div>\n\n\t\t<\/li>\n<\/ul>\n<hr \/>\n<ul>\n<li><strong>10.08.2023<\/strong> Presta\u00e7\u00e3o Contas 2022 c\/anexos 487 Fls.<\/li>\n<li>\n\t\t<div id=\"wppdfemb-frame-container-5803\" style=\"-webkit-overflow-scrolling:auto;\">\n\t\t\t<iframe src=\"https:\/\/retalhos.net\/dice\/?url=http:\/\/retalhos.net\/dice\/wp-content\/uploads\/2023\/11\/Prest-Contas-2022.pdf&#038;title=Prest%20Contas%202022&#038;index=11&#038;pdfID=5803\"\n\t\t\t\tid=\"wppdf-emb-iframe-5803\"\n\t\t\t\tdata-pdf-index=\"11\"\n\t\t\t\tclass=\"pdfembed-iframe nonfullscreen\"\n\t\t\t\tstyle=\"border:none;width:100%;max-width:100%;min-height:1000px\"\n\t\t\t\tscrolling=\"yes\">\n\t\t\t<\/iframe>\n\t\t<\/div>\n\n\t\t<\/li>\n<\/ul>\n","protected":false},"excerpt":{"rendered":"<p>Manifesta\u00e7\u00e3o com links 30.11023 (clique em (doc xx) MINUTA LUIS COMENT\u00c1RIOS RESUMO COMENT\u00c1RIOS INFORMA\u00c7\u00c3O \u00a001.11.2023 Intima\u00e7\u00e3o &#8211; DJE Manifestar-se a requerida, em 15 dias, sobre fls. 1085 Arquivos no Google &#8230;<\/p>\n","protected":false},"author":1,"featured_media":0,"parent":0,"menu_order":0,"comment_status":"open","ping_status":"closed","template":"","meta":{"footnotes":""},"categories":[369,220,353],"tags":[],"class_list":["post-5785","page","type-page","status-publish","hentry","category-adv-vinicius","category-eventos-2","category-prestacao-contas"],"_links":{"self":[{"href":"https:\/\/retalhos.net\/dice\/wp-json\/wp\/v2\/pages\/5785","targetHints":{"allow":["GET"]}}],"collection":[{"href":"https:\/\/retalhos.net\/dice\/wp-json\/wp\/v2\/pages"}],"about":[{"href":"https:\/\/retalhos.net\/dice\/wp-json\/wp\/v2\/types\/page"}],"author":[{"embeddable":true,"href":"https:\/\/retalhos.net\/dice\/wp-json\/wp\/v2\/users\/1"}],"replies":[{"embeddable":true,"href":"https:\/\/retalhos.net\/dice\/wp-json\/wp\/v2\/comments?post=5785"}],"version-history":[{"count":58,"href":"https:\/\/retalhos.net\/dice\/wp-json\/wp\/v2\/pages\/5785\/revisions"}],"predecessor-version":[{"id":6014,"href":"https:\/\/retalhos.net\/dice\/wp-json\/wp\/v2\/pages\/5785\/revisions\/6014"}],"wp:attachment":[{"href":"https:\/\/retalhos.net\/dice\/wp-json\/wp\/v2\/media?parent=5785"}],"wp:term":[{"taxonomy":"category","embeddable":true,"href":"https:\/\/retalhos.net\/dice\/wp-json\/wp\/v2\/categories?post=5785"},{"taxonomy":"post_tag","embeddable":true,"href":"https:\/\/retalhos.net\/dice\/wp-json\/wp\/v2\/tags?post=5785"}],"curies":[{"name":"wp","href":"https:\/\/api.w.org\/{rel}","templated":true}]}}