{"id":2183,"date":"2021-05-10T21:46:07","date_gmt":"2021-05-11T00:46:07","guid":{"rendered":"https:\/\/www.ipocomputer.com\/artfair\/?page_id=2183"},"modified":"2021-05-11T13:36:57","modified_gmt":"2021-05-11T16:36:57","slug":"sua-contribuicao","status":"publish","type":"page","link":"https:\/\/retalhos.net\/malu\/sua-contribuicao\/","title":{"rendered":"Contribui\u00e7\u00e3o"},"content":{"rendered":"<hr \/>\n<h2 style=\"text-align: center;\"><span style=\"color: #003366;\"><span style=\"color: #003300;\">Espero que voc\u00ea tenha gostado do meu trabalho.<br \/>\nSe voc\u00ea achou \u00fatil, avalie uma doa\u00e7\u00e3o<br \/>\nColabore na manuten\u00e7\u00e3o do site!<\/span><br \/>\n<\/span><\/h2>\n<p style=\"text-align: left;\"><img loading=\"lazy\" decoding=\"async\" class=\"wp-image-2086 size-full alignright\" src=\"https:\/\/www.ipocomputer.com\/blog\/wp-content\/uploads\/2021\/04\/Pix-Chaves.png\" alt=\"\" width=\"200\" height=\"88\" \/><br \/>\n<style>\r\n        .wpedon-container .wpedon-select,\r\n        .wpedon-container .wpedon-input {\r\n            width: 171px;\r\n            min-width: 171px;\r\n            max-width: 171px;\r\n        }\r\n    <\/style><div class='wpedon-container wpedon-align-left'><form target='_blank' action='https:\/\/www.paypal.com\/cgi-bin\/webscr' method='post' class='wpedon-form'><input type='hidden' name='cmd' value='_donations' \/><input type='hidden' name='business' value='ludioga@gmail.com' \/><input type='hidden' name='currency_code' value='BRL' \/><input type='hidden' name='notify_url' value='https:\/\/retalhos.net\/malu\/wp-admin\/admin-post.php?action=add_wpedon_button_ipn'><input type='hidden' name='lc' value='pt_BR'><input type='hidden' name='bn' value='WPPlugin_SP'><input type='hidden' name='return' value='' \/><input type='hidden' name='cancel_return' value='' \/><input class='wpedon_paypalbuttonimage' type='image' src='https:\/\/www.paypal.com\/pt_PT\/PT\/i\/btn\/btn_donateCC_LG.gif' border='0' name='submit' alt='Make your payments with PayPal. It is free, secure, effective.' style='border: none;'><img alt='' border='0' style='border:none;display:none;' src='https:\/\/www.paypal.com\/pt_BR\/i\/scr\/pixel.gif' width='1' height='1'><input type='hidden' name='amount' id='amount_658a611ce3b7ca872eb4ebdfcc1b01f7' value='' \/><input type='hidden' name='price' id='price_658a611ce3b7ca872eb4ebdfcc1b01f7' value='' \/><input type='hidden' name='item_number' value='' \/><input type='hidden' name='item_name' value='' \/><input type='hidden' name='name' value='' \/><input type='hidden' name='custom' value='2182'><input type='hidden' name='no_shipping' value='1'><input type='hidden' name='no_note' value='1'><input type='hidden' name='currency_code' value='BRL'><\/form><\/div><\/p>\n<p>&nbsp;<\/p>\n<p style=\"text-align: right;\">ludioga@gmail.com<\/p>\n<h3 style=\"text-align: center;\"><span style=\"color: #003366;\">Obrigado!<\/span><\/h3>\n<hr \/>\n","protected":false},"excerpt":{"rendered":"<p>Espero que voc\u00ea tenha gostado do meu trabalho. Se voc\u00ea achou \u00fatil, avalie uma doa\u00e7\u00e3o Colabore na manuten\u00e7\u00e3o do site! &nbsp; ludioga@gmail.com [&hellip;]<\/p>\n","protected":false},"author":1,"featured_media":0,"parent":0,"menu_order":0,"comment_status":"closed","ping_status":"closed","template":"","meta":{"pmpro_default_level":"","footnotes":""},"class_list":["post-2183","page","type-page","status-publish","hentry","pmpro-has-access"],"_links":{"self":[{"href":"https:\/\/retalhos.net\/malu\/wp-json\/wp\/v2\/pages\/2183","targetHints":{"allow":["GET"]}}],"collection":[{"href":"https:\/\/retalhos.net\/malu\/wp-json\/wp\/v2\/pages"}],"about":[{"href":"https:\/\/retalhos.net\/malu\/wp-json\/wp\/v2\/types\/page"}],"author":[{"embeddable":true,"href":"https:\/\/retalhos.net\/malu\/wp-json\/wp\/v2\/users\/1"}],"replies":[{"embeddable":true,"href":"https:\/\/retalhos.net\/malu\/wp-json\/wp\/v2\/comments?post=2183"}],"version-history":[{"count":6,"href":"https:\/\/retalhos.net\/malu\/wp-json\/wp\/v2\/pages\/2183\/revisions"}],"predecessor-version":[{"id":2194,"href":"https:\/\/retalhos.net\/malu\/wp-json\/wp\/v2\/pages\/2183\/revisions\/2194"}],"wp:attachment":[{"href":"https:\/\/retalhos.net\/malu\/wp-json\/wp\/v2\/media?parent=2183"}],"curies":[{"name":"wp","href":"https:\/\/api.w.org\/{rel}","templated":true}]}}