{"id":3096,"date":"2021-05-22T14:26:17","date_gmt":"2021-05-22T17:26:17","guid":{"rendered":"https:\/\/www.ipocomputer.com\/artfair\/?page_id=3096"},"modified":"2021-05-22T16:13:13","modified_gmt":"2021-05-22T19:13:13","slug":"wikitudo","status":"publish","type":"page","link":"https:\/\/retalhos.net\/malu\/wikitudo\/","title":{"rendered":"Wikip\u00e9dia"},"content":{"rendered":"<hr \/>\n<p style=\"text-align: center;\"><span style=\"color: #003366;\"><strong><em>Clique na imagem para ver a defini\u00e7\u00e3o<\/em><\/strong><\/span><\/p>\n<hr \/>\n<table style=\"width: 100%;\">\n<tbody>\n<tr>\n<th>Almofadas<\/th>\n<th>Bordado<\/th>\n<th>Atelier<\/th>\n<th>biscuit<\/th>\n<\/tr>\n<tr>\n<td><a href=\"https:\/\/es.wikipedia.org\/wiki\/Almohada\" target=\"_blank\" rel=\"noopener\"><img loading=\"lazy\" decoding=\"async\" class=\"aligncenter wp-image-1740 size-thumbnail\" title=\"Almohada de finales del s. XVII o principios del XVIII\" src=\"http:\/\/retalhos.net\/malu\/wp-content\/uploads\/2021\/04\/Almofada-150x150.jpg\" alt=\"\" width=\"150\" height=\"150\" srcset=\"https:\/\/retalhos.net\/malu\/wp-content\/uploads\/2021\/04\/Almofada-150x150.jpg 150w, https:\/\/retalhos.net\/malu\/wp-content\/uploads\/2021\/04\/Almofada-200x200.jpg 200w\" sizes=\"auto, (max-width: 150px) 100vw, 150px\" \/><\/a><\/td>\n<td><a href=\"http:\/\/pt.wikipedia.org\/wiki\/Bordado\" target=\"_blank\" rel=\"noopener\"><img loading=\"lazy\" decoding=\"async\" class=\"aligncenter wp-image-1761 size-thumbnail\" title=\"Bordado em ouro em um gognots (avental) \" src=\"http:\/\/retalhos.net\/malu\/wp-content\/uploads\/2021\/05\/Aplicacao.png\" alt=\"\" width=\"150\" height=\"150\" \/><\/a><\/td>\n<td><a href=\"https:\/\/es.wikipedia.org\/wiki\/Taller\" target=\"_blank\" rel=\"noopener\"><img loading=\"lazy\" decoding=\"async\" class=\"aligncenter wp-image-1812 size-thumbnail\" title=\"Trabajo en un taller de artesan\u00eda.\" src=\"http:\/\/retalhos.net\/malu\/wp-content\/uploads\/2021\/04\/Artisans_khmers_-1066-\u00d7-800-150x150.png\" alt=\"Wikipedia clique na imagem.\" width=\"150\" height=\"150\" srcset=\"https:\/\/retalhos.net\/malu\/wp-content\/uploads\/2021\/04\/Artisans_khmers_-1066-\u00d7-800-150x150.png 150w, https:\/\/retalhos.net\/malu\/wp-content\/uploads\/2021\/04\/Artisans_khmers_-1066-\u00d7-800-200x200.png 200w\" sizes=\"auto, (max-width: 150px) 100vw, 150px\" \/><\/a><\/td>\n<td><a href=\"http:\/\/pt.wikipedia.org\/wiki\/Biscuit\" target=\"_blank\" rel=\"noopener\"><img loading=\"lazy\" decoding=\"async\" class=\"aligncenter wp-image-1519 \" title=\"Bolo de biscuit casamento Fernando &amp; Rita\" src=\"http:\/\/retalhos.net\/malu\/wp-content\/uploads\/2021\/05\/Biscuit.png\" alt=\"\" width=\"150\" height=\"152\" \/><\/a><\/td>\n<\/tr>\n<tr>\n<th>Bonecas<\/th>\n<th>Cer\u00e2micas<\/th>\n<th>patchwork<\/th>\n<th>tape\u00e7aria<\/th>\n<\/tr>\n<tr>\n<td><a href=\"https:\/\/pt.wikipedia.org\/wiki\/Boneca\"><img loading=\"lazy\" decoding=\"async\" class=\"aligncenter wp-image-1727 size-thumbnail\" title=\"Menina com boneca.\" src=\"http:\/\/retalhos.net\/malu\/wp-content\/uploads\/2009\/09\/Girl_with_doll_German-150x150.png\" alt=\"\" width=\"150\" height=\"150\" srcset=\"https:\/\/retalhos.net\/malu\/wp-content\/uploads\/2009\/09\/Girl_with_doll_German-150x150.png 150w, https:\/\/retalhos.net\/malu\/wp-content\/uploads\/2009\/09\/Girl_with_doll_German-200x200.png 200w\" sizes=\"auto, (max-width: 150px) 100vw, 150px\" \/><\/a><\/td>\n<td><a href=\"https:\/\/pt.wikipedia.org\/wiki\/Cer%C3%A2mica\" target=\"_blank\" rel=\"noopener\"><img loading=\"lazy\" decoding=\"async\" class=\"aligncenter wp-image-1932 size-thumbnail\" title=\"Azulejos Parque Eduardo VII\" src=\"http:\/\/retalhos.net\/malu\/wp-content\/uploads\/2021\/05\/Azulejos_Parque_Eduardo_VII-2-150x150.jpg\" alt=\"\" width=\"150\" height=\"150\" srcset=\"https:\/\/retalhos.net\/malu\/wp-content\/uploads\/2021\/05\/Azulejos_Parque_Eduardo_VII-2-150x150.jpg 150w, https:\/\/retalhos.net\/malu\/wp-content\/uploads\/2021\/05\/Azulejos_Parque_Eduardo_VII-2-200x200.jpg 200w\" sizes=\"auto, (max-width: 150px) 100vw, 150px\" \/><\/a><\/td>\n<td><a href=\"https:\/\/pt.wikipedia.org\/wiki\/Patchwork\" target=\"_blank\" rel=\"noopener\"><img loading=\"lazy\" decoding=\"async\" class=\"aligncenter wp-image-1765 size-thumbnail\" title=\"Colcha realizada na t\u00e9cnica de patchwork\" src=\"http:\/\/retalhos.net\/malu\/wp-content\/uploads\/2009\/09\/Quilt--150x150.png\" alt=\"\" width=\"150\" height=\"150\" srcset=\"https:\/\/retalhos.net\/malu\/wp-content\/uploads\/2009\/09\/Quilt--150x150.png 150w, https:\/\/retalhos.net\/malu\/wp-content\/uploads\/2009\/09\/Quilt--200x200.png 200w\" sizes=\"auto, (max-width: 150px) 100vw, 150px\" \/><\/a><\/td>\n<td><a href=\"http:\/\/pt.wikipedia.org\/wiki\/Tape%C3%A7aria\" target=\"_blank\" rel=\"noopener\"><img loading=\"lazy\" decoding=\"async\" class=\"alignnone wp-image-1734 size-thumbnail\" title=\"Tape\u00e7aria, Museus Capitolinos, Roma\" src=\"http:\/\/retalhos.net\/malu\/wp-content\/uploads\/2009\/09\/Tapecaria--150x150.png\" alt=\"\" width=\"150\" height=\"150\" srcset=\"https:\/\/retalhos.net\/malu\/wp-content\/uploads\/2009\/09\/Tapecaria--150x150.png 150w, https:\/\/retalhos.net\/malu\/wp-content\/uploads\/2009\/09\/Tapecaria--200x200.png 200w\" sizes=\"auto, (max-width: 150px) 100vw, 150px\" \/><\/a><\/td>\n<td><\/td>\n<\/tr>\n<\/tbody>\n<\/table>\n<div id=\"s3gt_translate_tooltip_mini\" class=\"s3gt_translate_tooltip_mini_box\" style=\"background: initial !important; border: initial !important; border-radius: initial !important; border-spacing: initial !important; border-collapse: initial !important; direction: ltr !important; flex-direction: initial !important; font-weight: initial !important; height: initial !important; letter-spacing: initial !important; min-width: initial !important; max-width: initial !important; min-height: initial !important; max-height: initial !important; margin: auto !important; outline: initial !important; padding: initial !important; position: absolute; table-layout: initial !important; text-align: initial !important; text-shadow: initial !important; width: initial !important; word-break: initial !important; word-spacing: initial !important; overflow-wrap: initial !important; box-sizing: initial !important; display: initial !important; color: inherit !important; font-size: 13px !important; font-family: X-LocaleSpecific, sans-serif, Tahoma, Helvetica !important; line-height: 13px !important; vertical-align: top !important; white-space: inherit !important; left: 120px; top: 362px; opacity: 0;\">\n<div id=\"s3gt_translate_tooltip_mini_logo\" class=\"s3gt_translate_tooltip_mini\" title=\"Traduzir o texto selecionado\"><\/div>\n<div id=\"s3gt_translate_tooltip_mini_sound\" class=\"s3gt_translate_tooltip_mini\" title=\"Reproduzir\"><\/div>\n<div id=\"s3gt_translate_tooltip_mini_copy\" class=\"s3gt_translate_tooltip_mini\" title=\"Copiar texto para \u00e1rea de transfer\u00eancia\"><\/div>\n<\/div>\n<div id=\"s3gt_translate_tooltip_mini\" class=\"s3gt_translate_tooltip_mini_box\" style=\"background: initial !important; border: initial !important; border-radius: initial !important; border-spacing: initial !important; border-collapse: initial !important; direction: ltr !important; flex-direction: initial !important; font-weight: initial !important; height: initial !important; letter-spacing: initial !important; min-width: initial !important; max-width: initial !important; min-height: initial !important; max-height: initial !important; margin: auto !important; outline: initial !important; padding: initial !important; position: absolute; table-layout: initial !important; text-align: initial !important; text-shadow: initial !important; width: initial !important; word-break: initial !important; word-spacing: initial !important; overflow-wrap: initial !important; box-sizing: initial !important; display: initial !important; color: inherit !important; font-size: 13px !important; font-family: X-LocaleSpecific, sans-serif, Tahoma, Helvetica !important; line-height: 13px !important; vertical-align: top !important; white-space: inherit !important; left: 19px; top: 699px; opacity: 0.55;\">\n<div id=\"s3gt_translate_tooltip_mini_logo\" class=\"s3gt_translate_tooltip_mini\" title=\"Traduzir o texto selecionado\"><\/div>\n<div id=\"s3gt_translate_tooltip_mini_sound\" class=\"s3gt_translate_tooltip_mini\" title=\"Reproduzir\"><\/div>\n<div id=\"s3gt_translate_tooltip_mini_copy\" class=\"s3gt_translate_tooltip_mini\" title=\"Copiar texto para \u00e1rea de transfer\u00eancia\"><\/div>\n<\/div>\n","protected":false},"excerpt":{"rendered":"<p>Clique na imagem para ver a defini\u00e7\u00e3o Almofadas Bordado Atelier biscuit Bonecas Cer\u00e2micas patchwork tape\u00e7aria<\/p>\n","protected":false},"author":1,"featured_media":0,"parent":0,"menu_order":0,"comment_status":"closed","ping_status":"closed","template":"","meta":{"pmpro_default_level":"","footnotes":""},"class_list":["post-3096","page","type-page","status-publish","hentry","pmpro-has-access"],"_links":{"self":[{"href":"https:\/\/retalhos.net\/malu\/wp-json\/wp\/v2\/pages\/3096","targetHints":{"allow":["GET"]}}],"collection":[{"href":"https:\/\/retalhos.net\/malu\/wp-json\/wp\/v2\/pages"}],"about":[{"href":"https:\/\/retalhos.net\/malu\/wp-json\/wp\/v2\/types\/page"}],"author":[{"embeddable":true,"href":"https:\/\/retalhos.net\/malu\/wp-json\/wp\/v2\/users\/1"}],"replies":[{"embeddable":true,"href":"https:\/\/retalhos.net\/malu\/wp-json\/wp\/v2\/comments?post=3096"}],"version-history":[{"count":16,"href":"https:\/\/retalhos.net\/malu\/wp-json\/wp\/v2\/pages\/3096\/revisions"}],"predecessor-version":[{"id":3113,"href":"https:\/\/retalhos.net\/malu\/wp-json\/wp\/v2\/pages\/3096\/revisions\/3113"}],"wp:attachment":[{"href":"https:\/\/retalhos.net\/malu\/wp-json\/wp\/v2\/media?parent=3096"}],"curies":[{"name":"wp","href":"https:\/\/api.w.org\/{rel}","templated":true}]}}