{"id":4146,"date":"2022-01-17T18:23:29","date_gmt":"2022-01-17T21:23:29","guid":{"rendered":"http:\/\/retalhos.net\/mybag\/?page_id=4146"},"modified":"2022-06-06T11:09:54","modified_gmt":"2022-06-06T14:09:54","slug":"bonnie-und-clyde","status":"publish","type":"page","link":"https:\/\/retalhos.net\/mybag\/republica\/bonnie-und-clyde\/","title":{"rendered":"Bonnie und Clyde"},"content":{"rendered":"<hr \/>\n\r\n<div id=\"aiovg-69da2015d07221\" class=\"aiovg aiovg-videos aiovg-videos-template-classic\">\r\n        \r\n    <!-- Videos -->\r\n    <div class=\"aiovg-section-videos aiovg-grid aiovg-row\">   \r\n                    \r\n            <div class=\"aiovg-item-video aiovg-item-video-5239 aiovg-col aiovg-col-4 aiovg-col-sm-3 aiovg-col-xs-2\" data-id=\"5239\">\r\n                \n<div class=\"aiovg-thumbnail aiovg-thumbnail-style-image-top\">\n    <a href=\"https:\/\/retalhos.net\/mybag\/aiovg_videos\/13-05-17-lula-2010-x-lula-2017-duelo-de-anoes\/\" class=\"aiovg-responsive-container\" style=\"padding-bottom: 56.25%;\"><img decoding=\"async\" src=\"https:\/\/img.youtube.com\/vi\/oNt7gGkwq0A\/mqdefault.jpg\" alt=\"13.05.17 Lula 2010 x Lula 2017: duelo de an\u00f5es\" class=\"aiovg-responsive-element\"\/><svg xmlns=\"http:\/\/www.w3.org\/2000\/svg\" fill=\"white\" width=\"40\" height=\"40\" viewBox=\"0 0 24 24\" class=\"aiovg-svg-icon-play aiovg-flex-shrink-0\">\n            <path fill-rule=\"evenodd\" d=\"M2.25 12c0-5.385 4.365-9.75 9.75-9.75s9.75 4.365 9.75 9.75-4.365 9.75-9.75 9.75S2.25 17.385 2.25 12Zm14.024-.983a1.125 1.125 0 0 1 0 1.966l-5.603 3.113A1.125 1.125 0 0 1 9 15.113V8.887c0-.857.921-1.4 1.671-.983l5.603 3.113Z\" clip-rule=\"evenodd\" \/>\n        <\/svg><\/a> \n    <div class=\"aiovg-caption\">\n                    <div class=\"aiovg-title\">\n                <a href=\"https:\/\/retalhos.net\/mybag\/aiovg_videos\/13-05-17-lula-2010-x-lula-2017-duelo-de-anoes\/\" class=\"aiovg-link-title\">13.05.17 Lula 2010 x Lula 2017: duelo de an\u00f5es<\/a>            <\/div>\n        \n        \n        <div class=\"aiovg-meta aiovg-flex aiovg-flex-wrap aiovg-gap-1 aiovg-items-center aiovg-text-small\"><div class=\"aiovg-views aiovg-flex aiovg-gap-1 aiovg-items-center\"><svg xmlns=\"http:\/\/www.w3.org\/2000\/svg\" fill=\"none\" width=\"16\" height=\"16\" viewBox=\"0 0 24 24\" stroke-width=\"1.5\" stroke=\"currentColor\" class=\"aiovg-flex-shrink-0\">\n                <path stroke-linecap=\"round\" stroke-linejoin=\"round\" d=\"M2.036 12.322a1.012 1.012 0 0 1 0-.639C3.423 7.51 7.36 4.5 12 4.5c4.638 0 8.573 3.007 9.963 7.178.07.207.07.431 0 .639C20.577 16.49 16.64 19.5 12 19.5c-4.638 0-8.573-3.007-9.963-7.178Z\" \/>\n                <path stroke-linecap=\"round\" stroke-linejoin=\"round\" d=\"M15 12a3 3 0 1 1-6 0 3 3 0 0 1 6 0Z\" \/>\n            <\/svg><span class=\"aiovg-views-count\">4<\/span><span class=\"aiovg-views-label\">views<\/span><\/div><\/div>       \n        \n        <div class=\"aiovg-category aiovg-flex aiovg-flex-wrap aiovg-gap-1 aiovg-items-center aiovg-text-small\"><svg xmlns=\"http:\/\/www.w3.org\/2000\/svg\" fill=\"none\" width=\"16\" height=\"16\" viewBox=\"0 0 24 24\" stroke-width=\"1.5\" stroke=\"currentColor\" class=\"aiovg-flex-shrink-0\">\n                    <path stroke-linecap=\"round\" stroke-linejoin=\"round\" d=\"M3.75 9.776c.112-.017.227-.026.344-.026h15.812c.117 0 .232.009.344.026m-16.5 0a2.25 2.25 0 0 0-1.883 2.542l.857 6a2.25 2.25 0 0 0 2.227 1.932H19.05a2.25 2.25 0 0 0 2.227-1.932l.857-6a2.25 2.25 0 0 0-1.883-2.542m-16.5 0V6A2.25 2.25 0 0 1 6 3.75h3.879a1.5 1.5 0 0 1 1.06.44l2.122 2.12a1.5 1.5 0 0 0 1.06.44H18A2.25 2.25 0 0 1 20.25 9v.776\" \/>\n                <\/svg><div class=\"aiovg-item-category\"><a href=\"https:\/\/retalhos.net\/mybag\/video-category\/bonnie-und-clyde\/\" class=\"aiovg-link-category\">Bonnie und Clyde<\/a><\/div><\/div>\n               \n\n                    <div class=\"aiovg-excerpt aiovg-hide-if-empty\"><\/div>\n         \n        \n            <\/div>    \n<\/div>            \r\n            <\/div>                \r\n                        \r\n            <div class=\"aiovg-item-video aiovg-item-video-5265 aiovg-col aiovg-col-4 aiovg-col-sm-3 aiovg-col-xs-2\" data-id=\"5265\">\r\n                \n<div class=\"aiovg-thumbnail aiovg-thumbnail-style-image-top\">\n    <a href=\"https:\/\/retalhos.net\/mybag\/aiovg_videos\/a-dama-de-vermelho\/\" class=\"aiovg-responsive-container\" style=\"padding-bottom: 56.25%;\"><img decoding=\"async\" src=\"https:\/\/retalhos.net\/mybag\/wp-content\/uploads\/2022\/05\/dilanta0-300x124.png\" alt=\"A dama de vermelho\" class=\"aiovg-responsive-element\"\/><svg xmlns=\"http:\/\/www.w3.org\/2000\/svg\" fill=\"white\" width=\"40\" height=\"40\" viewBox=\"0 0 24 24\" class=\"aiovg-svg-icon-play aiovg-flex-shrink-0\">\n            <path fill-rule=\"evenodd\" d=\"M2.25 12c0-5.385 4.365-9.75 9.75-9.75s9.75 4.365 9.75 9.75-4.365 9.75-9.75 9.75S2.25 17.385 2.25 12Zm14.024-.983a1.125 1.125 0 0 1 0 1.966l-5.603 3.113A1.125 1.125 0 0 1 9 15.113V8.887c0-.857.921-1.4 1.671-.983l5.603 3.113Z\" clip-rule=\"evenodd\" \/>\n        <\/svg><\/a> \n    <div class=\"aiovg-caption\">\n                    <div class=\"aiovg-title\">\n                <a href=\"https:\/\/retalhos.net\/mybag\/aiovg_videos\/a-dama-de-vermelho\/\" class=\"aiovg-link-title\">A dama de vermelho<\/a>            <\/div>\n        \n        \n        <div class=\"aiovg-meta aiovg-flex aiovg-flex-wrap aiovg-gap-1 aiovg-items-center aiovg-text-small\"><div class=\"aiovg-views aiovg-flex aiovg-gap-1 aiovg-items-center\"><svg xmlns=\"http:\/\/www.w3.org\/2000\/svg\" fill=\"none\" width=\"16\" height=\"16\" viewBox=\"0 0 24 24\" stroke-width=\"1.5\" stroke=\"currentColor\" class=\"aiovg-flex-shrink-0\">\n                <path stroke-linecap=\"round\" stroke-linejoin=\"round\" d=\"M2.036 12.322a1.012 1.012 0 0 1 0-.639C3.423 7.51 7.36 4.5 12 4.5c4.638 0 8.573 3.007 9.963 7.178.07.207.07.431 0 .639C20.577 16.49 16.64 19.5 12 19.5c-4.638 0-8.573-3.007-9.963-7.178Z\" \/>\n                <path stroke-linecap=\"round\" stroke-linejoin=\"round\" d=\"M15 12a3 3 0 1 1-6 0 3 3 0 0 1 6 0Z\" \/>\n            <\/svg><span class=\"aiovg-views-count\">4<\/span><span class=\"aiovg-views-label\">views<\/span><\/div><\/div>       \n        \n        <div class=\"aiovg-category aiovg-flex aiovg-flex-wrap aiovg-gap-1 aiovg-items-center aiovg-text-small\"><svg xmlns=\"http:\/\/www.w3.org\/2000\/svg\" fill=\"none\" width=\"16\" height=\"16\" viewBox=\"0 0 24 24\" stroke-width=\"1.5\" stroke=\"currentColor\" class=\"aiovg-flex-shrink-0\">\n                    <path stroke-linecap=\"round\" stroke-linejoin=\"round\" d=\"M3.75 9.776c.112-.017.227-.026.344-.026h15.812c.117 0 .232.009.344.026m-16.5 0a2.25 2.25 0 0 0-1.883 2.542l.857 6a2.25 2.25 0 0 0 2.227 1.932H19.05a2.25 2.25 0 0 0 2.227-1.932l.857-6a2.25 2.25 0 0 0-1.883-2.542m-16.5 0V6A2.25 2.25 0 0 1 6 3.75h3.879a1.5 1.5 0 0 1 1.06.44l2.122 2.12a1.5 1.5 0 0 0 1.06.44H18A2.25 2.25 0 0 1 20.25 9v.776\" \/>\n                <\/svg><div class=\"aiovg-item-category\"><a href=\"https:\/\/retalhos.net\/mybag\/video-category\/bonnie-und-clyde\/\" class=\"aiovg-link-category\">Bonnie und Clyde<\/a><\/div><\/div>\n               \n\n                    <div class=\"aiovg-excerpt aiovg-hide-if-empty\">&nbsp;<\/div>\n         \n        \n            <\/div>    \n<\/div>            \r\n            <\/div>                \r\n                        \r\n            <div class=\"aiovg-item-video aiovg-item-video-5202 aiovg-col aiovg-col-4 aiovg-col-sm-3 aiovg-col-xs-2\" data-id=\"5202\">\r\n                \n<div class=\"aiovg-thumbnail aiovg-thumbnail-style-image-top\">\n    <a href=\"https:\/\/retalhos.net\/mybag\/aiovg_videos\/bezerra-da-silva-malandro-moderno\/\" class=\"aiovg-responsive-container\" style=\"padding-bottom: 56.25%;\"><img decoding=\"async\" src=\"https:\/\/img.youtube.com\/vi\/xDTP7W5C01s\/mqdefault.jpg\" alt=\"BEZERRA DA SILVA - Malandro Moderno\" class=\"aiovg-responsive-element\"\/><svg xmlns=\"http:\/\/www.w3.org\/2000\/svg\" fill=\"white\" width=\"40\" height=\"40\" viewBox=\"0 0 24 24\" class=\"aiovg-svg-icon-play aiovg-flex-shrink-0\">\n            <path fill-rule=\"evenodd\" d=\"M2.25 12c0-5.385 4.365-9.75 9.75-9.75s9.75 4.365 9.75 9.75-4.365 9.75-9.75 9.75S2.25 17.385 2.25 12Zm14.024-.983a1.125 1.125 0 0 1 0 1.966l-5.603 3.113A1.125 1.125 0 0 1 9 15.113V8.887c0-.857.921-1.4 1.671-.983l5.603 3.113Z\" clip-rule=\"evenodd\" \/>\n        <\/svg><\/a> \n    <div class=\"aiovg-caption\">\n                    <div class=\"aiovg-title\">\n                <a href=\"https:\/\/retalhos.net\/mybag\/aiovg_videos\/bezerra-da-silva-malandro-moderno\/\" class=\"aiovg-link-title\">BEZERRA DA SILVA &#8211; Malandro Moderno<\/a>            <\/div>\n        \n        \n        <div class=\"aiovg-meta aiovg-flex aiovg-flex-wrap aiovg-gap-1 aiovg-items-center aiovg-text-small\"><div class=\"aiovg-views aiovg-flex aiovg-gap-1 aiovg-items-center\"><svg xmlns=\"http:\/\/www.w3.org\/2000\/svg\" fill=\"none\" width=\"16\" height=\"16\" viewBox=\"0 0 24 24\" stroke-width=\"1.5\" stroke=\"currentColor\" class=\"aiovg-flex-shrink-0\">\n                <path stroke-linecap=\"round\" stroke-linejoin=\"round\" d=\"M2.036 12.322a1.012 1.012 0 0 1 0-.639C3.423 7.51 7.36 4.5 12 4.5c4.638 0 8.573 3.007 9.963 7.178.07.207.07.431 0 .639C20.577 16.49 16.64 19.5 12 19.5c-4.638 0-8.573-3.007-9.963-7.178Z\" \/>\n                <path stroke-linecap=\"round\" stroke-linejoin=\"round\" d=\"M15 12a3 3 0 1 1-6 0 3 3 0 0 1 6 0Z\" \/>\n            <\/svg><span class=\"aiovg-views-count\">6<\/span><span class=\"aiovg-views-label\">views<\/span><\/div><\/div>       \n        \n        <div class=\"aiovg-category aiovg-flex aiovg-flex-wrap aiovg-gap-1 aiovg-items-center aiovg-text-small\"><svg xmlns=\"http:\/\/www.w3.org\/2000\/svg\" fill=\"none\" width=\"16\" height=\"16\" viewBox=\"0 0 24 24\" stroke-width=\"1.5\" stroke=\"currentColor\" class=\"aiovg-flex-shrink-0\">\n                    <path stroke-linecap=\"round\" stroke-linejoin=\"round\" d=\"M3.75 9.776c.112-.017.227-.026.344-.026h15.812c.117 0 .232.009.344.026m-16.5 0a2.25 2.25 0 0 0-1.883 2.542l.857 6a2.25 2.25 0 0 0 2.227 1.932H19.05a2.25 2.25 0 0 0 2.227-1.932l.857-6a2.25 2.25 0 0 0-1.883-2.542m-16.5 0V6A2.25 2.25 0 0 1 6 3.75h3.879a1.5 1.5 0 0 1 1.06.44l2.122 2.12a1.5 1.5 0 0 0 1.06.44H18A2.25 2.25 0 0 1 20.25 9v.776\" \/>\n                <\/svg><div class=\"aiovg-item-category\"><a href=\"https:\/\/retalhos.net\/mybag\/video-category\/bonnie-und-clyde\/\" class=\"aiovg-link-category\">Bonnie und Clyde<\/a><\/div><\/div>\n               \n\n                    <div class=\"aiovg-excerpt aiovg-hide-if-empty\"><\/div>\n         \n        \n            <\/div>    \n<\/div>            \r\n            <\/div>                \r\n                        \r\n            <div class=\"aiovg-item-video aiovg-item-video-5240 aiovg-col aiovg-col-4 aiovg-col-sm-3 aiovg-col-xs-2\" data-id=\"5240\">\r\n                \n<div class=\"aiovg-thumbnail aiovg-thumbnail-style-image-top\">\n    <a href=\"https:\/\/retalhos.net\/mybag\/aiovg_videos\/fidel-castro-foi-ou-nao-um-ditador-dilma-rousseff\/\" class=\"aiovg-responsive-container\" style=\"padding-bottom: 56.25%;\"><img decoding=\"async\" src=\"https:\/\/img.youtube.com\/vi\/HpuaoSGM-_I\/maxresdefault.jpg\" alt=\"Fidel Castro foi ou n\u00e3o um DITADOR, Dilma Rousseff?\" class=\"aiovg-responsive-element\"\/><svg xmlns=\"http:\/\/www.w3.org\/2000\/svg\" fill=\"white\" width=\"40\" height=\"40\" viewBox=\"0 0 24 24\" class=\"aiovg-svg-icon-play aiovg-flex-shrink-0\">\n            <path fill-rule=\"evenodd\" d=\"M2.25 12c0-5.385 4.365-9.75 9.75-9.75s9.75 4.365 9.75 9.75-4.365 9.75-9.75 9.75S2.25 17.385 2.25 12Zm14.024-.983a1.125 1.125 0 0 1 0 1.966l-5.603 3.113A1.125 1.125 0 0 1 9 15.113V8.887c0-.857.921-1.4 1.671-.983l5.603 3.113Z\" clip-rule=\"evenodd\" \/>\n        <\/svg><\/a> \n    <div class=\"aiovg-caption\">\n                    <div class=\"aiovg-title\">\n                <a href=\"https:\/\/retalhos.net\/mybag\/aiovg_videos\/fidel-castro-foi-ou-nao-um-ditador-dilma-rousseff\/\" class=\"aiovg-link-title\">Fidel Castro foi ou n\u00e3o um DITADOR, Dilma Rousseff?<\/a>            <\/div>\n        \n        \n        <div class=\"aiovg-meta aiovg-flex aiovg-flex-wrap aiovg-gap-1 aiovg-items-center aiovg-text-small\"><div class=\"aiovg-views aiovg-flex aiovg-gap-1 aiovg-items-center\"><svg xmlns=\"http:\/\/www.w3.org\/2000\/svg\" fill=\"none\" width=\"16\" height=\"16\" viewBox=\"0 0 24 24\" stroke-width=\"1.5\" stroke=\"currentColor\" class=\"aiovg-flex-shrink-0\">\n                <path stroke-linecap=\"round\" stroke-linejoin=\"round\" d=\"M2.036 12.322a1.012 1.012 0 0 1 0-.639C3.423 7.51 7.36 4.5 12 4.5c4.638 0 8.573 3.007 9.963 7.178.07.207.07.431 0 .639C20.577 16.49 16.64 19.5 12 19.5c-4.638 0-8.573-3.007-9.963-7.178Z\" \/>\n                <path stroke-linecap=\"round\" stroke-linejoin=\"round\" d=\"M15 12a3 3 0 1 1-6 0 3 3 0 0 1 6 0Z\" \/>\n            <\/svg><span class=\"aiovg-views-count\">2<\/span><span class=\"aiovg-views-label\">views<\/span><\/div><\/div>       \n        \n        <div class=\"aiovg-category aiovg-flex aiovg-flex-wrap aiovg-gap-1 aiovg-items-center aiovg-text-small\"><svg xmlns=\"http:\/\/www.w3.org\/2000\/svg\" fill=\"none\" width=\"16\" height=\"16\" viewBox=\"0 0 24 24\" stroke-width=\"1.5\" stroke=\"currentColor\" class=\"aiovg-flex-shrink-0\">\n                    <path stroke-linecap=\"round\" stroke-linejoin=\"round\" d=\"M3.75 9.776c.112-.017.227-.026.344-.026h15.812c.117 0 .232.009.344.026m-16.5 0a2.25 2.25 0 0 0-1.883 2.542l.857 6a2.25 2.25 0 0 0 2.227 1.932H19.05a2.25 2.25 0 0 0 2.227-1.932l.857-6a2.25 2.25 0 0 0-1.883-2.542m-16.5 0V6A2.25 2.25 0 0 1 6 3.75h3.879a1.5 1.5 0 0 1 1.06.44l2.122 2.12a1.5 1.5 0 0 0 1.06.44H18A2.25 2.25 0 0 1 20.25 9v.776\" \/>\n                <\/svg><div class=\"aiovg-item-category\"><a href=\"https:\/\/retalhos.net\/mybag\/video-category\/bonnie-und-clyde\/\" class=\"aiovg-link-category\">Bonnie und Clyde<\/a><\/div><\/div>\n               \n\n                    <div class=\"aiovg-excerpt aiovg-hide-if-empty\">Jornalista da Al Jazeera tamb\u00e9m lacrou ...<\/div>\n         \n        \n            <\/div>    \n<\/div>            \r\n            <\/div>                \r\n                        \r\n            <div class=\"aiovg-item-video aiovg-item-video-5196 aiovg-col aiovg-col-4 aiovg-col-sm-3 aiovg-col-xs-2\" data-id=\"5196\">\r\n                \n<div class=\"aiovg-thumbnail aiovg-thumbnail-style-image-top\">\n    <a href=\"https:\/\/retalhos.net\/mybag\/aiovg_videos\/legiao-urbana-faroeste-caboclo-lula-times-parodia\/\" class=\"aiovg-responsive-container\" style=\"padding-bottom: 56.25%;\"><img decoding=\"async\" src=\"https:\/\/img.youtube.com\/vi\/Lqj2EDce6sQ\/mqdefault.jpg\" alt=\"Legi\u00e3o Urbana: Faroeste Caboclo LULA TIMES (parodia)\" class=\"aiovg-responsive-element\"\/><svg xmlns=\"http:\/\/www.w3.org\/2000\/svg\" fill=\"white\" width=\"40\" height=\"40\" viewBox=\"0 0 24 24\" class=\"aiovg-svg-icon-play aiovg-flex-shrink-0\">\n            <path fill-rule=\"evenodd\" d=\"M2.25 12c0-5.385 4.365-9.75 9.75-9.75s9.75 4.365 9.75 9.75-4.365 9.75-9.75 9.75S2.25 17.385 2.25 12Zm14.024-.983a1.125 1.125 0 0 1 0 1.966l-5.603 3.113A1.125 1.125 0 0 1 9 15.113V8.887c0-.857.921-1.4 1.671-.983l5.603 3.113Z\" clip-rule=\"evenodd\" \/>\n        <\/svg><\/a> \n    <div class=\"aiovg-caption\">\n                    <div class=\"aiovg-title\">\n                <a href=\"https:\/\/retalhos.net\/mybag\/aiovg_videos\/legiao-urbana-faroeste-caboclo-lula-times-parodia\/\" class=\"aiovg-link-title\">Legi\u00e3o Urbana: Faroeste Caboclo LULA TIMES (parodia)<\/a>            <\/div>\n        \n        \n        <div class=\"aiovg-meta aiovg-flex aiovg-flex-wrap aiovg-gap-1 aiovg-items-center aiovg-text-small\"><div class=\"aiovg-views aiovg-flex aiovg-gap-1 aiovg-items-center\"><svg xmlns=\"http:\/\/www.w3.org\/2000\/svg\" fill=\"none\" width=\"16\" height=\"16\" viewBox=\"0 0 24 24\" stroke-width=\"1.5\" stroke=\"currentColor\" class=\"aiovg-flex-shrink-0\">\n                <path stroke-linecap=\"round\" stroke-linejoin=\"round\" d=\"M2.036 12.322a1.012 1.012 0 0 1 0-.639C3.423 7.51 7.36 4.5 12 4.5c4.638 0 8.573 3.007 9.963 7.178.07.207.07.431 0 .639C20.577 16.49 16.64 19.5 12 19.5c-4.638 0-8.573-3.007-9.963-7.178Z\" \/>\n                <path stroke-linecap=\"round\" stroke-linejoin=\"round\" d=\"M15 12a3 3 0 1 1-6 0 3 3 0 0 1 6 0Z\" \/>\n            <\/svg><span class=\"aiovg-views-count\">3<\/span><span class=\"aiovg-views-label\">views<\/span><\/div><\/div>       \n        \n        <div class=\"aiovg-category aiovg-flex aiovg-flex-wrap aiovg-gap-1 aiovg-items-center aiovg-text-small\"><svg xmlns=\"http:\/\/www.w3.org\/2000\/svg\" fill=\"none\" width=\"16\" height=\"16\" viewBox=\"0 0 24 24\" stroke-width=\"1.5\" stroke=\"currentColor\" class=\"aiovg-flex-shrink-0\">\n                    <path stroke-linecap=\"round\" stroke-linejoin=\"round\" d=\"M3.75 9.776c.112-.017.227-.026.344-.026h15.812c.117 0 .232.009.344.026m-16.5 0a2.25 2.25 0 0 0-1.883 2.542l.857 6a2.25 2.25 0 0 0 2.227 1.932H19.05a2.25 2.25 0 0 0 2.227-1.932l.857-6a2.25 2.25 0 0 0-1.883-2.542m-16.5 0V6A2.25 2.25 0 0 1 6 3.75h3.879a1.5 1.5 0 0 1 1.06.44l2.122 2.12a1.5 1.5 0 0 0 1.06.44H18A2.25 2.25 0 0 1 20.25 9v.776\" \/>\n                <\/svg><div class=\"aiovg-item-category\"><a href=\"https:\/\/retalhos.net\/mybag\/video-category\/bonnie-und-clyde\/\" class=\"aiovg-link-category\">Bonnie und Clyde<\/a><\/div><\/div>\n               \n\n                    <div class=\"aiovg-excerpt aiovg-hide-if-empty\"><\/div>\n         \n        \n            <\/div>    \n<\/div>            \r\n            <\/div>                \r\n                        \r\n            <div class=\"aiovg-item-video aiovg-item-video-5826 aiovg-col aiovg-col-4 aiovg-col-sm-3 aiovg-col-xs-2\" data-id=\"5826\">\r\n                \n<div class=\"aiovg-thumbnail aiovg-thumbnail-style-image-top\">\n    <a href=\"https:\/\/retalhos.net\/mybag\/aiovg_videos\/lula-2022\/\" class=\"aiovg-responsive-container\" style=\"padding-bottom: 56.25%;\"><img decoding=\"async\" src=\"https:\/\/retalhos.net\/mybag\/wp-content\/uploads\/2022\/09\/bolsonaro-lula-cara-a-cara-300x191.png\" alt=\"Lula 2010 Lula 2022\" class=\"aiovg-responsive-element\"\/><svg xmlns=\"http:\/\/www.w3.org\/2000\/svg\" fill=\"white\" width=\"40\" height=\"40\" viewBox=\"0 0 24 24\" class=\"aiovg-svg-icon-play aiovg-flex-shrink-0\">\n            <path fill-rule=\"evenodd\" d=\"M2.25 12c0-5.385 4.365-9.75 9.75-9.75s9.75 4.365 9.75 9.75-4.365 9.75-9.75 9.75S2.25 17.385 2.25 12Zm14.024-.983a1.125 1.125 0 0 1 0 1.966l-5.603 3.113A1.125 1.125 0 0 1 9 15.113V8.887c0-.857.921-1.4 1.671-.983l5.603 3.113Z\" clip-rule=\"evenodd\" \/>\n        <\/svg><\/a> \n    <div class=\"aiovg-caption\">\n                    <div class=\"aiovg-title\">\n                <a href=\"https:\/\/retalhos.net\/mybag\/aiovg_videos\/lula-2022\/\" class=\"aiovg-link-title\">Lula 2010 Lula 2022<\/a>            <\/div>\n        \n        \n        <div class=\"aiovg-meta aiovg-flex aiovg-flex-wrap aiovg-gap-1 aiovg-items-center aiovg-text-small\"><div class=\"aiovg-views aiovg-flex aiovg-gap-1 aiovg-items-center\"><svg xmlns=\"http:\/\/www.w3.org\/2000\/svg\" fill=\"none\" width=\"16\" height=\"16\" viewBox=\"0 0 24 24\" stroke-width=\"1.5\" stroke=\"currentColor\" class=\"aiovg-flex-shrink-0\">\n                <path stroke-linecap=\"round\" stroke-linejoin=\"round\" d=\"M2.036 12.322a1.012 1.012 0 0 1 0-.639C3.423 7.51 7.36 4.5 12 4.5c4.638 0 8.573 3.007 9.963 7.178.07.207.07.431 0 .639C20.577 16.49 16.64 19.5 12 19.5c-4.638 0-8.573-3.007-9.963-7.178Z\" \/>\n                <path stroke-linecap=\"round\" stroke-linejoin=\"round\" d=\"M15 12a3 3 0 1 1-6 0 3 3 0 0 1 6 0Z\" \/>\n            <\/svg><span class=\"aiovg-views-count\">3<\/span><span class=\"aiovg-views-label\">views<\/span><\/div><\/div>       \n        \n        <div class=\"aiovg-category aiovg-flex aiovg-flex-wrap aiovg-gap-1 aiovg-items-center aiovg-text-small\"><svg xmlns=\"http:\/\/www.w3.org\/2000\/svg\" fill=\"none\" width=\"16\" height=\"16\" viewBox=\"0 0 24 24\" stroke-width=\"1.5\" stroke=\"currentColor\" class=\"aiovg-flex-shrink-0\">\n                    <path stroke-linecap=\"round\" stroke-linejoin=\"round\" d=\"M3.75 9.776c.112-.017.227-.026.344-.026h15.812c.117 0 .232.009.344.026m-16.5 0a2.25 2.25 0 0 0-1.883 2.542l.857 6a2.25 2.25 0 0 0 2.227 1.932H19.05a2.25 2.25 0 0 0 2.227-1.932l.857-6a2.25 2.25 0 0 0-1.883-2.542m-16.5 0V6A2.25 2.25 0 0 1 6 3.75h3.879a1.5 1.5 0 0 1 1.06.44l2.122 2.12a1.5 1.5 0 0 0 1.06.44H18A2.25 2.25 0 0 1 20.25 9v.776\" \/>\n                <\/svg><div class=\"aiovg-item-category\"><a href=\"https:\/\/retalhos.net\/mybag\/video-category\/bonnie-und-clyde\/\" class=\"aiovg-link-category\">Bonnie und Clyde<\/a><span class=\"aiovg-separator\">,<\/span><\/div><div class=\"aiovg-item-category\"><a href=\"https:\/\/retalhos.net\/mybag\/video-category\/video\/\" class=\"aiovg-link-category\">Video<\/a><\/div><\/div>\n               \n\n                    <div class=\"aiovg-excerpt aiovg-hide-if-empty\">&nbsp;<\/div>\n         \n        \n            <\/div>    \n<\/div>            \r\n            <\/div>                \r\n                        \r\n            <div class=\"aiovg-item-video aiovg-item-video-5243 aiovg-col aiovg-col-4 aiovg-col-sm-3 aiovg-col-xs-2\" data-id=\"5243\">\r\n                \n<div class=\"aiovg-thumbnail aiovg-thumbnail-style-image-top\">\n    <a href=\"https:\/\/retalhos.net\/mybag\/aiovg_videos\/varios-paises-pedem-ao-fbi-e-interpol-a-prisao-de-lula-e-dilma\/\" class=\"aiovg-responsive-container\" style=\"padding-bottom: 56.25%;\"><img decoding=\"async\" src=\"https:\/\/img.youtube.com\/vi\/OM5WsKR4ApA\/mqdefault.jpg\" alt=\"V\u00e1rios pa\u00edses pedem ao FBI e Interpol a pris\u00e3o de Lula e Dilma\" class=\"aiovg-responsive-element\"\/><svg xmlns=\"http:\/\/www.w3.org\/2000\/svg\" fill=\"white\" width=\"40\" height=\"40\" viewBox=\"0 0 24 24\" class=\"aiovg-svg-icon-play aiovg-flex-shrink-0\">\n            <path fill-rule=\"evenodd\" d=\"M2.25 12c0-5.385 4.365-9.75 9.75-9.75s9.75 4.365 9.75 9.75-4.365 9.75-9.75 9.75S2.25 17.385 2.25 12Zm14.024-.983a1.125 1.125 0 0 1 0 1.966l-5.603 3.113A1.125 1.125 0 0 1 9 15.113V8.887c0-.857.921-1.4 1.671-.983l5.603 3.113Z\" clip-rule=\"evenodd\" \/>\n        <\/svg><\/a> \n    <div class=\"aiovg-caption\">\n                    <div class=\"aiovg-title\">\n                <a href=\"https:\/\/retalhos.net\/mybag\/aiovg_videos\/varios-paises-pedem-ao-fbi-e-interpol-a-prisao-de-lula-e-dilma\/\" class=\"aiovg-link-title\">V\u00e1rios pa\u00edses pedem ao FBI e Interpol a pris\u00e3o de Lula e Dilma<\/a>            <\/div>\n        \n        \n        <div class=\"aiovg-meta aiovg-flex aiovg-flex-wrap aiovg-gap-1 aiovg-items-center aiovg-text-small\"><div class=\"aiovg-views aiovg-flex aiovg-gap-1 aiovg-items-center\"><svg xmlns=\"http:\/\/www.w3.org\/2000\/svg\" fill=\"none\" width=\"16\" height=\"16\" viewBox=\"0 0 24 24\" stroke-width=\"1.5\" stroke=\"currentColor\" class=\"aiovg-flex-shrink-0\">\n                <path stroke-linecap=\"round\" stroke-linejoin=\"round\" d=\"M2.036 12.322a1.012 1.012 0 0 1 0-.639C3.423 7.51 7.36 4.5 12 4.5c4.638 0 8.573 3.007 9.963 7.178.07.207.07.431 0 .639C20.577 16.49 16.64 19.5 12 19.5c-4.638 0-8.573-3.007-9.963-7.178Z\" \/>\n                <path stroke-linecap=\"round\" stroke-linejoin=\"round\" d=\"M15 12a3 3 0 1 1-6 0 3 3 0 0 1 6 0Z\" \/>\n            <\/svg><span class=\"aiovg-views-count\">4<\/span><span class=\"aiovg-views-label\">views<\/span><\/div><\/div>       \n        \n        <div class=\"aiovg-category aiovg-flex aiovg-flex-wrap aiovg-gap-1 aiovg-items-center aiovg-text-small\"><svg xmlns=\"http:\/\/www.w3.org\/2000\/svg\" fill=\"none\" width=\"16\" height=\"16\" viewBox=\"0 0 24 24\" stroke-width=\"1.5\" stroke=\"currentColor\" class=\"aiovg-flex-shrink-0\">\n                    <path stroke-linecap=\"round\" stroke-linejoin=\"round\" d=\"M3.75 9.776c.112-.017.227-.026.344-.026h15.812c.117 0 .232.009.344.026m-16.5 0a2.25 2.25 0 0 0-1.883 2.542l.857 6a2.25 2.25 0 0 0 2.227 1.932H19.05a2.25 2.25 0 0 0 2.227-1.932l.857-6a2.25 2.25 0 0 0-1.883-2.542m-16.5 0V6A2.25 2.25 0 0 1 6 3.75h3.879a1.5 1.5 0 0 1 1.06.44l2.122 2.12a1.5 1.5 0 0 0 1.06.44H18A2.25 2.25 0 0 1 20.25 9v.776\" \/>\n                <\/svg><div class=\"aiovg-item-category\"><a href=\"https:\/\/retalhos.net\/mybag\/video-category\/bonnie-und-clyde\/\" class=\"aiovg-link-category\">Bonnie und Clyde<\/a><\/div><\/div>\n               \n\n                    <div class=\"aiovg-excerpt aiovg-hide-if-empty\"><\/div>\n         \n        \n            <\/div>    \n<\/div>            \r\n            <\/div>                \r\n                <\/div>\r\n    \r\n    <\/div>\n<p>&nbsp;<\/p>\n","protected":false},"excerpt":{"rendered":"<p>&nbsp;<\/p>\n","protected":false},"author":2,"featured_media":5249,"parent":5493,"menu_order":2,"comment_status":"closed","ping_status":"closed","template":"","meta":{"om_disable_all_campaigns":false,"footnotes":""},"class_list":["post-4146","page","type-page","status-publish","has-post-thumbnail","hentry"],"_links":{"self":[{"href":"https:\/\/retalhos.net\/mybag\/wp-json\/wp\/v2\/pages\/4146","targetHints":{"allow":["GET"]}}],"collection":[{"href":"https:\/\/retalhos.net\/mybag\/wp-json\/wp\/v2\/pages"}],"about":[{"href":"https:\/\/retalhos.net\/mybag\/wp-json\/wp\/v2\/types\/page"}],"author":[{"embeddable":true,"href":"https:\/\/retalhos.net\/mybag\/wp-json\/wp\/v2\/users\/2"}],"replies":[{"embeddable":true,"href":"https:\/\/retalhos.net\/mybag\/wp-json\/wp\/v2\/comments?post=4146"}],"version-history":[{"count":10,"href":"https:\/\/retalhos.net\/mybag\/wp-json\/wp\/v2\/pages\/4146\/revisions"}],"predecessor-version":[{"id":5254,"href":"https:\/\/retalhos.net\/mybag\/wp-json\/wp\/v2\/pages\/4146\/revisions\/5254"}],"up":[{"embeddable":true,"href":"https:\/\/retalhos.net\/mybag\/wp-json\/wp\/v2\/pages\/5493"}],"wp:featuredmedia":[{"embeddable":true,"href":"https:\/\/retalhos.net\/mybag\/wp-json\/wp\/v2\/media\/5249"}],"wp:attachment":[{"href":"https:\/\/retalhos.net\/mybag\/wp-json\/wp\/v2\/media?parent=4146"}],"curies":[{"name":"wp","href":"https:\/\/api.w.org\/{rel}","templated":true}]}}