{"id":4154,"date":"2022-01-17T18:27:00","date_gmt":"2022-01-17T21:27:00","guid":{"rendered":"http:\/\/retalhos.net\/mybag\/?page_id=4154"},"modified":"2022-06-05T20:58:57","modified_gmt":"2022-06-05T23:58:57","slug":"protestos","status":"publish","type":"page","link":"https:\/\/retalhos.net\/mybag\/republica\/protestos\/","title":{"rendered":"Protestos"},"content":{"rendered":"<hr \/>\n\r\n<div id=\"aiovg-69da08b9590cb1\" class=\"aiovg aiovg-videos aiovg-videos-template-classic\">\r\n        \r\n    <!-- Videos -->\r\n    <div class=\"aiovg-section-videos aiovg-grid aiovg-row\">   \r\n                    \r\n            <div class=\"aiovg-item-video aiovg-item-video-5300 aiovg-col aiovg-col-4 aiovg-col-sm-3 aiovg-col-xs-2\" data-id=\"5300\">\r\n                \n<div class=\"aiovg-thumbnail aiovg-thumbnail-style-image-top\">\n    <a href=\"https:\/\/retalhos.net\/mybag\/aiovg_videos\/09-04-17-nova-lei-da-imigracao-a-ser-votada-a-qualquer-dia-pelo-senado\/\" class=\"aiovg-responsive-container\" style=\"padding-bottom: 56.25%;\"><img decoding=\"async\" src=\"https:\/\/img.youtube.com\/vi\/TszuuVpSrDw\/mqdefault.jpg\" alt=\"Nova lei da imigra\u00e7\u00e3o a ser votada a qualquer dia pelo Senado.\" class=\"aiovg-responsive-element\"\/><svg xmlns=\"http:\/\/www.w3.org\/2000\/svg\" fill=\"white\" width=\"40\" height=\"40\" viewBox=\"0 0 24 24\" class=\"aiovg-svg-icon-play aiovg-flex-shrink-0\">\n            <path fill-rule=\"evenodd\" d=\"M2.25 12c0-5.385 4.365-9.75 9.75-9.75s9.75 4.365 9.75 9.75-4.365 9.75-9.75 9.75S2.25 17.385 2.25 12Zm14.024-.983a1.125 1.125 0 0 1 0 1.966l-5.603 3.113A1.125 1.125 0 0 1 9 15.113V8.887c0-.857.921-1.4 1.671-.983l5.603 3.113Z\" clip-rule=\"evenodd\" \/>\n        <\/svg><\/a> \n    <div class=\"aiovg-caption\">\n                    <div class=\"aiovg-title\">\n                <a href=\"https:\/\/retalhos.net\/mybag\/aiovg_videos\/09-04-17-nova-lei-da-imigracao-a-ser-votada-a-qualquer-dia-pelo-senado\/\" class=\"aiovg-link-title\">Nova lei da imigra\u00e7\u00e3o a ser votada a qualquer dia pelo Senado.<\/a>            <\/div>\n        \n        \n        <div class=\"aiovg-meta aiovg-flex aiovg-flex-wrap aiovg-gap-1 aiovg-items-center aiovg-text-small\"><div class=\"aiovg-views aiovg-flex aiovg-gap-1 aiovg-items-center\"><svg xmlns=\"http:\/\/www.w3.org\/2000\/svg\" fill=\"none\" width=\"16\" height=\"16\" viewBox=\"0 0 24 24\" stroke-width=\"1.5\" stroke=\"currentColor\" class=\"aiovg-flex-shrink-0\">\n                <path stroke-linecap=\"round\" stroke-linejoin=\"round\" d=\"M2.036 12.322a1.012 1.012 0 0 1 0-.639C3.423 7.51 7.36 4.5 12 4.5c4.638 0 8.573 3.007 9.963 7.178.07.207.07.431 0 .639C20.577 16.49 16.64 19.5 12 19.5c-4.638 0-8.573-3.007-9.963-7.178Z\" \/>\n                <path stroke-linecap=\"round\" stroke-linejoin=\"round\" d=\"M15 12a3 3 0 1 1-6 0 3 3 0 0 1 6 0Z\" \/>\n            <\/svg><span class=\"aiovg-views-count\">3<\/span><span class=\"aiovg-views-label\">views<\/span><\/div><\/div>       \n        \n        <div class=\"aiovg-category aiovg-flex aiovg-flex-wrap aiovg-gap-1 aiovg-items-center aiovg-text-small\"><svg xmlns=\"http:\/\/www.w3.org\/2000\/svg\" fill=\"none\" width=\"16\" height=\"16\" viewBox=\"0 0 24 24\" stroke-width=\"1.5\" stroke=\"currentColor\" class=\"aiovg-flex-shrink-0\">\n                    <path stroke-linecap=\"round\" stroke-linejoin=\"round\" d=\"M3.75 9.776c.112-.017.227-.026.344-.026h15.812c.117 0 .232.009.344.026m-16.5 0a2.25 2.25 0 0 0-1.883 2.542l.857 6a2.25 2.25 0 0 0 2.227 1.932H19.05a2.25 2.25 0 0 0 2.227-1.932l.857-6a2.25 2.25 0 0 0-1.883-2.542m-16.5 0V6A2.25 2.25 0 0 1 6 3.75h3.879a1.5 1.5 0 0 1 1.06.44l2.122 2.12a1.5 1.5 0 0 0 1.06.44H18A2.25 2.25 0 0 1 20.25 9v.776\" \/>\n                <\/svg><div class=\"aiovg-item-category\"><a href=\"https:\/\/retalhos.net\/mybag\/video-category\/protestos\/\" class=\"aiovg-link-category\">Protestos<\/a><\/div><\/div>\n               \n\n                    <div class=\"aiovg-excerpt aiovg-hide-if-empty\"><\/div>\n         \n        \n            <\/div>    \n<\/div>            \r\n            <\/div>                \r\n                        \r\n            <div class=\"aiovg-item-video aiovg-item-video-5301 aiovg-col aiovg-col-4 aiovg-col-sm-3 aiovg-col-xs-2\" data-id=\"5301\">\r\n                \n<div class=\"aiovg-thumbnail aiovg-thumbnail-style-image-top\">\n    <a href=\"https:\/\/retalhos.net\/mybag\/aiovg_videos\/delegado-da-pf-se-eleitor-nao-reeleger-parlamentares-eles-perdem-foro-privilegiado\/\" class=\"aiovg-responsive-container\" style=\"padding-bottom: 56.25%;\"><img decoding=\"async\" src=\"https:\/\/img.youtube.com\/vi\/Tn0-y1SrbH0\/mqdefault.jpg\" alt=\"Delegado da PF: &quot;Se eleitor n\u00e3o reeleger parlamentares, eles perdem foro privilegiado&quot;\" class=\"aiovg-responsive-element\"\/><svg xmlns=\"http:\/\/www.w3.org\/2000\/svg\" fill=\"white\" width=\"40\" height=\"40\" viewBox=\"0 0 24 24\" class=\"aiovg-svg-icon-play aiovg-flex-shrink-0\">\n            <path fill-rule=\"evenodd\" d=\"M2.25 12c0-5.385 4.365-9.75 9.75-9.75s9.75 4.365 9.75 9.75-4.365 9.75-9.75 9.75S2.25 17.385 2.25 12Zm14.024-.983a1.125 1.125 0 0 1 0 1.966l-5.603 3.113A1.125 1.125 0 0 1 9 15.113V8.887c0-.857.921-1.4 1.671-.983l5.603 3.113Z\" clip-rule=\"evenodd\" \/>\n        <\/svg><\/a> \n    <div class=\"aiovg-caption\">\n                    <div class=\"aiovg-title\">\n                <a href=\"https:\/\/retalhos.net\/mybag\/aiovg_videos\/delegado-da-pf-se-eleitor-nao-reeleger-parlamentares-eles-perdem-foro-privilegiado\/\" class=\"aiovg-link-title\">Delegado da PF: &#8220;Se eleitor n\u00e3o reeleger parlamentares, eles perdem foro privilegiado&#8221;<\/a>            <\/div>\n        \n        \n        <div class=\"aiovg-meta aiovg-flex aiovg-flex-wrap aiovg-gap-1 aiovg-items-center aiovg-text-small\"><div class=\"aiovg-views aiovg-flex aiovg-gap-1 aiovg-items-center\"><svg xmlns=\"http:\/\/www.w3.org\/2000\/svg\" fill=\"none\" width=\"16\" height=\"16\" viewBox=\"0 0 24 24\" stroke-width=\"1.5\" stroke=\"currentColor\" class=\"aiovg-flex-shrink-0\">\n                <path stroke-linecap=\"round\" stroke-linejoin=\"round\" d=\"M2.036 12.322a1.012 1.012 0 0 1 0-.639C3.423 7.51 7.36 4.5 12 4.5c4.638 0 8.573 3.007 9.963 7.178.07.207.07.431 0 .639C20.577 16.49 16.64 19.5 12 19.5c-4.638 0-8.573-3.007-9.963-7.178Z\" \/>\n                <path stroke-linecap=\"round\" stroke-linejoin=\"round\" d=\"M15 12a3 3 0 1 1-6 0 3 3 0 0 1 6 0Z\" \/>\n            <\/svg><span class=\"aiovg-views-count\">2<\/span><span class=\"aiovg-views-label\">views<\/span><\/div><\/div>       \n        \n        <div class=\"aiovg-category aiovg-flex aiovg-flex-wrap aiovg-gap-1 aiovg-items-center aiovg-text-small\"><svg xmlns=\"http:\/\/www.w3.org\/2000\/svg\" fill=\"none\" width=\"16\" height=\"16\" viewBox=\"0 0 24 24\" stroke-width=\"1.5\" stroke=\"currentColor\" class=\"aiovg-flex-shrink-0\">\n                    <path stroke-linecap=\"round\" stroke-linejoin=\"round\" d=\"M3.75 9.776c.112-.017.227-.026.344-.026h15.812c.117 0 .232.009.344.026m-16.5 0a2.25 2.25 0 0 0-1.883 2.542l.857 6a2.25 2.25 0 0 0 2.227 1.932H19.05a2.25 2.25 0 0 0 2.227-1.932l.857-6a2.25 2.25 0 0 0-1.883-2.542m-16.5 0V6A2.25 2.25 0 0 1 6 3.75h3.879a1.5 1.5 0 0 1 1.06.44l2.122 2.12a1.5 1.5 0 0 0 1.06.44H18A2.25 2.25 0 0 1 20.25 9v.776\" \/>\n                <\/svg><div class=\"aiovg-item-category\"><a href=\"https:\/\/retalhos.net\/mybag\/video-category\/protestos\/\" class=\"aiovg-link-category\">Protestos<\/a><\/div><\/div>\n               \n\n                    <div class=\"aiovg-excerpt aiovg-hide-if-empty\"><\/div>\n         \n        \n            <\/div>    \n<\/div>            \r\n            <\/div>                \r\n                        \r\n            <div class=\"aiovg-item-video aiovg-item-video-5299 aiovg-col aiovg-col-4 aiovg-col-sm-3 aiovg-col-xs-2\" data-id=\"5299\">\r\n                \n<div class=\"aiovg-thumbnail aiovg-thumbnail-style-image-top\">\n    <a href=\"https:\/\/retalhos.net\/mybag\/aiovg_videos\/cidadao-se-revolta-com-meia-duzia-de-militantes-travando-o-transito\/\" class=\"aiovg-responsive-container\" style=\"padding-bottom: 56.25%;\"><img decoding=\"async\" src=\"https:\/\/img.youtube.com\/vi\/xdQzj-X7Msw\/mqdefault.jpg\" alt=\"Cidad\u00e3o se revolta com &#039;meia d\u00fazia&#039; de militantes travando o tr\u00e2nsito\" class=\"aiovg-responsive-element\"\/><svg xmlns=\"http:\/\/www.w3.org\/2000\/svg\" fill=\"white\" width=\"40\" height=\"40\" viewBox=\"0 0 24 24\" class=\"aiovg-svg-icon-play aiovg-flex-shrink-0\">\n            <path fill-rule=\"evenodd\" d=\"M2.25 12c0-5.385 4.365-9.75 9.75-9.75s9.75 4.365 9.75 9.75-4.365 9.75-9.75 9.75S2.25 17.385 2.25 12Zm14.024-.983a1.125 1.125 0 0 1 0 1.966l-5.603 3.113A1.125 1.125 0 0 1 9 15.113V8.887c0-.857.921-1.4 1.671-.983l5.603 3.113Z\" clip-rule=\"evenodd\" \/>\n        <\/svg><\/a> \n    <div class=\"aiovg-caption\">\n                    <div class=\"aiovg-title\">\n                <a href=\"https:\/\/retalhos.net\/mybag\/aiovg_videos\/cidadao-se-revolta-com-meia-duzia-de-militantes-travando-o-transito\/\" class=\"aiovg-link-title\">Cidad\u00e3o se revolta com &#8216;meia d\u00fazia&#8217; de militantes travando o tr\u00e2nsito<\/a>            <\/div>\n        \n        \n        <div class=\"aiovg-meta aiovg-flex aiovg-flex-wrap aiovg-gap-1 aiovg-items-center aiovg-text-small\"><div class=\"aiovg-views aiovg-flex aiovg-gap-1 aiovg-items-center\"><svg xmlns=\"http:\/\/www.w3.org\/2000\/svg\" fill=\"none\" width=\"16\" height=\"16\" viewBox=\"0 0 24 24\" stroke-width=\"1.5\" stroke=\"currentColor\" class=\"aiovg-flex-shrink-0\">\n                <path stroke-linecap=\"round\" stroke-linejoin=\"round\" d=\"M2.036 12.322a1.012 1.012 0 0 1 0-.639C3.423 7.51 7.36 4.5 12 4.5c4.638 0 8.573 3.007 9.963 7.178.07.207.07.431 0 .639C20.577 16.49 16.64 19.5 12 19.5c-4.638 0-8.573-3.007-9.963-7.178Z\" \/>\n                <path stroke-linecap=\"round\" stroke-linejoin=\"round\" d=\"M15 12a3 3 0 1 1-6 0 3 3 0 0 1 6 0Z\" \/>\n            <\/svg><span class=\"aiovg-views-count\">4<\/span><span class=\"aiovg-views-label\">views<\/span><\/div><\/div>       \n        \n        <div class=\"aiovg-category aiovg-flex aiovg-flex-wrap aiovg-gap-1 aiovg-items-center aiovg-text-small\"><svg xmlns=\"http:\/\/www.w3.org\/2000\/svg\" fill=\"none\" width=\"16\" height=\"16\" viewBox=\"0 0 24 24\" stroke-width=\"1.5\" stroke=\"currentColor\" class=\"aiovg-flex-shrink-0\">\n                    <path stroke-linecap=\"round\" stroke-linejoin=\"round\" d=\"M3.75 9.776c.112-.017.227-.026.344-.026h15.812c.117 0 .232.009.344.026m-16.5 0a2.25 2.25 0 0 0-1.883 2.542l.857 6a2.25 2.25 0 0 0 2.227 1.932H19.05a2.25 2.25 0 0 0 2.227-1.932l.857-6a2.25 2.25 0 0 0-1.883-2.542m-16.5 0V6A2.25 2.25 0 0 1 6 3.75h3.879a1.5 1.5 0 0 1 1.06.44l2.122 2.12a1.5 1.5 0 0 0 1.06.44H18A2.25 2.25 0 0 1 20.25 9v.776\" \/>\n                <\/svg><div class=\"aiovg-item-category\"><a href=\"https:\/\/retalhos.net\/mybag\/video-category\/protestos\/\" class=\"aiovg-link-category\">Protestos<\/a><\/div><\/div>\n               \n\n                    <div class=\"aiovg-excerpt aiovg-hide-if-empty\">&nbsp;<\/div>\n         \n        \n            <\/div>    \n<\/div>            \r\n            <\/div>                \r\n                <\/div>\r\n    \r\n    <\/div>\n<p>&nbsp;<\/p>\n<p>&nbsp;<\/p>\n","protected":false},"excerpt":{"rendered":"<p>&nbsp; &nbsp;<\/p>\n","protected":false},"author":2,"featured_media":5666,"parent":5493,"menu_order":13,"comment_status":"closed","ping_status":"closed","template":"","meta":{"om_disable_all_campaigns":false,"footnotes":""},"class_list":["post-4154","page","type-page","status-publish","has-post-thumbnail","hentry"],"_links":{"self":[{"href":"https:\/\/retalhos.net\/mybag\/wp-json\/wp\/v2\/pages\/4154","targetHints":{"allow":["GET"]}}],"collection":[{"href":"https:\/\/retalhos.net\/mybag\/wp-json\/wp\/v2\/pages"}],"about":[{"href":"https:\/\/retalhos.net\/mybag\/wp-json\/wp\/v2\/types\/page"}],"author":[{"embeddable":true,"href":"https:\/\/retalhos.net\/mybag\/wp-json\/wp\/v2\/users\/2"}],"replies":[{"embeddable":true,"href":"https:\/\/retalhos.net\/mybag\/wp-json\/wp\/v2\/comments?post=4154"}],"version-history":[{"count":9,"href":"https:\/\/retalhos.net\/mybag\/wp-json\/wp\/v2\/pages\/4154\/revisions"}],"predecessor-version":[{"id":5399,"href":"https:\/\/retalhos.net\/mybag\/wp-json\/wp\/v2\/pages\/4154\/revisions\/5399"}],"up":[{"embeddable":true,"href":"https:\/\/retalhos.net\/mybag\/wp-json\/wp\/v2\/pages\/5493"}],"wp:featuredmedia":[{"embeddable":true,"href":"https:\/\/retalhos.net\/mybag\/wp-json\/wp\/v2\/media\/5666"}],"wp:attachment":[{"href":"https:\/\/retalhos.net\/mybag\/wp-json\/wp\/v2\/media?parent=4154"}],"curies":[{"name":"wp","href":"https:\/\/api.w.org\/{rel}","templated":true}]}}