{"id":4163,"date":"2022-01-17T18:30:35","date_gmt":"2022-01-17T21:30:35","guid":{"rendered":"http:\/\/retalhos.net\/mybag\/?page_id=4163"},"modified":"2022-06-05T19:02:25","modified_gmt":"2022-06-05T22:02:25","slug":"delacoes","status":"publish","type":"page","link":"https:\/\/retalhos.net\/mybag\/republica\/delacoes\/","title":{"rendered":"Dela\u00e7\u00f5es"},"content":{"rendered":"\r\n<div id=\"aiovg-69da075389be81\" class=\"aiovg aiovg-videos aiovg-videos-template-classic\">\r\n        \r\n    <!-- Videos -->\r\n    <div class=\"aiovg-section-videos aiovg-grid aiovg-row\">   \r\n                    \r\n            <div class=\"aiovg-item-video aiovg-item-video-5368 aiovg-col aiovg-col-4 aiovg-col-sm-3 aiovg-col-xs-2\" data-id=\"5368\">\r\n                \n<div class=\"aiovg-thumbnail aiovg-thumbnail-style-image-top\">\n    <a href=\"https:\/\/retalhos.net\/mybag\/aiovg_videos\/a-cagada-de-dilma-lula-atingido-em-cheio-por-delacao-de-joao-santana-e-monica-moura\/\" class=\"aiovg-responsive-container\" style=\"padding-bottom: 56.25%;\"><img decoding=\"async\" src=\"https:\/\/img.youtube.com\/vi\/kWxagzZcerE\/maxresdefault.jpg\" alt=\"A cagada de Dilma, LULA atingido em cheio por dela\u00e7\u00e3o de Jo\u00e3o Santana e M\u00f4nica Moura.\" class=\"aiovg-responsive-element\"\/><svg xmlns=\"http:\/\/www.w3.org\/2000\/svg\" fill=\"white\" width=\"40\" height=\"40\" viewBox=\"0 0 24 24\" class=\"aiovg-svg-icon-play aiovg-flex-shrink-0\">\n            <path fill-rule=\"evenodd\" d=\"M2.25 12c0-5.385 4.365-9.75 9.75-9.75s9.75 4.365 9.75 9.75-4.365 9.75-9.75 9.75S2.25 17.385 2.25 12Zm14.024-.983a1.125 1.125 0 0 1 0 1.966l-5.603 3.113A1.125 1.125 0 0 1 9 15.113V8.887c0-.857.921-1.4 1.671-.983l5.603 3.113Z\" clip-rule=\"evenodd\" \/>\n        <\/svg><\/a> \n    <div class=\"aiovg-caption\">\n                    <div class=\"aiovg-title\">\n                <a href=\"https:\/\/retalhos.net\/mybag\/aiovg_videos\/a-cagada-de-dilma-lula-atingido-em-cheio-por-delacao-de-joao-santana-e-monica-moura\/\" class=\"aiovg-link-title\">A cagada de Dilma, LULA atingido em cheio por dela\u00e7\u00e3o de Jo\u00e3o Santana e M\u00f4nica Moura.<\/a>            <\/div>\n        \n        \n        <div class=\"aiovg-meta aiovg-flex aiovg-flex-wrap aiovg-gap-1 aiovg-items-center aiovg-text-small\"><div class=\"aiovg-views aiovg-flex aiovg-gap-1 aiovg-items-center\"><svg xmlns=\"http:\/\/www.w3.org\/2000\/svg\" fill=\"none\" width=\"16\" height=\"16\" viewBox=\"0 0 24 24\" stroke-width=\"1.5\" stroke=\"currentColor\" class=\"aiovg-flex-shrink-0\">\n                <path stroke-linecap=\"round\" stroke-linejoin=\"round\" d=\"M2.036 12.322a1.012 1.012 0 0 1 0-.639C3.423 7.51 7.36 4.5 12 4.5c4.638 0 8.573 3.007 9.963 7.178.07.207.07.431 0 .639C20.577 16.49 16.64 19.5 12 19.5c-4.638 0-8.573-3.007-9.963-7.178Z\" \/>\n                <path stroke-linecap=\"round\" stroke-linejoin=\"round\" d=\"M15 12a3 3 0 1 1-6 0 3 3 0 0 1 6 0Z\" \/>\n            <\/svg><span class=\"aiovg-views-count\">0<\/span><span class=\"aiovg-views-label\">views<\/span><\/div><\/div>       \n        \n        <div class=\"aiovg-category aiovg-flex aiovg-flex-wrap aiovg-gap-1 aiovg-items-center aiovg-text-small\"><svg xmlns=\"http:\/\/www.w3.org\/2000\/svg\" fill=\"none\" width=\"16\" height=\"16\" viewBox=\"0 0 24 24\" stroke-width=\"1.5\" stroke=\"currentColor\" class=\"aiovg-flex-shrink-0\">\n                    <path stroke-linecap=\"round\" stroke-linejoin=\"round\" d=\"M3.75 9.776c.112-.017.227-.026.344-.026h15.812c.117 0 .232.009.344.026m-16.5 0a2.25 2.25 0 0 0-1.883 2.542l.857 6a2.25 2.25 0 0 0 2.227 1.932H19.05a2.25 2.25 0 0 0 2.227-1.932l.857-6a2.25 2.25 0 0 0-1.883-2.542m-16.5 0V6A2.25 2.25 0 0 1 6 3.75h3.879a1.5 1.5 0 0 1 1.06.44l2.122 2.12a1.5 1.5 0 0 0 1.06.44H18A2.25 2.25 0 0 1 20.25 9v.776\" \/>\n                <\/svg><div class=\"aiovg-item-category\"><a href=\"https:\/\/retalhos.net\/mybag\/video-category\/delacoes\/\" class=\"aiovg-link-category\">Dela\u00e7\u00f5es<\/a><\/div><\/div>\n               \n\n                    <div class=\"aiovg-excerpt aiovg-hide-if-empty\"><\/div>\n         \n        \n            <\/div>    \n<\/div>            \r\n            <\/div>                \r\n                        \r\n            <div class=\"aiovg-item-video aiovg-item-video-5367 aiovg-col aiovg-col-4 aiovg-col-sm-3 aiovg-col-xs-2\" data-id=\"5367\">\r\n                \n<div class=\"aiovg-thumbnail aiovg-thumbnail-style-image-top\">\n    <a href=\"https:\/\/retalhos.net\/mybag\/aiovg_videos\/emilio-odebrecht-detonando-lula-e-luleco-em-delacao-premiada\/\" class=\"aiovg-responsive-container\" style=\"padding-bottom: 56.25%;\"><img decoding=\"async\" src=\"https:\/\/img.youtube.com\/vi\/2qHkdGrWXkI\/mqdefault.jpg\" alt=\"EM\u00cdLIO ODEBRECHT DETONANDO LULA E LULECO EM DELA\u00c7\u00c3O PREMIADA\" class=\"aiovg-responsive-element\"\/><svg xmlns=\"http:\/\/www.w3.org\/2000\/svg\" fill=\"white\" width=\"40\" height=\"40\" viewBox=\"0 0 24 24\" class=\"aiovg-svg-icon-play aiovg-flex-shrink-0\">\n            <path fill-rule=\"evenodd\" d=\"M2.25 12c0-5.385 4.365-9.75 9.75-9.75s9.75 4.365 9.75 9.75-4.365 9.75-9.75 9.75S2.25 17.385 2.25 12Zm14.024-.983a1.125 1.125 0 0 1 0 1.966l-5.603 3.113A1.125 1.125 0 0 1 9 15.113V8.887c0-.857.921-1.4 1.671-.983l5.603 3.113Z\" clip-rule=\"evenodd\" \/>\n        <\/svg><\/a> \n    <div class=\"aiovg-caption\">\n                    <div class=\"aiovg-title\">\n                <a href=\"https:\/\/retalhos.net\/mybag\/aiovg_videos\/emilio-odebrecht-detonando-lula-e-luleco-em-delacao-premiada\/\" class=\"aiovg-link-title\">EM\u00cdLIO ODEBRECHT DETONANDO LULA E LULECO EM DELA\u00c7\u00c3O PREMIADA<\/a>            <\/div>\n        \n        \n        <div class=\"aiovg-meta aiovg-flex aiovg-flex-wrap aiovg-gap-1 aiovg-items-center aiovg-text-small\"><div class=\"aiovg-views aiovg-flex aiovg-gap-1 aiovg-items-center\"><svg xmlns=\"http:\/\/www.w3.org\/2000\/svg\" fill=\"none\" width=\"16\" height=\"16\" viewBox=\"0 0 24 24\" stroke-width=\"1.5\" stroke=\"currentColor\" class=\"aiovg-flex-shrink-0\">\n                <path stroke-linecap=\"round\" stroke-linejoin=\"round\" d=\"M2.036 12.322a1.012 1.012 0 0 1 0-.639C3.423 7.51 7.36 4.5 12 4.5c4.638 0 8.573 3.007 9.963 7.178.07.207.07.431 0 .639C20.577 16.49 16.64 19.5 12 19.5c-4.638 0-8.573-3.007-9.963-7.178Z\" \/>\n                <path stroke-linecap=\"round\" stroke-linejoin=\"round\" d=\"M15 12a3 3 0 1 1-6 0 3 3 0 0 1 6 0Z\" \/>\n            <\/svg><span class=\"aiovg-views-count\">3<\/span><span class=\"aiovg-views-label\">views<\/span><\/div><\/div>       \n        \n        <div class=\"aiovg-category aiovg-flex aiovg-flex-wrap aiovg-gap-1 aiovg-items-center aiovg-text-small\"><svg xmlns=\"http:\/\/www.w3.org\/2000\/svg\" fill=\"none\" width=\"16\" height=\"16\" viewBox=\"0 0 24 24\" stroke-width=\"1.5\" stroke=\"currentColor\" class=\"aiovg-flex-shrink-0\">\n                    <path stroke-linecap=\"round\" stroke-linejoin=\"round\" d=\"M3.75 9.776c.112-.017.227-.026.344-.026h15.812c.117 0 .232.009.344.026m-16.5 0a2.25 2.25 0 0 0-1.883 2.542l.857 6a2.25 2.25 0 0 0 2.227 1.932H19.05a2.25 2.25 0 0 0 2.227-1.932l.857-6a2.25 2.25 0 0 0-1.883-2.542m-16.5 0V6A2.25 2.25 0 0 1 6 3.75h3.879a1.5 1.5 0 0 1 1.06.44l2.122 2.12a1.5 1.5 0 0 0 1.06.44H18A2.25 2.25 0 0 1 20.25 9v.776\" \/>\n                <\/svg><div class=\"aiovg-item-category\"><a href=\"https:\/\/retalhos.net\/mybag\/video-category\/delacoes\/\" class=\"aiovg-link-category\">Dela\u00e7\u00f5es<\/a><\/div><\/div>\n               \n\n                    <div class=\"aiovg-excerpt aiovg-hide-if-empty\"><\/div>\n         \n        \n            <\/div>    \n<\/div>            \r\n            <\/div>                \r\n                        \r\n            <div class=\"aiovg-item-video aiovg-item-video-5365 aiovg-col aiovg-col-4 aiovg-col-sm-3 aiovg-col-xs-2\" data-id=\"5365\">\r\n                \n<div class=\"aiovg-thumbnail aiovg-thumbnail-style-image-top\">\n    <a href=\"https:\/\/retalhos.net\/mybag\/aiovg_videos\/patriarca-da-odebrecht-enterra-lula-e-acaba-com-seu-discurso-sobre-o-sitio-de-atibaia-2\/\" class=\"aiovg-responsive-container\" style=\"padding-bottom: 56.25%;\"><img decoding=\"async\" src=\"https:\/\/img.youtube.com\/vi\/ZXIFMlXkI_0\/mqdefault.jpg\" alt=\"Patriarca da Odebrecht &#039;enterra&#039; Lula e acaba com seu discurso sobre o s\u00edtio de Atibaia (2)\" class=\"aiovg-responsive-element\"\/><svg xmlns=\"http:\/\/www.w3.org\/2000\/svg\" fill=\"white\" width=\"40\" height=\"40\" viewBox=\"0 0 24 24\" class=\"aiovg-svg-icon-play aiovg-flex-shrink-0\">\n            <path fill-rule=\"evenodd\" d=\"M2.25 12c0-5.385 4.365-9.75 9.75-9.75s9.75 4.365 9.75 9.75-4.365 9.75-9.75 9.75S2.25 17.385 2.25 12Zm14.024-.983a1.125 1.125 0 0 1 0 1.966l-5.603 3.113A1.125 1.125 0 0 1 9 15.113V8.887c0-.857.921-1.4 1.671-.983l5.603 3.113Z\" clip-rule=\"evenodd\" \/>\n        <\/svg><\/a> \n    <div class=\"aiovg-caption\">\n                    <div class=\"aiovg-title\">\n                <a href=\"https:\/\/retalhos.net\/mybag\/aiovg_videos\/patriarca-da-odebrecht-enterra-lula-e-acaba-com-seu-discurso-sobre-o-sitio-de-atibaia-2\/\" class=\"aiovg-link-title\">Patriarca da Odebrecht &#8216;enterra&#8217; Lula e acaba com seu discurso sobre o s\u00edtio de Atibaia (2)<\/a>            <\/div>\n        \n        \n        <div class=\"aiovg-meta aiovg-flex aiovg-flex-wrap aiovg-gap-1 aiovg-items-center aiovg-text-small\"><div class=\"aiovg-views aiovg-flex aiovg-gap-1 aiovg-items-center\"><svg xmlns=\"http:\/\/www.w3.org\/2000\/svg\" fill=\"none\" width=\"16\" height=\"16\" viewBox=\"0 0 24 24\" stroke-width=\"1.5\" stroke=\"currentColor\" class=\"aiovg-flex-shrink-0\">\n                <path stroke-linecap=\"round\" stroke-linejoin=\"round\" d=\"M2.036 12.322a1.012 1.012 0 0 1 0-.639C3.423 7.51 7.36 4.5 12 4.5c4.638 0 8.573 3.007 9.963 7.178.07.207.07.431 0 .639C20.577 16.49 16.64 19.5 12 19.5c-4.638 0-8.573-3.007-9.963-7.178Z\" \/>\n                <path stroke-linecap=\"round\" stroke-linejoin=\"round\" d=\"M15 12a3 3 0 1 1-6 0 3 3 0 0 1 6 0Z\" \/>\n            <\/svg><span class=\"aiovg-views-count\">0<\/span><span class=\"aiovg-views-label\">views<\/span><\/div><\/div>       \n        \n        <div class=\"aiovg-category aiovg-flex aiovg-flex-wrap aiovg-gap-1 aiovg-items-center aiovg-text-small\"><svg xmlns=\"http:\/\/www.w3.org\/2000\/svg\" fill=\"none\" width=\"16\" height=\"16\" viewBox=\"0 0 24 24\" stroke-width=\"1.5\" stroke=\"currentColor\" class=\"aiovg-flex-shrink-0\">\n                    <path stroke-linecap=\"round\" stroke-linejoin=\"round\" d=\"M3.75 9.776c.112-.017.227-.026.344-.026h15.812c.117 0 .232.009.344.026m-16.5 0a2.25 2.25 0 0 0-1.883 2.542l.857 6a2.25 2.25 0 0 0 2.227 1.932H19.05a2.25 2.25 0 0 0 2.227-1.932l.857-6a2.25 2.25 0 0 0-1.883-2.542m-16.5 0V6A2.25 2.25 0 0 1 6 3.75h3.879a1.5 1.5 0 0 1 1.06.44l2.122 2.12a1.5 1.5 0 0 0 1.06.44H18A2.25 2.25 0 0 1 20.25 9v.776\" \/>\n                <\/svg><div class=\"aiovg-item-category\"><a href=\"https:\/\/retalhos.net\/mybag\/video-category\/delacoes\/\" class=\"aiovg-link-category\">Dela\u00e7\u00f5es<\/a><\/div><\/div>\n               \n\n                    <div class=\"aiovg-excerpt aiovg-hide-if-empty\"><\/div>\n         \n        \n            <\/div>    \n<\/div>            \r\n            <\/div>                \r\n                        \r\n            <div class=\"aiovg-item-video aiovg-item-video-5364 aiovg-col aiovg-col-4 aiovg-col-sm-3 aiovg-col-xs-2\" data-id=\"5364\">\r\n                \n<div class=\"aiovg-thumbnail aiovg-thumbnail-style-image-top\">\n    <a href=\"https:\/\/retalhos.net\/mybag\/aiovg_videos\/porto-de-mariel-foi-pedido-de-chavez-a-lula-diz-emilio-odebrecht\/\" class=\"aiovg-responsive-container\" style=\"padding-bottom: 56.25%;\"><img decoding=\"async\" src=\"https:\/\/img.youtube.com\/vi\/E40dDgxTvKo\/mqdefault.jpg\" alt=\"Porto de Mariel foi pedido de Ch\u00e1vez a Lula, diz Em\u00edlio Odebrecht\" class=\"aiovg-responsive-element\"\/><svg xmlns=\"http:\/\/www.w3.org\/2000\/svg\" fill=\"white\" width=\"40\" height=\"40\" viewBox=\"0 0 24 24\" class=\"aiovg-svg-icon-play aiovg-flex-shrink-0\">\n            <path fill-rule=\"evenodd\" d=\"M2.25 12c0-5.385 4.365-9.75 9.75-9.75s9.75 4.365 9.75 9.75-4.365 9.75-9.75 9.75S2.25 17.385 2.25 12Zm14.024-.983a1.125 1.125 0 0 1 0 1.966l-5.603 3.113A1.125 1.125 0 0 1 9 15.113V8.887c0-.857.921-1.4 1.671-.983l5.603 3.113Z\" clip-rule=\"evenodd\" \/>\n        <\/svg><\/a> \n    <div class=\"aiovg-caption\">\n                    <div class=\"aiovg-title\">\n                <a href=\"https:\/\/retalhos.net\/mybag\/aiovg_videos\/porto-de-mariel-foi-pedido-de-chavez-a-lula-diz-emilio-odebrecht\/\" class=\"aiovg-link-title\">Porto de Mariel foi pedido de Ch\u00e1vez a Lula, diz Em\u00edlio Odebrecht<\/a>            <\/div>\n        \n        \n        <div class=\"aiovg-meta aiovg-flex aiovg-flex-wrap aiovg-gap-1 aiovg-items-center aiovg-text-small\"><div class=\"aiovg-views aiovg-flex aiovg-gap-1 aiovg-items-center\"><svg xmlns=\"http:\/\/www.w3.org\/2000\/svg\" fill=\"none\" width=\"16\" height=\"16\" viewBox=\"0 0 24 24\" stroke-width=\"1.5\" stroke=\"currentColor\" class=\"aiovg-flex-shrink-0\">\n                <path stroke-linecap=\"round\" stroke-linejoin=\"round\" d=\"M2.036 12.322a1.012 1.012 0 0 1 0-.639C3.423 7.51 7.36 4.5 12 4.5c4.638 0 8.573 3.007 9.963 7.178.07.207.07.431 0 .639C20.577 16.49 16.64 19.5 12 19.5c-4.638 0-8.573-3.007-9.963-7.178Z\" \/>\n                <path stroke-linecap=\"round\" stroke-linejoin=\"round\" d=\"M15 12a3 3 0 1 1-6 0 3 3 0 0 1 6 0Z\" \/>\n            <\/svg><span class=\"aiovg-views-count\">3<\/span><span class=\"aiovg-views-label\">views<\/span><\/div><\/div>       \n        \n        <div class=\"aiovg-category aiovg-flex aiovg-flex-wrap aiovg-gap-1 aiovg-items-center aiovg-text-small\"><svg xmlns=\"http:\/\/www.w3.org\/2000\/svg\" fill=\"none\" width=\"16\" height=\"16\" viewBox=\"0 0 24 24\" stroke-width=\"1.5\" stroke=\"currentColor\" class=\"aiovg-flex-shrink-0\">\n                    <path stroke-linecap=\"round\" stroke-linejoin=\"round\" d=\"M3.75 9.776c.112-.017.227-.026.344-.026h15.812c.117 0 .232.009.344.026m-16.5 0a2.25 2.25 0 0 0-1.883 2.542l.857 6a2.25 2.25 0 0 0 2.227 1.932H19.05a2.25 2.25 0 0 0 2.227-1.932l.857-6a2.25 2.25 0 0 0-1.883-2.542m-16.5 0V6A2.25 2.25 0 0 1 6 3.75h3.879a1.5 1.5 0 0 1 1.06.44l2.122 2.12a1.5 1.5 0 0 0 1.06.44H18A2.25 2.25 0 0 1 20.25 9v.776\" \/>\n                <\/svg><div class=\"aiovg-item-category\"><a href=\"https:\/\/retalhos.net\/mybag\/video-category\/delacoes\/\" class=\"aiovg-link-category\">Dela\u00e7\u00f5es<\/a><\/div><\/div>\n               \n\n                    <div class=\"aiovg-excerpt aiovg-hide-if-empty\"><\/div>\n         \n        \n            <\/div>    \n<\/div>            \r\n            <\/div>                \r\n                <\/div>\r\n    \r\n    <\/div>\n","protected":false},"excerpt":{"rendered":"","protected":false},"author":2,"featured_media":5655,"parent":5493,"menu_order":6,"comment_status":"closed","ping_status":"closed","template":"","meta":{"om_disable_all_campaigns":false,"footnotes":""},"class_list":["post-4163","page","type-page","status-publish","has-post-thumbnail","hentry"],"_links":{"self":[{"href":"https:\/\/retalhos.net\/mybag\/wp-json\/wp\/v2\/pages\/4163","targetHints":{"allow":["GET"]}}],"collection":[{"href":"https:\/\/retalhos.net\/mybag\/wp-json\/wp\/v2\/pages"}],"about":[{"href":"https:\/\/retalhos.net\/mybag\/wp-json\/wp\/v2\/types\/page"}],"author":[{"embeddable":true,"href":"https:\/\/retalhos.net\/mybag\/wp-json\/wp\/v2\/users\/2"}],"replies":[{"embeddable":true,"href":"https:\/\/retalhos.net\/mybag\/wp-json\/wp\/v2\/comments?post=4163"}],"version-history":[{"count":2,"href":"https:\/\/retalhos.net\/mybag\/wp-json\/wp\/v2\/pages\/4163\/revisions"}],"predecessor-version":[{"id":5369,"href":"https:\/\/retalhos.net\/mybag\/wp-json\/wp\/v2\/pages\/4163\/revisions\/5369"}],"up":[{"embeddable":true,"href":"https:\/\/retalhos.net\/mybag\/wp-json\/wp\/v2\/pages\/5493"}],"wp:featuredmedia":[{"embeddable":true,"href":"https:\/\/retalhos.net\/mybag\/wp-json\/wp\/v2\/media\/5655"}],"wp:attachment":[{"href":"https:\/\/retalhos.net\/mybag\/wp-json\/wp\/v2\/media?parent=4163"}],"curies":[{"name":"wp","href":"https:\/\/api.w.org\/{rel}","templated":true}]}}