{"id":4202,"date":"2022-01-17T22:02:52","date_gmt":"2022-01-18T01:02:52","guid":{"rendered":"http:\/\/retalhos.net\/mybag\/?page_id=4202"},"modified":"2022-07-29T18:55:58","modified_gmt":"2022-07-29T21:55:58","slug":"o-menestrel","status":"publish","type":"page","link":"https:\/\/retalhos.net\/mybag\/","title":{"rendered":"O Menestrel"},"content":{"rendered":"<hr \/>\n<p>Depois de algum tempo, voc\u00ea aprende a diferen\u00e7a, a sutil diferen\u00e7a, entre dar a m\u00e3o e acorrentar uma alma.<br \/>\n<!--more--><\/p>\n<div class=\"aiovg-player-container\" style=\"max-width: 540px;\"><aiovg-video class=\"aiovg-player aiovg-player-element aiovg-player-theme-default aiovg-hide-youtube-logo\" style=\"padding-bottom: 56.25%;\" reference_id=\"1\"><video id=\"aiovg-player-1\" style=\"width: 100%; height: 100%\" controls preload=\"metadata\" data-poster=\"https:\/\/retalhos.net\/mybag\/wp-content\/uploads\/2022\/06\/menestrel-wg.png\"><source type=\"video\/mp4\" src=\"http:\/\/retalhos.net\/mybag\/wp-content\/uploads\/2023\/12\/menestrel-legendado.mp4\" size=\"0\" \/><\/video><\/aiovg-video><\/div>\n<hr \/>\n<p>E voc\u00ea aprende que amar n\u00e3o significa apoiar-se, e que companhia nem sempre significa seguran\u00e7a.<br \/>\nE come\u00e7a a aprender que beijos n\u00e3o s\u00e3o contratos e presentes n\u00e3o s\u00e3o promessas<br \/>\nE come\u00e7a a aceitar suas derrotas com a cabe\u00e7a erguida e olhos adiante, com a gra\u00e7a de um adulto e n\u00e3o com a tristeza de uma crian\u00e7a.<\/p>\n<p>E aprende a construir todas as suas estradas no hoje, porque o terreno do amanh\u00e3 \u00e9 incerto demais para os planos, e o futuro tem o costume de cair em meio ao v\u00e3o.<br \/>\nDepois de um tempo voc\u00ea aprende que o sol queima se ficar exposto por muito tempo.<br \/>\nE aprende que n\u00e3o importa o quanto voc\u00ea se importe, algumas pessoas simplesmente n\u00e3o se importam&#8230;<br \/>\nE aceita que n\u00e3o importa qu\u00e3o boa seja uma pessoa, ela vai feri-lo de vez em quando e voc\u00ea precisa perdo\u00e1-la, por isso. Aprende que falar pode aliviar dores emocionais.<\/p>\n<p>Descobre que se levam anos para se construir confian\u00e7a e apenas segundos para destru\u00ed-la, e que voc\u00ea pode fazer coisas em um instante das quais se arrepender\u00e1 pelo resto da vida.<br \/>\nAprende que verdadeiras amizades continuam a crescer mesmo a longas dist\u00e2ncias.<br \/>\nE o que importa n\u00e3o \u00e9 o que voc\u00ea tem na vida, mas quem voc\u00ea tem na vida.<br \/>\nE que bons amigos s\u00e3o a fam\u00edlia que nos permitiram escolher.<br \/>\nAprende que n\u00e3o temos que mudar de amigos se compreendemos que os amigos mudam, percebe que seu melhor amigo e voc\u00ea podem fazer qualquer coisa, ou nada, e terem bons momentos juntos.<\/p>\n<p>Descobre que as pessoas com quem voc\u00ea mais se importa na vida s\u00e3o tomadas de voc\u00ea muito depressa, por isso sempre devemos deixar as pessoas que amamos com palavras amorosas, pode ser a \u00faltima vez que as vejamos.<br \/>\nAprende que as circunst\u00e2ncias e os ambientes tem influ\u00eancia sobre n\u00f3s, mas n\u00f3s somos respons\u00e1veis por n\u00f3s mesmos.<br \/>\nCome\u00e7a a aprender que n\u00e3o se deve comparar com os outros, mas com o melhor que pode ser.<br \/>\nDescobre que se leva muito tempo para se tornar a pessoa que quer ser, e que o tempo \u00e9 curto.<br \/>\nAprende que n\u00e3o importa onde j\u00e1 chegou, mas onde est\u00e1 indo, mas se voc\u00ea n\u00e3o sabe para onde est\u00e1 indo, qualquer lugar serve. Aprende que, ou voc\u00ea controla seus atos ou eles o controlar\u00e3o, e que ser flex\u00edvel n\u00e3o significa ser fraco ou n\u00e3o ter personalidade, pois n\u00e3o importa qu\u00e3o delicada e fr\u00e1gil seja uma situa\u00e7\u00e3o, sempre existem dois lados.<\/p>\n<p>Aprende que her\u00f3is s\u00e3o pessoas que fizeram o que era necess\u00e1rio fazer, enfrentando as conseq\u00fc\u00eancias.<br \/>\nAprende que paci\u00eancia requer muita pr\u00e1tica.<br \/>\nDescobre que algumas vezes a pessoa que voc\u00ea espera que o chute quando voc\u00ea cai \u00e9 uma das poucas que o ajudam a levantar-se.<\/p>\n<p>Aprende que maturidade tem mais a ver com os tipos de experi\u00eancia que se teve e o que voc\u00ea aprendeu com elas do que com quantos anivers\u00e1rios voc\u00ea celebrou.<br \/>\nAprende que h\u00e1 mais dos seus pais em voc\u00ea do que voc\u00ea supunha.<br \/>\nAprende que nunca se deve dizer a uma crian\u00e7a que sonhos s\u00e3o bobagens, poucas coisas s\u00e3o t\u00e3o humilhantes e seria uma trag\u00e9dia se ela acreditasse nisso.<\/p>\n<p>Aprende que quando est\u00e1 com raiva tem o direito de estar com raiva, mas isso n\u00e3o te d\u00e1 o direito de ser cruel.<br \/>\nDescobre que s\u00f3 porque algu\u00e9m n\u00e3o o ama do jeito que voc\u00ea quer que ame, n\u00e3o significa que esse algu\u00e9m n\u00e3o o ama, contudo o que pode, pois existem pessoas que nos amam, mas simplesmente n\u00e3o sabem como demonstrar ou viver isso.<br \/>\nAprende que nem sempre \u00e9 suficiente ser perdoado por algu\u00e9m, algumas vezes voc\u00ea tem que aprender a perdoar-se a si mesmo.<br \/>\nAprende que com a mesma severidade com que julga, voc\u00ea ser\u00e1 em algum momento condenado.<br \/>\nAprende que n\u00e3o importa em quantos peda\u00e7os seu cora\u00e7\u00e3o foi partido, o mundo n\u00e3o p\u00e1ra para que voc\u00ea o conserte.<br \/>\nAprende que o tempo n\u00e3o \u00e9 algo que possa voltar para tr\u00e1s.<\/p>\n<p>Portanto&#8230; plante seu jardim e decore sua alma, ao inv\u00e9s de esperar que algu\u00e9m lhe traga flores.<br \/>\nE voc\u00ea aprende que realmente pode suportar&#8230; que realmente \u00e9 forte, e que pode ir muito mais longe depois de pensar que n\u00e3o se pode mais.<br \/>\nE que realmente a vida tem valor e que voc\u00ea tem valor diante da vida!<\/p>\n<p>William Shakespeare<\/p>\n","protected":false},"excerpt":{"rendered":"<p>Depois de algum tempo, voc\u00ea aprende a diferen\u00e7a, a sutil diferen\u00e7a, entre dar a m\u00e3o e acorrentar uma alma.<\/p>\n","protected":false},"author":2,"featured_media":4429,"parent":5467,"menu_order":2,"comment_status":"closed","ping_status":"closed","template":"","meta":{"om_disable_all_campaigns":false,"footnotes":""},"class_list":["post-4202","page","type-page","status-publish","has-post-thumbnail","hentry"],"_links":{"self":[{"href":"https:\/\/retalhos.net\/mybag\/wp-json\/wp\/v2\/pages\/4202","targetHints":{"allow":["GET"]}}],"collection":[{"href":"https:\/\/retalhos.net\/mybag\/wp-json\/wp\/v2\/pages"}],"about":[{"href":"https:\/\/retalhos.net\/mybag\/wp-json\/wp\/v2\/types\/page"}],"author":[{"embeddable":true,"href":"https:\/\/retalhos.net\/mybag\/wp-json\/wp\/v2\/users\/2"}],"replies":[{"embeddable":true,"href":"https:\/\/retalhos.net\/mybag\/wp-json\/wp\/v2\/comments?post=4202"}],"version-history":[{"count":14,"href":"https:\/\/retalhos.net\/mybag\/wp-json\/wp\/v2\/pages\/4202\/revisions"}],"predecessor-version":[{"id":5823,"href":"https:\/\/retalhos.net\/mybag\/wp-json\/wp\/v2\/pages\/4202\/revisions\/5823"}],"up":[{"embeddable":true,"href":"https:\/\/retalhos.net\/mybag\/wp-json\/wp\/v2\/pages\/5467"}],"wp:featuredmedia":[{"embeddable":true,"href":"https:\/\/retalhos.net\/mybag\/wp-json\/wp\/v2\/media\/4429"}],"wp:attachment":[{"href":"https:\/\/retalhos.net\/mybag\/wp-json\/wp\/v2\/media?parent=4202"}],"curies":[{"name":"wp","href":"https:\/\/api.w.org\/{rel}","templated":true}]}}